{"id":2,"date":"2025-04-29T14:47:24","date_gmt":"2025-04-29T12:47:24","guid":{"rendered":"http:\/\/mort.imta.fr:4335\/concours-cdp\/?page_id=2"},"modified":"2025-10-06T10:17:20","modified_gmt":"2025-10-06T08:17:20","slug":"page-d-accueil","status":"publish","type":"page","link":"https:\/\/hub.imt-atlantique.fr\/concours-cdp\/","title":{"rendered":"Coup de Pouce"},"content":{"rendered":"\n<figure class=\"wp-block-image size-large\"><img loading=\"lazy\" decoding=\"async\" width=\"1024\" height=\"166\" src=\"https:\/\/hub.imt-atlantique.fr\/concours-cdp\/wp-content\/uploads\/2025\/10\/Capture-decran-2025-10-03-104202-1024x166.png\" alt=\"\" class=\"wp-image-140\" srcset=\"https:\/\/hub.imt-atlantique.fr\/concours-cdp\/wp-content\/uploads\/2025\/10\/Capture-decran-2025-10-03-104202-1024x166.png 1024w, https:\/\/hub.imt-atlantique.fr\/concours-cdp\/wp-content\/uploads\/2025\/10\/Capture-decran-2025-10-03-104202-300x49.png 300w, https:\/\/hub.imt-atlantique.fr\/concours-cdp\/wp-content\/uploads\/2025\/10\/Capture-decran-2025-10-03-104202-768x125.png 768w, https:\/\/hub.imt-atlantique.fr\/concours-cdp\/wp-content\/uploads\/2025\/10\/Capture-decran-2025-10-03-104202-1536x249.png 1536w, https:\/\/hub.imt-atlantique.fr\/concours-cdp\/wp-content\/uploads\/2025\/10\/Capture-decran-2025-10-03-104202.png 1872w\" sizes=\"auto, (max-width: 1024px) 100vw, 1024px\" \/><\/figure>\n\n\n\n<blockquote class=\"wp-block-quote is-layout-flow wp-block-quote-is-layout-flow\">\n<p>Le concours \u00e0 destination des startups et jeunes porteurs de projets prometteurs <\/p>\n<\/blockquote>\n\n\n\n<h3 class=\"wp-block-heading\">Qu&rsquo;est-ce que c&rsquo;est ?<\/h3>\n\n\n\n<p>Le concours Coup de Pouce s\u2019adresse aux cr\u00e9ateurs de start-up en phase de d\u00e9marrage. Il est organis\u00e9 par la fondation LEROCH en partenariat avec l&rsquo;incubateur IMT Atlantique pour identifier et d\u00e9tecter les jeunes cr\u00e9ateurs d\u2019entreprises.<\/p>\n\n\n\n<p>L&rsquo;incubateur IMT Atlantique organise deux \u00e9ditions chaque ann\u00e9e : Le concours Coup de Pouce Pays de la Loire et le concours Coup de Pouce Bretagne.  Chaque finale du concours Coup de Pouce se d\u00e9roule en respect du m\u00eame dispositif cadre.<\/p>\n\n\n\n<p>Les laur\u00e9ats se partageront <strong>une dotation de 40 000 euros<\/strong> pour financer le d\u00e9veloppement de leurs projets. <\/p>\n\n\n\n<h3 class=\"wp-block-heading\">Comment participer ?<\/h3>\n\n\n\n<p>Les jeunes cr\u00e9ateurs d\u2019entreprises remplissent directement le formulaire de participation r\u00e9gional accessible sur la page d\u00e9di\u00e9e du site auquel doit \u00eatre joint un Executive Summary. <\/p>\n\n\n\n<ul class=\"wp-block-list\">\n<li>Le concours est \u00e9ligible aux projets innovants en cours de cr\u00e9ation, ainsi qu&rsquo;aux soci\u00e9t\u00e9 cr\u00e9\u00e9\u00e9s depuis moins de 2 ans.<\/li>\n\n\n\n<li>Les projets\/ soci\u00e9t\u00e9s doivent etre issus du territoire correspondant au concours<\/li>\n\n\n\n<li>Un projet ne peut candidater qu&rsquo;\u00e0 une seule \u00e9dition du concours<\/li>\n\n\n\n<li>Les candidats du concours doivent \u00e9galement accepter le r\u00e8glement int\u00e9gral du concours.<\/li>\n<\/ul>\n\n\n\n<h3 class=\"wp-block-heading\">Pr\u00e9-s\u00e9lection et finale <\/h3>\n\n\n\n<p>En concertation avec les \u00e9quipes de l&rsquo;incubateur IMT Atlantique, huit candidats sont s\u00e9lectionn\u00e9s pour participer \u00e0 la finale de chaque \u00e9dition. Les candidats finalistes seront auditionn\u00e9s par un jury compos\u00e9 d\u2019experts selon le format suivant : 4 minutes de pitch, 10 minutes de questions\/r\u00e9ponses. Lors de ces sessions, les candidats pourront utiliser leur propre support de pr\u00e9sentation.<\/p>\n\n\n\n<h2 class=\"wp-block-heading\">Les crit\u00e8res d&rsquo;\u00e9valuation<\/h2>\n\n\n\n<p>En finale, les projets seront \u00e9valu\u00e9s selon une grille de notation (20 points) contenant 5 crit\u00e8res :<\/p>\n\n\n\n<ul class=\"wp-block-list\">\n<li>Clart\u00e9  \/coh\u00e9rence de la pr\u00e9sentation (5 points)<\/li>\n\n\n\n<li>Caract\u00e8re innovant du produit\/service (5 points)<\/li>\n\n\n\n<li>Business model (5 points)<\/li>\n\n\n\n<li>Potentiel de d\u00e9veloppement (5 points)<\/li>\n<\/ul>\n\n\n\n<h2 class=\"wp-block-heading\">Dotation et remise de prix<\/h2>\n\n\n\n<p>Lors de la finale, le jury \u00e9tablira un classement des trois meilleurs projets et leur remettra alors les dotations suivantes :<\/p>\n\n\n\n<ul class=\"wp-block-list\">\n<li>10 000 \u20ac pour le premier laur\u00e9at<\/li>\n\n\n\n<li>6 000 \u20ac pour le second laur\u00e9at<\/li>\n\n\n\n<li>4 000 \u20ac pour le troisi\u00e8me laur\u00e9at<\/li>\n<\/ul>\n\n\n\n<div class=\"wp-block-columns is-layout-flex wp-container-core-columns-is-layout-9d6595d7 wp-block-columns-is-layout-flex\">\n<div class=\"wp-block-column is-layout-flow wp-block-column-is-layout-flow\">\n<h3 class=\"wp-block-heading has-text-align-center\"><a href=\"https:\/\/hub.imt-atlantique.fr\/concours-cdp\/?page_id=13\" data-type=\"link\" data-id=\"https:\/\/hub.imt-atlantique.fr\/concours-cdp\/wp-admin\/post.php?post=13&amp;action=edit\">Concours Coup de Pouce Nantes<\/a><\/h3>\n\n\n<div class=\"wp-block-image\">\n<figure class=\"aligncenter size-full\"><a href=\"https:\/\/hub.imt-atlantique.fr\/concours-cdp\/wp-admin\/post.php?post=13&amp;action=edit\"><img loading=\"lazy\" decoding=\"async\" width=\"1292\" height=\"734\" src=\"https:\/\/hub.imt-atlantique.fr\/concours-cdp\/wp-content\/uploads\/2025\/09\/Capture-decran-2025-09-04-103552.png\" alt=\"\" class=\"wp-image-92\" srcset=\"https:\/\/hub.imt-atlantique.fr\/concours-cdp\/wp-content\/uploads\/2025\/09\/Capture-decran-2025-09-04-103552.png 1292w, https:\/\/hub.imt-atlantique.fr\/concours-cdp\/wp-content\/uploads\/2025\/09\/Capture-decran-2025-09-04-103552-300x170.png 300w, https:\/\/hub.imt-atlantique.fr\/concours-cdp\/wp-content\/uploads\/2025\/09\/Capture-decran-2025-09-04-103552-1024x582.png 1024w, https:\/\/hub.imt-atlantique.fr\/concours-cdp\/wp-content\/uploads\/2025\/09\/Capture-decran-2025-09-04-103552-768x436.png 768w\" sizes=\"auto, (max-width: 1292px) 100vw, 1292px\" \/><\/a><\/figure>\n<\/div>\n\n\n<ul class=\"wp-block-list\">\n<li>Ouverture du concours : <strong>6 octobre 2025<\/strong><\/li>\n\n\n\n<li>Cl\u00f4ture des inscriptions : <strong>5 novembre 2025<\/strong><\/li>\n\n\n\n<li>Pr\u00e9selection : <strong>7 novembre 2025<\/strong><\/li>\n\n\n\n<li>Pitch des finalistes : <strong>20 novembre 2025<\/strong><\/li>\n<\/ul>\n\n\n\n<p class=\"has-text-align-center\"><a href=\"https:\/\/hub.imt-atlantique.fr\/concours-cdp\/?page_id=13\" data-type=\"page\" data-id=\"13\">Je candidate au concours Coup de Pouce Nantes !<\/a><\/p>\n<\/div>\n\n\n\n<div class=\"wp-block-column is-layout-flow wp-block-column-is-layout-flow\"><\/div>\n\n\n\n<div class=\"wp-block-column is-layout-flow wp-block-column-is-layout-flow\">\n<h3 class=\"wp-block-heading has-text-align-center\"><a href=\"https:\/\/hub.imt-atlantique.fr\/concours-cdp\/?page_id=65\">Concours Coup de Pouce Bretagne<\/a><\/h3>\n\n\n<div class=\"wp-block-image\">\n<figure class=\"aligncenter size-full\"><a href=\"https:\/\/hub.imt-atlantique.fr\/concours-cdp\/?attachment_id=93\"><img loading=\"lazy\" decoding=\"async\" width=\"595\" height=\"335\" src=\"https:\/\/hub.imt-atlantique.fr\/concours-cdp\/wp-content\/uploads\/2025\/09\/Capture-decran-2025-09-04-103705.png\" alt=\"\" class=\"wp-image-93\" srcset=\"https:\/\/hub.imt-atlantique.fr\/concours-cdp\/wp-content\/uploads\/2025\/09\/Capture-decran-2025-09-04-103705.png 595w, https:\/\/hub.imt-atlantique.fr\/concours-cdp\/wp-content\/uploads\/2025\/09\/Capture-decran-2025-09-04-103705-300x169.png 300w\" sizes=\"auto, (max-width: 595px) 100vw, 595px\" \/><\/a><\/figure>\n<\/div>\n\n\n<ul class=\"wp-block-list\">\n<li>Ouverture du concours : <strong>13 octobre 2025<\/strong><\/li>\n\n\n\n<li>Cl\u00f4ture des inscriptions : <strong>18 novembre 2025<\/strong><\/li>\n\n\n\n<li>Pr\u00e9selection : <strong>21 novembre 2025<\/strong><\/li>\n\n\n\n<li>Pitch des finalistes : <strong>4 d\u00e9cembre 2025<\/strong><\/li>\n<\/ul>\n\n\n\n<p class=\"has-text-align-center\"><a href=\"https:\/\/hub.imt-atlantique.fr\/concours-cdp\/?page_id=65\" data-type=\"page\" data-id=\"65\">Je candidate au concours Coup de Pouce Bretagne !<\/a><\/p>\n<\/div>\n<\/div>\n\n\n\n<h2 class=\"wp-block-heading\">Contact <\/h2>\n\n\n\n<p><a href=\"mailto:concours-coupdepouce@imt-atlantique.fr\">concours-coupdepouce@imt-atlantique.fr<\/a><\/p>\n","protected":false},"excerpt":{"rendered":"<p>Le concours \u00e0 destination des startups et jeunes porteurs de projets prometteurs Qu&rsquo;est-ce que c&rsquo;est ? Le concours Coup de Pouce s\u2019adresse aux cr\u00e9ateurs de start-up en phase de d\u00e9marrage. Il est organis\u00e9 par la fondation LEROCH en partenariat avec l&rsquo;incubateur IMT Atlantique pour identifier et d\u00e9tecter les jeunes cr\u00e9ateurs d\u2019entreprises. L&rsquo;incubateur IMT Atlantique organise&hellip;&nbsp;<a href=\"https:\/\/hub.imt-atlantique.fr\/concours-cdp\/\" rel=\"bookmark\"><span class=\"screen-reader-text\">Coup de Pouce<\/span><\/a><\/p>\n","protected":false},"author":1,"featured_media":0,"parent":0,"menu_order":0,"comment_status":"closed","ping_status":"closed","template":"","meta":{"neve_meta_sidebar":"","neve_meta_container":"","neve_meta_enable_content_width":"","neve_meta_content_width":0,"neve_meta_title_alignment":"","neve_meta_author_avatar":"","neve_post_elements_order":"","neve_meta_disable_header":"","neve_meta_disable_footer":"","neve_meta_disable_title":"","footnotes":""},"class_list":["post-2","page","type-page","status-publish","hentry"],"_links":{"self":[{"href":"https:\/\/hub.imt-atlantique.fr\/concours-cdp\/index.php?rest_route=\/wp\/v2\/pages\/2","targetHints":{"allow":["GET"]}}],"collection":[{"href":"https:\/\/hub.imt-atlantique.fr\/concours-cdp\/index.php?rest_route=\/wp\/v2\/pages"}],"about":[{"href":"https:\/\/hub.imt-atlantique.fr\/concours-cdp\/index.php?rest_route=\/wp\/v2\/types\/page"}],"author":[{"embeddable":true,"href":"https:\/\/hub.imt-atlantique.fr\/concours-cdp\/index.php?rest_route=\/wp\/v2\/users\/1"}],"replies":[{"embeddable":true,"href":"https:\/\/hub.imt-atlantique.fr\/concours-cdp\/index.php?rest_route=%2Fwp%2Fv2%2Fcomments&post=2"}],"version-history":[{"count":21,"href":"https:\/\/hub.imt-atlantique.fr\/concours-cdp\/index.php?rest_route=\/wp\/v2\/pages\/2\/revisions"}],"predecessor-version":[{"id":154,"href":"https:\/\/hub.imt-atlantique.fr\/concours-cdp\/index.php?rest_route=\/wp\/v2\/pages\/2\/revisions\/154"}],"wp:attachment":[{"href":"https:\/\/hub.imt-atlantique.fr\/concours-cdp\/index.php?rest_route=%2Fwp%2Fv2%2Fmedia&parent=2"}],"curies":[{"name":"wp","href":"https:\/\/api.w.org\/{rel}","templated":true}]}}