{"id":65,"date":"2025-09-17T09:30:40","date_gmt":"2025-09-17T07:30:40","guid":{"rendered":"https:\/\/hub.imt-atlantique.fr\/concours-cdp\/?page_id=65"},"modified":"2025-10-06T10:24:48","modified_gmt":"2025-10-06T08:24:48","slug":"coup-de-pouce-bretagne","status":"publish","type":"page","link":"https:\/\/hub.imt-atlantique.fr\/concours-cdp\/?page_id=65","title":{"rendered":"Coup de Pouce Bretagne"},"content":{"rendered":"\n<figure class=\"wp-block-image size-large\"><img loading=\"lazy\" decoding=\"async\" width=\"1024\" height=\"165\" src=\"https:\/\/hub.imt-atlantique.fr\/concours-cdp\/wp-content\/uploads\/2025\/09\/Capture-decran-2025-09-26-161240-1024x165.png\" alt=\"\" class=\"wp-image-115\" srcset=\"https:\/\/hub.imt-atlantique.fr\/concours-cdp\/wp-content\/uploads\/2025\/09\/Capture-decran-2025-09-26-161240-1024x165.png 1024w, https:\/\/hub.imt-atlantique.fr\/concours-cdp\/wp-content\/uploads\/2025\/09\/Capture-decran-2025-09-26-161240-300x48.png 300w, https:\/\/hub.imt-atlantique.fr\/concours-cdp\/wp-content\/uploads\/2025\/09\/Capture-decran-2025-09-26-161240-768x124.png 768w, https:\/\/hub.imt-atlantique.fr\/concours-cdp\/wp-content\/uploads\/2025\/09\/Capture-decran-2025-09-26-161240-1536x248.png 1536w, https:\/\/hub.imt-atlantique.fr\/concours-cdp\/wp-content\/uploads\/2025\/09\/Capture-decran-2025-09-26-161240.png 1867w\" sizes=\"auto, (max-width: 1024px) 100vw, 1024px\" \/><\/figure>\n\n\n\n<h2 class=\"wp-block-heading\">Comment participer ?<\/h2>\n\n\n\n<p>Le concours est ouvert aux jeunes cr\u00e9ateurs d&rsquo;entreprises ainsi qu&rsquo;aux soci\u00e9t\u00e9 nouvellement cr\u00e9\u00e9es. Pour participer, les projets doivent valider les crit\u00e8res suivants pour etre \u00e9ligibles : <\/p>\n\n\n\n<ul class=\"wp-block-list\">\n<li>Les projets sont bas\u00e9s en Bretagne ou d\u00e9sireux de s&rsquo;installer en Bretagne<\/li>\n\n\n\n<li>Les projets pr\u00e9sent\u00e9s sont innovants et technologiques<\/li>\n\n\n\n<li>L&rsquo;entreprise est en cours de cr\u00e9ation ou est cr\u00e9\u00e9e depuis de moins de 2 ans<\/li>\n<\/ul>\n\n\n\n<h2 class=\"wp-block-heading\">Crit\u00e8res d&rsquo;\u00e9valuation<\/h2>\n\n\n\n<p>En finale, les projets seront \u00e9valu\u00e9s selon une grille de notation (20 points) contenant 5 crit\u00e8res :<\/p>\n\n\n\n<ul class=\"wp-block-list\">\n<li>Clart\u00e9  \/coh\u00e9rence de la pr\u00e9sentation (5 points)<\/li>\n\n\n\n<li>Caract\u00e8re innovant du produit\/service (5 points)<\/li>\n\n\n\n<li>Business model (5 points)<\/li>\n\n\n\n<li>Potentiel de d\u00e9veloppement (5 points)<\/li>\n<\/ul>\n\n\n\n<h2 class=\"wp-block-heading\">Dotation<\/h2>\n\n\n\n<p>3 troph\u00e9es seront attribu\u00e9s pour les laur\u00e9ats avec un financement global de 20 000 \u20ac \u00e0 la cl\u00e9 !<\/p>\n\n\n\n<ul class=\"wp-block-list\">\n<li>1er Laur\u00e9at : 10 000 \u20ac<\/li>\n\n\n\n<li>2eme Laur\u00e9at : 6 000 \u20ac <\/li>\n\n\n\n<li>3eme Laur\u00e9at : 4 000 \u20ac<\/li>\n<\/ul>\n\n\n\n<h4 class=\"wp-block-heading has-text-align-left\"><a href=\"https:\/\/hub.imt-atlantique.fr\/concours-cdp\/?page_id=68\">D\u00e9couvrez les laur\u00e9ats de l&rsquo;\u00e9dition 2024 !<\/a><\/h4>\n\n\n\n<h2 class=\"wp-block-heading\">Calendrier 2025<\/h2>\n\n\n\n<ul class=\"wp-block-list\">\n<li>Ouverture du concours : <strong>13 octobre 2025<\/strong><\/li>\n\n\n\n<li>Cl\u00f4ture des inscriptions : <strong>18 novembre 2025<\/strong><\/li>\n\n\n\n<li>Pr\u00e9selection : <strong>21 novembre 2025<\/strong><\/li>\n\n\n\n<li>Pitch des finalistes : <strong>4 d\u00e9cembre 2025<\/strong><\/li>\n<\/ul>\n\n\n\n<p>La remise des prix aura lieu au sein de l&rsquo;incubateur IMT Atlantique &#8211; Campus de Brest <strong><strong>Technop\u00f4le Brest-Iroise CS 83818&nbsp;29238 Brest Cedex 3<\/strong><\/strong><\/p>\n\n\n\n<h4 class=\"wp-block-heading has-text-align-center\">Je t\u00e9l\u00e9charge le <a href=\"https:\/\/partage.imt.fr\/index.php\/s\/PdnbwDMLm4zZEoZ\" data-type=\"link\" data-id=\"https:\/\/partage.imt.fr\/index.php\/s\/PdnbwDMLm4zZEoZ\">r\u00e8glement complet<\/a> du concours Coup de Pouce<\/h4>\n\n\n\n<h4 class=\"wp-block-heading has-text-align-center\"><a href=\"https:\/\/framaforms.org\/candidature-concours-coup-de-pouce-bretagne-2025-1604403581\">Je participe au concours Coup de Pouce Bretagne !<\/a><\/h4>\n\n\n\n<p><\/p>\n","protected":false},"excerpt":{"rendered":"<p>Comment participer ? Le concours est ouvert aux jeunes cr\u00e9ateurs d&rsquo;entreprises ainsi qu&rsquo;aux soci\u00e9t\u00e9 nouvellement cr\u00e9\u00e9es. Pour participer, les projets doivent valider les crit\u00e8res suivants pour etre \u00e9ligibles : Crit\u00e8res d&rsquo;\u00e9valuation En finale, les projets seront \u00e9valu\u00e9s selon une grille de notation (20 points) contenant 5 crit\u00e8res : Dotation 3 troph\u00e9es seront attribu\u00e9s pour les&hellip;&nbsp;<a href=\"https:\/\/hub.imt-atlantique.fr\/concours-cdp\/?page_id=65\" rel=\"bookmark\"><span class=\"screen-reader-text\">Coup de Pouce Bretagne<\/span><\/a><\/p>\n","protected":false},"author":1,"featured_media":0,"parent":2,"menu_order":0,"comment_status":"closed","ping_status":"closed","template":"","meta":{"neve_meta_sidebar":"","neve_meta_container":"","neve_meta_enable_content_width":"","neve_meta_content_width":0,"neve_meta_title_alignment":"","neve_meta_author_avatar":"","neve_post_elements_order":"","neve_meta_disable_header":"","neve_meta_disable_footer":"","neve_meta_disable_title":"","footnotes":""},"class_list":["post-65","page","type-page","status-publish","hentry"],"_links":{"self":[{"href":"https:\/\/hub.imt-atlantique.fr\/concours-cdp\/index.php?rest_route=\/wp\/v2\/pages\/65","targetHints":{"allow":["GET"]}}],"collection":[{"href":"https:\/\/hub.imt-atlantique.fr\/concours-cdp\/index.php?rest_route=\/wp\/v2\/pages"}],"about":[{"href":"https:\/\/hub.imt-atlantique.fr\/concours-cdp\/index.php?rest_route=\/wp\/v2\/types\/page"}],"author":[{"embeddable":true,"href":"https:\/\/hub.imt-atlantique.fr\/concours-cdp\/index.php?rest_route=\/wp\/v2\/users\/1"}],"replies":[{"embeddable":true,"href":"https:\/\/hub.imt-atlantique.fr\/concours-cdp\/index.php?rest_route=%2Fwp%2Fv2%2Fcomments&post=65"}],"version-history":[{"count":13,"href":"https:\/\/hub.imt-atlantique.fr\/concours-cdp\/index.php?rest_route=\/wp\/v2\/pages\/65\/revisions"}],"predecessor-version":[{"id":159,"href":"https:\/\/hub.imt-atlantique.fr\/concours-cdp\/index.php?rest_route=\/wp\/v2\/pages\/65\/revisions\/159"}],"up":[{"embeddable":true,"href":"https:\/\/hub.imt-atlantique.fr\/concours-cdp\/index.php?rest_route=\/wp\/v2\/pages\/2"}],"wp:attachment":[{"href":"https:\/\/hub.imt-atlantique.fr\/concours-cdp\/index.php?rest_route=%2Fwp%2Fv2%2Fmedia&parent=65"}],"curies":[{"name":"wp","href":"https:\/\/api.w.org\/{rel}","templated":true}]}}