{"id":68,"date":"2025-09-17T09:30:58","date_gmt":"2025-09-17T07:30:58","guid":{"rendered":"https:\/\/hub.imt-atlantique.fr\/concours-cdp\/?page_id=68"},"modified":"2025-10-06T09:29:50","modified_gmt":"2025-10-06T07:29:50","slug":"laureats-coup-de-pouce-bretagne-2024","status":"publish","type":"page","link":"https:\/\/hub.imt-atlantique.fr\/concours-cdp\/?page_id=68","title":{"rendered":"Laur\u00e9ats Coup de Pouce Bretagne 2024"},"content":{"rendered":"\n<figure class=\"wp-block-image size-large\"><img loading=\"lazy\" decoding=\"async\" width=\"1024\" height=\"167\" src=\"https:\/\/hub.imt-atlantique.fr\/concours-cdp\/wp-content\/uploads\/2025\/09\/Capture-decran-2025-09-10-150232-1024x167.png\" alt=\"\" class=\"wp-image-107\" srcset=\"https:\/\/hub.imt-atlantique.fr\/concours-cdp\/wp-content\/uploads\/2025\/09\/Capture-decran-2025-09-10-150232-1024x167.png 1024w, https:\/\/hub.imt-atlantique.fr\/concours-cdp\/wp-content\/uploads\/2025\/09\/Capture-decran-2025-09-10-150232-300x49.png 300w, https:\/\/hub.imt-atlantique.fr\/concours-cdp\/wp-content\/uploads\/2025\/09\/Capture-decran-2025-09-10-150232-768x125.png 768w, https:\/\/hub.imt-atlantique.fr\/concours-cdp\/wp-content\/uploads\/2025\/09\/Capture-decran-2025-09-10-150232-1536x250.png 1536w, https:\/\/hub.imt-atlantique.fr\/concours-cdp\/wp-content\/uploads\/2025\/09\/Capture-decran-2025-09-10-150232.png 1877w\" sizes=\"auto, (max-width: 1024px) 100vw, 1024px\" \/><\/figure>\n\n\n\n<h2 class=\"wp-block-heading\">1er prix &#8211; dotation de 10 000\u20ac Gwendoline Hernot avec UNDA<\/h2>\n\n\n\n<p><strong>UNDA<\/strong>, un navire autonome et sans pilote qui gr\u00e2ce aux mouvements des vagues, fabrique de<br>l\u2019\u00e9nergie renouvelable pour les territoires insulaires isol\u00e9s.<\/p>\n\n\n\n<p>Ing\u00e9nieure m\u00e9canique avant de reprendre des \u00e9tudes en hydrog\u00e9ologie, Gwendoline Hernot s\u2019int\u00e9resse aux sujets de transition \u00e9cologique depuis longtemps, en particulier ceux tourn\u00e9s vers la mer et les probl\u00e9matiques des \u00eeles. Parmi les 13 territoires insulaires fran\u00e7ais, 11 ont le statut de \u00ab ZNI \u00bb : Zones Non Interconnect\u00e9es, donc non rattach\u00e9es au r\u00e9seau \u00e9lectrique du continent. Pour s\u2019approvisionner en \u00e9nergie, ces \u00eeles sont alors tr\u00e8s d\u00e9pendantes des \u00e9nergies fossiles, notamment des centrales thermiques souvent tr\u00e8s anciennes. La population insulaire quant \u00e0 elle, fait face \u00e0 des co\u00fbts d\u2019\u00e9lectricit\u00e9 jusqu\u2019\u00e0 deux fois plus \u00e9lev\u00e9s que ceux du continent (en moyenne, les co\u00fbts d\u2019\u00e9lectricit\u00e9 sur les \u00eeles sont de 326\u20ac\/MWh contre 173\u20ac\/MWh sur le continent).<\/p>\n\n\n\n<p><br>La technologie d\u00e9velopp\u00e9e par Gwendoline Hernot est innovante et permet d\u2019accompagner la transition \u00e9cologique de ces communaut\u00e9s insulaires, qui ont d\u2019ailleurs de fortes attentes en mati\u00e8re d\u2019\u00e9cologie. Dirig\u00e9 depuis un centre de contr\u00f4le, un navire autonome et sans pilote r\u00e9cup\u00e8re l\u2019\u00e9nergie des vagues et lorsque les batteries sont pleines, il retourne au port pour la distribuer dans le r\u00e9seau. Premi\u00e8re laur\u00e9ate du Concours \u00ab Coup de Pouce \u00bb Bretagne, Gwendoline Hernot, incub\u00e9e \u00e0 IMT Atlantique compte utiliser la dotation de la Fondation Le Roch-Les Mousquetaires pour cr\u00e9er le d\u00e9monstrateur, avec une mise \u00e0 l\u2019eau pr\u00e9vue en mars 2025. Les premi\u00e8res implantations sont envisag\u00e9es dans les \u00eeles d\u2019Ouessant, Mol\u00e8ne et Sein.<\/p>\n\n\n\n<p><br>Site internet : <a href=\"https:\/\/undaenergie.com\/\">https:\/\/undaenergie.com\/<\/a> <\/p>\n\n\n\n<figure class=\"wp-block-image size-full is-resized\"><img loading=\"lazy\" decoding=\"async\" width=\"568\" height=\"380\" src=\"https:\/\/hub.imt-atlantique.fr\/concours-cdp\/wp-content\/uploads\/2025\/09\/Capture-decran-2025-09-01-121152.png\" alt=\"\" class=\"wp-image-87\" style=\"width:635px;height:auto\" srcset=\"https:\/\/hub.imt-atlantique.fr\/concours-cdp\/wp-content\/uploads\/2025\/09\/Capture-decran-2025-09-01-121152.png 568w, https:\/\/hub.imt-atlantique.fr\/concours-cdp\/wp-content\/uploads\/2025\/09\/Capture-decran-2025-09-01-121152-300x201.png 300w\" sizes=\"auto, (max-width: 568px) 100vw, 568px\" \/><\/figure>\n\n\n\n<h2 class=\"wp-block-heading\">2\u00e8me prix &#8211; dotation de 6 000\u20ac Hugo Kerbrat avec GW\u00cbMON<\/h2>\n\n\n\n<p><strong>GW\u00cbMON<\/strong>, une marque de d\u00e9coration enti\u00e8rement fabriqu\u00e9e \u00e0 partir d\u2019algues, une alternative unique<br>et \u00e9co-responsable pour remplacer les mat\u00e9riaux nocifs dans le design et l\u2019agencement<\/p>\n\n\n\n<p><br>Alors qu\u2019il devait, dans le cadre de ses \u00e9tudes, designer un objet, Hugo Kerbrat s\u2019est tout de suite int\u00e9ress\u00e9 aux \u00e9comat\u00e9riaux et a commenc\u00e9 \u00e0 chercher des mati\u00e8res premi\u00e8res renouvelables mais aussi locales. Apr\u00e8s 6 mois de recherche dans le garage de ses parents, il cr\u00e9e Gw\u00ebmon, un mat\u00e9riau agglom\u00e9r\u00e9 en algues, sans aucune colle synth\u00e9tique et fabriqu\u00e9 \u00e0 partir d\u2019un proc\u00e9d\u00e9 low-tech. Par ailleurs, la mati\u00e8re premi\u00e8re provient de producteurs locaux du Finist\u00e8re afin de favoriser un circuit court.<\/p>\n\n\n\n<p><br>Actuellement, il fabrique des objets de d\u00e9coration : arts de la table, dessous de verre et pr\u00e9sentoirs. Devant l\u2019int\u00e9r\u00eat et l\u2019enthousiasme suscit\u00e9 par ses cr\u00e9ations, Hugo Kerbrat s\u2019est rendu compte du potentiel de ce march\u00e9. Dans le futur, il souhaite d\u00e9velopper aussi des produits d\u2019agencement et des panneaux de plus grande taille \u00e0 destination des professionnels.<\/p>\n\n\n\n<p>Second laur\u00e9at du Concours \u00ab Coup de Pouce \u00bb Bretagne et incub\u00e9 \u00e0 Enstartup, l\u2019incubateur de l\u2019Ensta Bretagne, la dotation de la Fondation Le Roch-Les Mousquetaires lui servira \u00e0 acheter du mat\u00e9riel pour augmenter la capacit\u00e9 de production, \u00e0 d\u00e9velopper la R&amp;D pour am\u00e9liorer le mat\u00e9riau ainsi qu\u2019\u00e0 lancer la communication et le marketing. <\/p>\n\n\n\n<p>Site internet : <a href=\"https:\/\/gwemon.com\/?srsltid=AfmBOopeTuvMKzuyIJw_iwbvAjefPPi0YniH1Ixm_a5KOLiQ5NtYD7_d\">www.gwemon.com<\/a><\/p>\n\n\n\n<figure class=\"wp-block-image size-full is-resized\"><img loading=\"lazy\" decoding=\"async\" width=\"709\" height=\"333\" src=\"https:\/\/hub.imt-atlantique.fr\/concours-cdp\/wp-content\/uploads\/2025\/09\/Capture-decran-2025-09-01-121137.png\" alt=\"\" class=\"wp-image-85\" style=\"width:980px;height:auto\" srcset=\"https:\/\/hub.imt-atlantique.fr\/concours-cdp\/wp-content\/uploads\/2025\/09\/Capture-decran-2025-09-01-121137.png 709w, https:\/\/hub.imt-atlantique.fr\/concours-cdp\/wp-content\/uploads\/2025\/09\/Capture-decran-2025-09-01-121137-300x141.png 300w\" sizes=\"auto, (max-width: 709px) 100vw, 709px\" \/><\/figure>\n\n\n\n<h2 class=\"wp-block-heading\">3\u00e8me prix &#8211; dotation de 4 000\u20ac Th\u00e9ophile Bou\u00e9 et Yannick Le Provost avec UBOE, <\/h2>\n\n\n\n<p><strong>UBOE<\/strong>, une imprimante 3D pour fabriquer des circuits \u00e9lectroniques, dans une logique de r\u00e9industrialisation par l&rsquo;innovation et de r\u00e9duction du bilan carbone.<\/p>\n\n\n\n<p>Les cartes \u00e9lectroniques sont majoritairement fabriqu\u00e9es hors d\u2019Europe, \u00e0 partir d&rsquo;un compos\u00e9 \u00e9poxy et fibre de verre qui est une mati\u00e8re nocive pour la plan\u00e8te, dans sa fabrication et sa destruction. La production de circuits, bas\u00e9e sur de nombreux traitements chimiques, a aussi un impact carbone tr\u00e8s \u00e9lev\u00e9. Gr\u00e2ce \u00e0 un processus innovant et \u00e0 l&rsquo;utilisation de mati\u00e8res premi\u00e8res plus respectueuses de l\u2019environnement (en l\u2019occurrence des polym\u00e8res biosourc\u00e9s, recycl\u00e9s et recyclables), Th\u00e9ophile Bou\u00e9 et son associ\u00e9 Yannick Le Provost mettent en place une nouvelle fa\u00e7on de fabriquer les cartes \u00e9lectroniques, plus \u00e9cologique et responsable. <\/p>\n\n\n\n<p><br>UBOE fabrique ses propres machines et d\u00e9veloppe une technologie innovante de fabrication hybride, visant notamment \u00e0 simplifier l\u2019int\u00e9gration de circuits \u00e9lectroniques dans des pi\u00e8ces m\u00e9caniques. UBOE se positionne comme un nouveau sous-traitant de la fili\u00e8re \u00e9lectronique et m\u00e9catronique. Par exemple, lorsqu&rsquo;un bureau d&rsquo;\u00e9tude ou un industriel d\u00e9veloppe un nouveau produit (IoT, robot, drone, etc), UBOE va pouvoir les aider dans la conception et la mise en production sur leurs machines, facilitant le sur-mesure et la personnalisation avanc\u00e9e. Et tout le processus se passe en France, en Bretagne, avec un impact carbone moindre.<br>Troisi\u00e8mes laur\u00e9ats, Th\u00e9ophile Bou\u00e9 et Yannick Le Provost utiliseront la dotation du Concours \u00ab Coup de Pouce \u00bb de la Fondation Le Roch-Les Mousquetaires pour continuer leur R&amp;D et financer des instruments de test.<\/p>\n\n\n\n<p><br>Site internet : www.print-hive.com<\/p>\n\n\n\n<div class=\"wp-block-columns is-layout-flex wp-container-core-columns-is-layout-9d6595d7 wp-block-columns-is-layout-flex\">\n<div class=\"wp-block-column is-layout-flow wp-block-column-is-layout-flow\">\n<figure class=\"wp-block-image size-full is-resized\"><img loading=\"lazy\" decoding=\"async\" width=\"537\" height=\"342\" src=\"https:\/\/hub.imt-atlantique.fr\/concours-cdp\/wp-content\/uploads\/2025\/09\/Capture-decran-2025-09-01-121125.png\" alt=\"\" class=\"wp-image-84\" style=\"width:792px;height:auto\" srcset=\"https:\/\/hub.imt-atlantique.fr\/concours-cdp\/wp-content\/uploads\/2025\/09\/Capture-decran-2025-09-01-121125.png 537w, https:\/\/hub.imt-atlantique.fr\/concours-cdp\/wp-content\/uploads\/2025\/09\/Capture-decran-2025-09-01-121125-300x191.png 300w\" sizes=\"auto, (max-width: 537px) 100vw, 537px\" \/><\/figure>\n<\/div>\n<\/div>\n\n\n\n<p><\/p>\n","protected":false},"excerpt":{"rendered":"<p>1er prix &#8211; dotation de 10 000\u20ac Gwendoline Hernot avec UNDA UNDA, un navire autonome et sans pilote qui gr\u00e2ce aux mouvements des vagues, fabrique del\u2019\u00e9nergie renouvelable pour les territoires insulaires isol\u00e9s. Ing\u00e9nieure m\u00e9canique avant de reprendre des \u00e9tudes en hydrog\u00e9ologie, Gwendoline Hernot s\u2019int\u00e9resse aux sujets de transition \u00e9cologique depuis longtemps, en particulier ceux tourn\u00e9s&hellip;&nbsp;<a href=\"https:\/\/hub.imt-atlantique.fr\/concours-cdp\/?page_id=68\" rel=\"bookmark\"><span class=\"screen-reader-text\">Laur\u00e9ats Coup de Pouce Bretagne 2024<\/span><\/a><\/p>\n","protected":false},"author":1,"featured_media":0,"parent":65,"menu_order":0,"comment_status":"closed","ping_status":"closed","template":"","meta":{"neve_meta_sidebar":"","neve_meta_container":"","neve_meta_enable_content_width":"","neve_meta_content_width":0,"neve_meta_title_alignment":"","neve_meta_author_avatar":"","neve_post_elements_order":"","neve_meta_disable_header":"","neve_meta_disable_footer":"","neve_meta_disable_title":"","footnotes":""},"class_list":["post-68","page","type-page","status-publish","hentry"],"_links":{"self":[{"href":"https:\/\/hub.imt-atlantique.fr\/concours-cdp\/index.php?rest_route=\/wp\/v2\/pages\/68","targetHints":{"allow":["GET"]}}],"collection":[{"href":"https:\/\/hub.imt-atlantique.fr\/concours-cdp\/index.php?rest_route=\/wp\/v2\/pages"}],"about":[{"href":"https:\/\/hub.imt-atlantique.fr\/concours-cdp\/index.php?rest_route=\/wp\/v2\/types\/page"}],"author":[{"embeddable":true,"href":"https:\/\/hub.imt-atlantique.fr\/concours-cdp\/index.php?rest_route=\/wp\/v2\/users\/1"}],"replies":[{"embeddable":true,"href":"https:\/\/hub.imt-atlantique.fr\/concours-cdp\/index.php?rest_route=%2Fwp%2Fv2%2Fcomments&post=68"}],"version-history":[{"count":8,"href":"https:\/\/hub.imt-atlantique.fr\/concours-cdp\/index.php?rest_route=\/wp\/v2\/pages\/68\/revisions"}],"predecessor-version":[{"id":137,"href":"https:\/\/hub.imt-atlantique.fr\/concours-cdp\/index.php?rest_route=\/wp\/v2\/pages\/68\/revisions\/137"}],"up":[{"embeddable":true,"href":"https:\/\/hub.imt-atlantique.fr\/concours-cdp\/index.php?rest_route=\/wp\/v2\/pages\/65"}],"wp:attachment":[{"href":"https:\/\/hub.imt-atlantique.fr\/concours-cdp\/index.php?rest_route=%2Fwp%2Fv2%2Fmedia&parent=68"}],"curies":[{"name":"wp","href":"https:\/\/api.w.org\/{rel}","templated":true}]}}