{"id":3185,"date":"2023-06-26T11:02:19","date_gmt":"2023-06-26T09:02:19","guid":{"rendered":"http:\/\/localhost\/site_cybaile\/?page_id=3185"},"modified":"2023-08-22T13:48:56","modified_gmt":"2023-08-22T11:48:56","slug":"mentions-legales","status":"publish","type":"page","link":"https:\/\/hub.imt-atlantique.fr\/cybaile\/mentions-legales\/","title":{"rendered":"Mentions l\u00e9gales"},"content":{"rendered":"\t\t<div data-elementor-type=\"wp-page\" data-elementor-id=\"3185\" class=\"elementor elementor-3185\" data-elementor-post-type=\"page\">\n\t\t\t\t\t\t\t<div class=\"elementor-element elementor-element-0ad596c e-con-full e-flex e-con e-parent\" data-id=\"0ad596c\" data-element_type=\"container\" data-settings=\"{&quot;content_width&quot;:&quot;full&quot;}\" data-core-v316-plus=\"true\">\n\t\t<div class=\"elementor-element elementor-element-6b9c55b e-con-full e-flex e-con e-parent\" data-id=\"6b9c55b\" data-element_type=\"container\" data-settings=\"{&quot;content_width&quot;:&quot;full&quot;}\" data-core-v316-plus=\"true\">\n\t\t\t\t<div class=\"elementor-element elementor-element-c2cb623 elementor-widget elementor-widget-heading\" data-id=\"c2cb623\" data-element_type=\"widget\" data-widget_type=\"heading.default\">\n\t\t\t\t<div class=\"elementor-widget-container\">\n\t\t\t<style>\/*! elementor - v3.18.0 - 20-12-2023 *\/\n.elementor-heading-title{padding:0;margin:0;line-height:1}.elementor-widget-heading .elementor-heading-title[class*=elementor-size-]>a{color:inherit;font-size:inherit;line-height:inherit}.elementor-widget-heading .elementor-heading-title.elementor-size-small{font-size:15px}.elementor-widget-heading .elementor-heading-title.elementor-size-medium{font-size:19px}.elementor-widget-heading .elementor-heading-title.elementor-size-large{font-size:29px}.elementor-widget-heading .elementor-heading-title.elementor-size-xl{font-size:39px}.elementor-widget-heading .elementor-heading-title.elementor-size-xxl{font-size:59px}<\/style><h2 class=\"elementor-heading-title elementor-size-default\"><b>Mentions l\u00e9gales<\/b><\/h2>\t\t<\/div>\n\t\t\t\t<\/div>\n\t\t\t\t<\/div>\n\t\t<div class=\"elementor-element elementor-element-430084f e-con-full e-flex e-con e-parent\" data-id=\"430084f\" data-element_type=\"container\" data-settings=\"{&quot;content_width&quot;:&quot;full&quot;}\" data-core-v316-plus=\"true\">\n\t\t\t\t<div class=\"elementor-element elementor-element-7549d5f elementor-widget__width-inherit elementor-widget-widescreen__width-inherit elementor-widget elementor-widget-heading\" data-id=\"7549d5f\" data-element_type=\"widget\" data-widget_type=\"heading.default\">\n\t\t\t\t<div class=\"elementor-widget-container\">\n\t\t\t<h2 class=\"elementor-heading-title elementor-size-default\">\u00c9diteur du site<\/h2>\t\t<\/div>\n\t\t\t\t<\/div>\n\t\t\t\t<div class=\"elementor-element elementor-element-3d96b5d elementor-widget__width-inherit elementor-widget-widescreen__width-inherit elementor-widget elementor-widget-text-editor\" data-id=\"3d96b5d\" data-element_type=\"widget\" data-widget_type=\"text-editor.default\">\n\t\t\t\t<div class=\"elementor-widget-container\">\n\t\t\t<style>\/*! elementor - v3.18.0 - 20-12-2023 *\/\n.elementor-widget-text-editor.elementor-drop-cap-view-stacked .elementor-drop-cap{background-color:#69727d;color:#fff}.elementor-widget-text-editor.elementor-drop-cap-view-framed .elementor-drop-cap{color:#69727d;border:3px solid;background-color:transparent}.elementor-widget-text-editor:not(.elementor-drop-cap-view-default) .elementor-drop-cap{margin-top:8px}.elementor-widget-text-editor:not(.elementor-drop-cap-view-default) .elementor-drop-cap-letter{width:1em;height:1em}.elementor-widget-text-editor .elementor-drop-cap{float:left;text-align:center;line-height:1;font-size:50px}.elementor-widget-text-editor .elementor-drop-cap-letter{display:inline-block}<\/style>\t\t\t\t<div>Institut national de la sant\u00e9 et de la recherche m\u00e9diale (Inserm),\n101 Rue de Tolbiac, 75654 , Paris CEDEX 13, France\nSIREN 180036048 \/ SIRET 18003604800015\nT\u00e9l. : +33 1 44 23 60\u00a000<\/div>\n<div>Site web : <strong><span style=\"color: #384aef;\"><a style=\"color: #384aef;\" href=\"https:\/\/www.inserm.fr\/\" target=\"_blank\" rel=\"noopener\">Inserm.fr<\/a><\/span><\/strong><\/div>\t\t\t\t\t\t<\/div>\n\t\t\t\t<\/div>\n\t\t\t\t<div class=\"elementor-element elementor-element-087f2d3 elementor-widget__width-inherit elementor-widget elementor-widget-heading\" data-id=\"087f2d3\" data-element_type=\"widget\" data-widget_type=\"heading.default\">\n\t\t\t\t<div class=\"elementor-widget-container\">\n\t\t\t<h2 class=\"elementor-heading-title elementor-size-default\">H\u00e9bergeur<\/h2>\t\t<\/div>\n\t\t\t\t<\/div>\n\t\t\t\t<div class=\"elementor-element elementor-element-a96036f elementor-widget__width-inherit elementor-widget elementor-widget-text-editor\" data-id=\"a96036f\" data-element_type=\"widget\" data-widget_type=\"text-editor.default\">\n\t\t\t\t<div class=\"elementor-widget-container\">\n\t\t\t\t\t\t\t<div><div>Atos SE<br \/>River Ouest, 80 quai Voltaire<br \/>95877 Bezons CEDEX, France<br \/>T\u00e9l. : +33 1 73 26 00\u00a000<\/div><\/div>\t\t\t\t\t\t<\/div>\n\t\t\t\t<\/div>\n\t\t\t\t<div class=\"elementor-element elementor-element-b573ccb elementor-widget elementor-widget-heading\" data-id=\"b573ccb\" data-element_type=\"widget\" data-widget_type=\"heading.default\">\n\t\t\t\t<div class=\"elementor-widget-container\">\n\t\t\t<h2 class=\"elementor-heading-title elementor-size-default\">Limitation de responsabilit\u00e9<\/h2>\t\t<\/div>\n\t\t\t\t<\/div>\n\t\t\t\t<div class=\"elementor-element elementor-element-17fedc1 elementor-widget__width-inherit elementor-widget elementor-widget-text-editor\" data-id=\"17fedc1\" data-element_type=\"widget\" data-widget_type=\"text-editor.default\">\n\t\t\t\t<div class=\"elementor-widget-container\">\n\t\t\t\t\t\t\t<div><div><div><p>L\u2019Inserm s\u2019efforce d\u2019assurer au mieux l\u2019exactitude et la mise \u00e0 jour des informations diffus\u00e9es au moment de leur mise en ligne sur le site. Cependant, nous ne garantissons pas l\u2019exactitude, la pr\u00e9cision ou l\u2019exhaustivit\u00e9 des informations mises \u00e0 disposition sur le site. Les informations pr\u00e9sentes sur le site sont non-contractuelles et peuvent \u00eatre modifi\u00e9es \u00e0 tout moment.<\/p><p>L\u2019Inserm ne saurait \u00eatre tenu responsable des probl\u00e8mes rencontr\u00e9s lors de l\u2019utilisation du site, qu\u2019ils soient li\u00e9s aux contenus ou aux fonctionnalit\u00e9s. L\u2019acc\u00e8s au site peut \u00eatre interrompu \u00e0 tout moment, sans pr\u00e9avis, notamment en cas de force majeure ou de maintenance.<\/p><\/div><\/div><\/div>\t\t\t\t\t\t<\/div>\n\t\t\t\t<\/div>\n\t\t\t\t<div class=\"elementor-element elementor-element-0b48b06 elementor-widget elementor-widget-heading\" data-id=\"0b48b06\" data-element_type=\"widget\" data-widget_type=\"heading.default\">\n\t\t\t\t<div class=\"elementor-widget-container\">\n\t\t\t<h2 class=\"elementor-heading-title elementor-size-default\">Propri\u00e9t\u00e9 intellectuelle<\/h2>\t\t<\/div>\n\t\t\t\t<\/div>\n\t\t\t\t<div class=\"elementor-element elementor-element-4324e03 elementor-widget__width-inherit elementor-widget elementor-widget-text-editor\" data-id=\"4324e03\" data-element_type=\"widget\" data-widget_type=\"text-editor.default\">\n\t\t\t\t<div class=\"elementor-widget-container\">\n\t\t\t\t\t\t\t<div><div><div><div><p>Les contenus du site (texte, vid\u00e9o, images, etc.) sont prot\u00e9g\u00e9s par la propri\u00e9t\u00e9 intellectuelle et sont la propri\u00e9t\u00e9 exclusive de l\u2019Inserm, \u00e0 l\u2019exception des contenus tiers qui restent la propri\u00e9t\u00e9 de leurs auteurs. Les marques et les logos pr\u00e9sents sur le site sont, sauf cas particulier, la propri\u00e9t\u00e9 de l\u2019Inserm. Sauf autorisation pr\u00e9alable et \u00e9crite, l\u2019internaute s\u2019interdit de les utiliser.<\/p><p>Le site est r\u00e9gi par la loi fran\u00e7aise. Les utilisateurs \u00e9trangers acceptent formellement l\u2019application de la loi fran\u00e7aise en visitant ce site et en utilisant tout ou partie des fonctionnalit\u00e9s du\u00a0site.<\/p><\/div><p>L\u2019Inserm ne saurait \u00eatre tenu responsable des probl\u00e8mes rencontr\u00e9s lors de l\u2019utilisation du site, qu\u2019ils soient li\u00e9s aux contenus ou aux fonctionnalit\u00e9s. L\u2019acc\u00e8s au site peut \u00eatre interrompu \u00e0 tout moment, sans pr\u00e9avis, notamment en cas de force majeure ou de maintenance.<\/p><\/div><\/div><\/div>\t\t\t\t\t\t<\/div>\n\t\t\t\t<\/div>\n\t\t\t\t<div class=\"elementor-element elementor-element-c83fab3 elementor-widget__width-inherit elementor-widget elementor-widget-heading\" data-id=\"c83fab3\" data-element_type=\"widget\" data-widget_type=\"heading.default\">\n\t\t\t\t<div class=\"elementor-widget-container\">\n\t\t\t<h2 class=\"elementor-heading-title elementor-size-default\">Droit de reproduction<\/h2>\t\t<\/div>\n\t\t\t\t<\/div>\n\t\t\t\t<div class=\"elementor-element elementor-element-8e82398 elementor-widget__width-inherit elementor-widget elementor-widget-text-editor\" data-id=\"8e82398\" data-element_type=\"widget\" data-widget_type=\"text-editor.default\">\n\t\t\t\t<div class=\"elementor-widget-container\">\n\t\t\t\t\t\t\t<div><div><div><div><div><p>L\u2019Inserm autorise les internautes \u00e0 reproduire le contenu du site, de fa\u00e7on totale ou partielle, \u00e0 titre de copie de sauvegarde, dans le cadre d\u2019un usage strictement personnel et\u00a0priv\u00e9.<\/p><p>L\u2019Inserm interdit de copier, traduire, reproduire, vendre, publier, exploiter et diffuser des contenus du site prot\u00e9g\u00e9s par le droit de la propri\u00e9t\u00e9 intellectuelle, sans autorisation pr\u00e9alable et \u00e9crite de l\u2019Inserm.<\/p><\/div><p>Le site est r\u00e9gi par la loi fran\u00e7aise. Les utilisateurs \u00e9trangers acceptent formellement l\u2019application de la loi fran\u00e7aise en visitant ce site et en utilisant tout ou partie des fonctionnalit\u00e9s du\u00a0site.<\/p><\/div><p>L\u2019Inserm ne saurait \u00eatre tenu responsable des probl\u00e8mes rencontr\u00e9s lors de l\u2019utilisation du site, qu\u2019ils soient li\u00e9s aux contenus ou aux fonctionnalit\u00e9s. L\u2019acc\u00e8s au site peut \u00eatre interrompu \u00e0 tout moment, sans pr\u00e9avis, notamment en cas de force majeure ou de maintenance.<\/p><\/div><\/div><\/div>\t\t\t\t\t\t<\/div>\n\t\t\t\t<\/div>\n\t\t\t\t<div class=\"elementor-element elementor-element-0e74583 elementor-widget__width-inherit elementor-widget elementor-widget-heading\" data-id=\"0e74583\" data-element_type=\"widget\" data-widget_type=\"heading.default\">\n\t\t\t\t<div class=\"elementor-widget-container\">\n\t\t\t<h2 class=\"elementor-heading-title elementor-size-default\">Liens hypertextes<\/h2>\t\t<\/div>\n\t\t\t\t<\/div>\n\t\t\t\t<div class=\"elementor-element elementor-element-145c31c elementor-widget__width-inherit elementor-widget elementor-widget-text-editor\" data-id=\"145c31c\" data-element_type=\"widget\" data-widget_type=\"text-editor.default\">\n\t\t\t\t<div class=\"elementor-widget-container\">\n\t\t\t\t\t\t\t<div>Le site contient des liens vers des sites externes. L\u2019Inserm ne dispose d\u2019aucun moyen pour contr\u00f4ler ces sites et n\u2019offre aucune garantie quant au respect par ces sites des lois et r\u00e8glements en vigueur.<\/div>\t\t\t\t\t\t<\/div>\n\t\t\t\t<\/div>\n\t\t\t\t<div class=\"elementor-element elementor-element-3692a6c elementor-widget__width-inherit elementor-widget elementor-widget-heading\" data-id=\"3692a6c\" data-element_type=\"widget\" data-widget_type=\"heading.default\">\n\t\t\t\t<div class=\"elementor-widget-container\">\n\t\t\t<h2 class=\"elementor-heading-title elementor-size-default\">Messages envoy\u00e9s via le site<\/h2>\t\t<\/div>\n\t\t\t\t<\/div>\n\t\t\t\t<div class=\"elementor-element elementor-element-87b93e6 elementor-widget__width-inherit elementor-widget elementor-widget-text-editor\" data-id=\"87b93e6\" data-element_type=\"widget\" data-widget_type=\"text-editor.default\">\n\t\t\t\t<div class=\"elementor-widget-container\">\n\t\t\t\t\t\t\t<div>Si vous \u00e9crivez \u00e0 l\u2019Inserm via un des mails disponible sur le site ou via un formulaire de contact, nous utilisons vos donn\u00e9es pour traiter votre demande.\u00a0<\/div>\t\t\t\t\t\t<\/div>\n\t\t\t\t<\/div>\n\t\t\t\t<\/div>\n\t\t\t\t<\/div>\n\t\t\t\t\t\t\t<\/div>\n\t\t","protected":false},"excerpt":{"rendered":"<p>Mentions l\u00e9gales \u00c9diteur du site Institut national de la sant\u00e9 et de la recherche m\u00e9diale (Inserm), 101 Rue de Tolbiac, 75654 , Paris CEDEX 13, France SIREN 180036048 \/ SIRET 18003604800015 T\u00e9l. : +33 1 44 23 60\u00a000 Site web : Inserm.fr H\u00e9bergeur Atos SERiver Ouest, 80 quai Voltaire95877 Bezons CEDEX, FranceT\u00e9l. : +33 1 [&hellip;]<\/p>\n","protected":false},"author":1,"featured_media":0,"parent":0,"menu_order":0,"comment_status":"closed","ping_status":"closed","template":"","meta":{"footnotes":""},"_links":{"self":[{"href":"https:\/\/hub.imt-atlantique.fr\/cybaile\/wp-json\/wp\/v2\/pages\/3185"}],"collection":[{"href":"https:\/\/hub.imt-atlantique.fr\/cybaile\/wp-json\/wp\/v2\/pages"}],"about":[{"href":"https:\/\/hub.imt-atlantique.fr\/cybaile\/wp-json\/wp\/v2\/types\/page"}],"author":[{"embeddable":true,"href":"https:\/\/hub.imt-atlantique.fr\/cybaile\/wp-json\/wp\/v2\/users\/1"}],"replies":[{"embeddable":true,"href":"https:\/\/hub.imt-atlantique.fr\/cybaile\/wp-json\/wp\/v2\/comments?post=3185"}],"version-history":[{"count":0,"href":"https:\/\/hub.imt-atlantique.fr\/cybaile\/wp-json\/wp\/v2\/pages\/3185\/revisions"}],"wp:attachment":[{"href":"https:\/\/hub.imt-atlantique.fr\/cybaile\/wp-json\/wp\/v2\/media?parent=3185"}],"curies":[{"name":"wp","href":"https:\/\/api.w.org\/{rel}","templated":true}]}}