{"id":2324,"date":"2025-10-21T04:36:07","date_gmt":"2025-10-21T02:36:07","guid":{"rendered":"https:\/\/hub.imt-atlantique.fr\/decart\/?page_id=2324"},"modified":"2024-02-05T15:01:39","modified_gmt":"2024-02-05T14:01:39","slug":"result-lt","status":"publish","type":"page","link":"https:\/\/hub.imt-atlantique.fr\/decart\/?page_id=2324&lang=lt","title":{"rendered":"Result LT"},"content":{"rendered":"\t\t<div data-elementor-type=\"wp-page\" data-elementor-id=\"2324\" class=\"elementor elementor-2324\" data-elementor-post-type=\"page\">\n\t\t\t\t\t\t<section class=\"has_eae_slider elementor-section elementor-top-section elementor-element elementor-element-233be06 elementor-section-boxed elementor-section-height-default elementor-section-height-default\" data-eae-slider=\"42611\" data-id=\"233be06\" data-element_type=\"section\">\n\t\t\t\t\t\t\t<div class=\"elementor-background-overlay\"><\/div>\n\t\t\t\t\t\t\t<div class=\"elementor-container elementor-column-gap-default\">\n\t\t\t\t\t<div class=\"has_eae_slider elementor-column elementor-col-50 elementor-top-column elementor-element elementor-element-e217bfd\" data-eae-slider=\"36184\" data-id=\"e217bfd\" data-element_type=\"column\" data-settings=\"{&quot;background_background&quot;:&quot;classic&quot;}\">\n\t\t\t<div class=\"elementor-widget-wrap elementor-element-populated\">\n\t\t\t\t\t<div class=\"elementor-background-overlay\"><\/div>\n\t\t\t\t\t\t<div class=\"elementor-element elementor-element-d0bd2c2 elementor-widget elementor-widget-heading\" data-id=\"d0bd2c2\" data-element_type=\"widget\" data-widget_type=\"heading.default\">\n\t\t\t\t<div class=\"elementor-widget-container\">\n\t\t\t\t\t<h2 class=\"elementor-heading-title elementor-size-default\">Rezultatus<\/h2>\t\t\t\t<\/div>\n\t\t\t\t<\/div>\n\t\t\t\t<div class=\"elementor-element elementor-element-15c4044 elementor-widget elementor-widget-heading\" data-id=\"15c4044\" data-element_type=\"widget\" data-widget_type=\"heading.default\">\n\t\t\t\t<div class=\"elementor-widget-container\">\n\t\t\t\t\t<h2 class=\"elementor-heading-title elementor-size-default\">Viso projekto metu gaukite naujausi\u0105 informacij\u0105 apie projekto rezultatus ir \u012fvykius.<\/h2>\t\t\t\t<\/div>\n\t\t\t\t<\/div>\n\t\t\t\t\t<\/div>\n\t\t<\/div>\n\t\t\t\t<div class=\"has_eae_slider elementor-column elementor-col-50 elementor-top-column elementor-element elementor-element-99c522b\" data-eae-slider=\"63096\" data-id=\"99c522b\" data-element_type=\"column\">\n\t\t\t<div class=\"elementor-widget-wrap elementor-element-populated\">\n\t\t\t\t\t\t<div class=\"elementor-element elementor-element-bf39166 elementor-widget elementor-widget-prime-slider-flogia\" data-id=\"bf39166\" data-element_type=\"widget\" data-widget_type=\"prime-slider-flogia.default\">\n\t\t\t\t<div class=\"elementor-widget-container\">\n\t\t\t\t\t\t\t<div class=\"bdt-prime-slider\">\n\t\t\t<div class=\"bdt-prime-slider-flogia\">\n\t\t\t\t<div class=\"bdt-position-relative bdt-visible-toggle\" data-settings=\"{&quot;id&quot;:&quot;#bdt-bf39166&quot;,&quot;animation_status&quot;:&quot;no&quot;}\" id=\"bdt-bf39166\" bdt-slideshow=\"{&quot;animation&quot;:&quot;fade&quot;,&quot;ratio&quot;:&quot;16:9&quot;,&quot;min-height&quot;:374,&quot;autoplay&quot;:true,&quot;autoplay-interval&quot;:4000,&quot;pause-on-hover&quot;:false,&quot;velocity&quot;:1,&quot;finite&quot;:false}\">\n\t\t\t\t\t<ul class=\"bdt-slideshow-items\">\n\t\t\t\t\t\t\n                <li class=\"bdt-slideshow-item bdt-flex elementor-repeater-item-2105\">\n\n                    \n                        \t\t\t\t\t\t<div class=\"bdt-ps-slide-img\"\n\t\t\t\t\t\t\tstyle=\"background-image: url('https:\/\/hub.imt-atlantique.fr\/decart\/wp-content\/plugins\/elementor\/assets\/images\/placeholder.png')\"><\/div>\n\t\t\t\t\t\t\n                        \n                    \t                        <div class=\"bdt-overlay-default bdt-position-cover\"><\/div>\n\t                    \n                    \n        <div class=\"bdt-ps-container\">\n            <div class=\"bdt-ps-content\">\n\n                \n                                    <div class=\"bdt-main-title\">\n                        <h1 class=\"bdt-title-tag\" data-bdt-slideshow-parallax=\"y: 80,0,-80; opacity: 1,1,0\" data-reveal=\"reveal-active\">\n\n                            <a href=\"https:\/\/hub.imt-atlantique.fr\/decart\/?p=2105&#038;lang=lt\">\n                                <span class=\"frist-word\">Result_LT<\/span>                             <\/a>\n\n                        <\/h1>\n\n                                    <div class=\"bdt-blog-text\" data-bdt-slideshow-parallax=\"y: 100,0,-60; opacity: 1,1,0\" data-reveal=\"reveal-active\">\n                <p>Gilles Jacobetti. Integruoti projekt\u0173 sud\u0117t\u012f \u012f universitetines studijas. Keletas id\u0117j\u0173, kurios palengvins \u012fgyvendinim\u0105. \/Pedagoginiai klausimai auk\u0161tojoje mokykloje\/, Lozanos universitetas, 2023 m. bir\u017eelis, Lozana, \u0160veicarija. leidimas VUCA ir atsparumas in\u017eineriniam i\u0161silavinimui:<\/p>\n            <\/div>\n        \n                    <\/div>\n                \n                \n            <\/div>\n        <\/div>\n\n        \n                    \n                <\/li>\n\n\n            \n                <li class=\"bdt-slideshow-item bdt-flex elementor-repeater-item-2742\">\n\n                    \n                        \t\t\t\t\t\t<div class=\"bdt-ps-slide-img\"\n\t\t\t\t\t\t\tstyle=\"background-image: url('https:\/\/hub.imt-atlantique.fr\/decart\/wp-content\/plugins\/elementor\/assets\/images\/placeholder.png')\"><\/div>\n\t\t\t\t\t\t\n                        \n                    \t                        <div class=\"bdt-overlay-default bdt-position-cover\"><\/div>\n\t                    \n                    \n        <div class=\"bdt-ps-container\">\n            <div class=\"bdt-ps-content\">\n\n                \n                                    <div class=\"bdt-main-title\">\n                        <h1 class=\"bdt-title-tag\" data-bdt-slideshow-parallax=\"y: 80,0,-80; opacity: 1,1,0\" data-reveal=\"reveal-active\">\n\n                            <a href=\"https:\/\/hub.imt-atlantique.fr\/decart\/?p=2742&#038;lang=lt\">\n                                <span class=\"frist-word\">Results_LT_Forthcoming,<\/span> be ready:                            <\/a>\n\n                        <\/h1>\n\n                                    <div class=\"bdt-blog-text\" data-bdt-slideshow-parallax=\"y: 100,0,-60; opacity: 1,1,0\" data-reveal=\"reveal-active\">\n                <p>December 2023:WP1: STEM ir verslo mokymo program\u0173 dizaino ir stili\u0173 1 versijaWP1: VUCA scenarij\u0173 1 versijaApril 2024 (projekto vidurio laikotarpis)WP1: 1 versijos mokymo programos projektavimo mokymo rinkiniaiWP2: atsparumo \u017eini\u0173 k\u016bno<\/p>\n            <\/div>\n        \n                    <\/div>\n                \n                \n            <\/div>\n        <\/div>\n\n        \n                    \n                <\/li>\n\n\n            \n                <li class=\"bdt-slideshow-item bdt-flex elementor-repeater-item-2817\">\n\n                    \n                        \t\t\t\t\t\t<div class=\"bdt-ps-slide-img\"\n\t\t\t\t\t\t\tstyle=\"background-image: url('https:\/\/hub.imt-atlantique.fr\/decart\/wp-content\/plugins\/elementor\/assets\/images\/placeholder.png')\"><\/div>\n\t\t\t\t\t\t\n                        \n                    \t                        <div class=\"bdt-overlay-default bdt-position-cover\"><\/div>\n\t                    \n                    \n        <div class=\"bdt-ps-container\">\n            <div class=\"bdt-ps-content\">\n\n                \n                                    <div class=\"bdt-main-title\">\n                        <h1 class=\"bdt-title-tag\" data-bdt-slideshow-parallax=\"y: 80,0,-80; opacity: 1,1,0\" data-reveal=\"reveal-active\">\n\n                            <a href=\"https:\/\/hub.imt-atlantique.fr\/decart\/?p=2817&#038;lang=lt\">\n                                <span class=\"frist-word\">Results_LT_To<\/span> be available Fall 2023                            <\/a>\n\n                        <\/h1>\n\n                                    <div class=\"bdt-blog-text\" data-bdt-slideshow-parallax=\"y: 100,0,-60; opacity: 1,1,0\" data-reveal=\"reveal-active\">\n                            <\/div>\n        \n                    <\/div>\n                \n                \n            <\/div>\n        <\/div>\n\n        \n                    \n                <\/li>\n\n\n            \n                <li class=\"bdt-slideshow-item bdt-flex elementor-repeater-item-2824\">\n\n                    \n                        \t\t\t\t\t\t<div class=\"bdt-ps-slide-img\"\n\t\t\t\t\t\t\tstyle=\"background-image: url('https:\/\/hub.imt-atlantique.fr\/decart\/wp-content\/plugins\/elementor\/assets\/images\/placeholder.png')\"><\/div>\n\t\t\t\t\t\t\n                        \n                    \t                        <div class=\"bdt-overlay-default bdt-position-cover\"><\/div>\n\t                    \n                    \n        <div class=\"bdt-ps-container\">\n            <div class=\"bdt-ps-content\">\n\n                \n                                    <div class=\"bdt-main-title\">\n                        <h1 class=\"bdt-title-tag\" data-bdt-slideshow-parallax=\"y: 80,0,-80; opacity: 1,1,0\" data-reveal=\"reveal-active\">\n\n                            <a href=\"https:\/\/hub.imt-atlantique.fr\/decart\/?p=2824&#038;lang=lt\">\n                                <span class=\"frist-word\">Results_LT_To<\/span> be available Fall 2023                            <\/a>\n\n                        <\/h1>\n\n                                    <div class=\"bdt-blog-text\" data-bdt-slideshow-parallax=\"y: 100,0,-60; opacity: 1,1,0\" data-reveal=\"reveal-active\">\n                            <\/div>\n        \n                    <\/div>\n                \n                \n            <\/div>\n        <\/div>\n\n        \n                    \n                <\/li>\n\n\n            \n                    <\/ul>\n\n                    \n                    <div class=\"bdt-navigation-arrows bdt-position-large bdt-position-z-index reveal-muted bdt-position-center-left\">\n                <a class=\"bdt-prime-slider-previous\" href=\"#\" bdt-slidenav-previous bdt-slideshow-item=\"previous\"><\/a>\n\n                <ul class=\"bdt-slideshow-nav bdt-ps-dotnav bdt-dotnav bdt-dotnav-vertical\"><\/ul>\n\n                <a class=\"bdt-prime-slider-next\" href=\"#\" bdt-slidenav-next bdt-slideshow-item=\"next\"><\/a>\n            <\/div>\n        \n        \n                    \n        \n        \n                <\/div>\n\n            <\/div>\n        <\/div>\n        \t\t\t\t<\/div>\n\t\t\t\t<\/div>\n\t\t\t\t\t<\/div>\n\t\t<\/div>\n\t\t\t\t\t<\/div>\n\t\t<\/section>\n\t\t\t\t<section class=\"has_eae_slider elementor-section elementor-top-section elementor-element elementor-element-75564c0 elementor-section-boxed elementor-section-height-default elementor-section-height-default\" data-eae-slider=\"51026\" data-id=\"75564c0\" data-element_type=\"section\">\n\t\t\t\t\t\t<div class=\"elementor-container elementor-column-gap-default\">\n\t\t\t\t\t<div class=\"has_eae_slider elementor-column elementor-col-100 elementor-top-column elementor-element elementor-element-22e5ee5\" data-eae-slider=\"89071\" data-id=\"22e5ee5\" data-element_type=\"column\">\n\t\t\t<div class=\"elementor-widget-wrap elementor-element-populated\">\n\t\t\t\t\t\t<div class=\"elementor-element elementor-element-f23a1b4 elementor-grid-3 elementor-grid-tablet-2 elementor-grid-mobile-1 elementor-posts--thumbnail-top elementor-card-shadow-yes elementor-posts__hover-gradient elementor-widget elementor-widget-posts\" data-id=\"f23a1b4\" data-element_type=\"widget\" data-settings=\"{&quot;cards_columns&quot;:&quot;3&quot;,&quot;cards_columns_tablet&quot;:&quot;2&quot;,&quot;cards_columns_mobile&quot;:&quot;1&quot;,&quot;cards_row_gap&quot;:{&quot;unit&quot;:&quot;px&quot;,&quot;size&quot;:35,&quot;sizes&quot;:[]},&quot;cards_row_gap_tablet&quot;:{&quot;unit&quot;:&quot;px&quot;,&quot;size&quot;:&quot;&quot;,&quot;sizes&quot;:[]},&quot;cards_row_gap_mobile&quot;:{&quot;unit&quot;:&quot;px&quot;,&quot;size&quot;:&quot;&quot;,&quot;sizes&quot;:[]}}\" data-widget_type=\"posts.cards\">\n\t\t\t\t<div class=\"elementor-widget-container\">\n\t\t\t\t\t\t\t<div class=\"elementor-posts-container elementor-posts elementor-posts--skin-cards elementor-grid\">\n\t\t\t\t<article class=\"elementor-post elementor-grid-item post-1905 post type-post status-publish format-standard hentry category-results\">\n\t\t\t<div class=\"elementor-post__card\">\n\t\t\t\t<div class=\"elementor-post__text\">\n\t\t\t\t<h3 class=\"elementor-post__title\">\n\t\t\t<a href=\"https:\/\/hub.imt-atlantique.fr\/decart\/?p=1905\" >\n\t\t\t\tGilles Jacovetti\t\t\t<\/a>\n\t\t<\/h3>\n\t\t\t\t<div class=\"elementor-post__excerpt\">\n\t\t\t<p>Gilles Jacovetti. Integrate project compostability into higher education training programs. Some ideas for easier implementation. \/Questions of Pedagogy in Higher Education\/, Lausanne University, June 2023,<\/p>\n\t\t<\/div>\n\t\t\n\t\t<a class=\"elementor-post__read-more\" href=\"https:\/\/hub.imt-atlantique.fr\/decart\/?p=1905\" aria-label=\"Read more about Gilles Jacovetti\" tabindex=\"-1\" >\n\t\t\tSkaityti daugiau \u00bb\t\t<\/a>\n\n\t\t\t\t<\/div>\n\t\t\t\t<div class=\"elementor-post__meta-data\">\n\t\t\t\t\t<span class=\"elementor-post-date\">\n\t\t\tFebruary 3, 2024\t\t<\/span>\n\t\t\t\t<\/div>\n\t\t\t\t\t<\/div>\n\t\t<\/article>\n\t\t\t\t<article class=\"elementor-post elementor-grid-item post-1003 post type-post status-publish format-standard hentry category-results\">\n\t\t\t<div class=\"elementor-post__card\">\n\t\t\t\t<div class=\"elementor-post__text\">\n\t\t\t\t<h3 class=\"elementor-post__title\">\n\t\t\t<a href=\"https:\/\/hub.imt-atlantique.fr\/decart\/?p=1003\" >\n\t\t\t\tForthcoming, be ready:\t\t\t<\/a>\n\t\t<\/h3>\n\t\t\t\t<div class=\"elementor-post__excerpt\">\n\t\t\t<p>December 2023: WP1: version 1 of STEM and Business curriculum designs and styles WP1: version 1 of VUCA scenarios April 2024 (project mid-term) WP1: version<\/p>\n\t\t<\/div>\n\t\t\n\t\t<a class=\"elementor-post__read-more\" href=\"https:\/\/hub.imt-atlantique.fr\/decart\/?p=1003\" aria-label=\"Read more about Forthcoming, be ready:\" tabindex=\"-1\" >\n\t\t\tSkaityti daugiau \u00bb\t\t<\/a>\n\n\t\t\t\t<\/div>\n\t\t\t\t<div class=\"elementor-post__meta-data\">\n\t\t\t\t\t<span class=\"elementor-post-date\">\n\t\t\tJune 5, 2023\t\t<\/span>\n\t\t\t\t<\/div>\n\t\t\t\t\t<\/div>\n\t\t<\/article>\n\t\t\t\t<article class=\"elementor-post elementor-grid-item post-995 post type-post status-publish format-standard hentry category-results\">\n\t\t\t<div class=\"elementor-post__card\">\n\t\t\t\t<div class=\"elementor-post__text\">\n\t\t\t\t<h3 class=\"elementor-post__title\">\n\t\t\t<a href=\"https:\/\/hub.imt-atlantique.fr\/decart\/?p=995\" >\n\t\t\t\tTo be available Fall 2023\t\t\t<\/a>\n\t\t<\/h3>\n\t\t\t\t<div class=\"elementor-post__excerpt\">\n\t\t\t<p>Several Curriculum STEM and Business examples shared (&gt;20); Description of VUCA scenarios which could affect Higher Education Institutions (&gt;10); Crisis Serious Game comparison; etc. Publications<\/p>\n\t\t<\/div>\n\t\t\n\t\t<a class=\"elementor-post__read-more\" href=\"https:\/\/hub.imt-atlantique.fr\/decart\/?p=995\" aria-label=\"Read more about To be available Fall 2023\" tabindex=\"-1\" >\n\t\t\tSkaityti daugiau \u00bb\t\t<\/a>\n\n\t\t\t\t<\/div>\n\t\t\t\t<div class=\"elementor-post__meta-data\">\n\t\t\t\t\t<span class=\"elementor-post-date\">\n\t\t\tJune 5, 2023\t\t<\/span>\n\t\t\t\t<\/div>\n\t\t\t\t\t<\/div>\n\t\t<\/article>\n\t\t\t\t<\/div>\n\t\t\n\t\t\t\t\t\t<\/div>\n\t\t\t\t<\/div>\n\t\t\t\t\t<\/div>\n\t\t<\/div>\n\t\t\t\t\t<\/div>\n\t\t<\/section>\n\t\t\t\t<section class=\"has_eae_slider elementor-section elementor-top-section elementor-element elementor-element-e899d30 elementor-section-boxed elementor-section-height-default elementor-section-height-default\" data-eae-slider=\"44150\" data-id=\"e899d30\" data-element_type=\"section\">\n\t\t\t\t\t\t<div class=\"elementor-container elementor-column-gap-default\">\n\t\t\t\t\t<div class=\"has_eae_slider elementor-column elementor-col-100 elementor-top-column elementor-element elementor-element-5232109\" data-eae-slider=\"96682\" data-id=\"5232109\" data-element_type=\"column\">\n\t\t\t<div class=\"elementor-widget-wrap elementor-element-populated\">\n\t\t\t\t\t\t<div class=\"elementor-element elementor-element-468c9f6 elementor-widget elementor-widget-heading\" data-id=\"468c9f6\" data-element_type=\"widget\" data-widget_type=\"heading.default\">\n\t\t\t\t<div class=\"elementor-widget-container\">\n\t\t\t\t\t<h2 class=\"elementor-heading-title elementor-size-default\">leidimas<\/h2>\t\t\t\t<\/div>\n\t\t\t\t<\/div>\n\t\t\t\t\t<\/div>\n\t\t<\/div>\n\t\t\t\t\t<\/div>\n\t\t<\/section>\n\t\t\t\t<section class=\"has_eae_slider elementor-section elementor-top-section elementor-element elementor-element-8493a9e elementor-section-boxed elementor-section-height-default elementor-section-height-default\" data-eae-slider=\"37806\" data-id=\"8493a9e\" data-element_type=\"section\">\n\t\t\t\t\t\t<div class=\"elementor-container elementor-column-gap-default\">\n\t\t\t\t\t<div class=\"has_eae_slider elementor-column elementor-col-100 elementor-top-column elementor-element elementor-element-0e9f4a0\" data-eae-slider=\"69837\" data-id=\"0e9f4a0\" data-element_type=\"column\">\n\t\t\t<div class=\"elementor-widget-wrap elementor-element-populated\">\n\t\t\t\t\t\t<div class=\"elementor-element elementor-element-1c3ec54 elementor-widget elementor-widget-text-editor\" data-id=\"1c3ec54\" data-element_type=\"widget\" data-widget_type=\"text-editor.default\">\n\t\t\t\t<div class=\"elementor-widget-container\">\n\t\t\t\t\t\t\t\t\t<ul><li><small>VUCA ir atsparumas in\u017eineriniam i\u0161silavinimui: i\u0161moktos pamokos. S. Rouvrais, AK. Winkens, C. Leicht-Scholten, H. Audunsson, C. Gerwel-Proches. NTNU organizuojamos 19-osios. <a href=\"https:\/\/www.ntnu.edu\/cdio\" target=\"_blank\" rel=\"noopener\">CDIO<\/a> tarptautin\u0117s konferencijos med\u017eiaga, Trondheimas, Norvegija, 26-29 d. 2023 m. bir\u017eelio m\u0117n.<\/small><small>[<a href=\"http:\/\/srouvrais.free.fr\/documents\/CDIO%202023-VUCA-resilience.pdf\" target=\"_blank\" rel=\"noopener\">PDF<\/a>]<\/small><small> <\/small><\/li><li><small>UCA ir atsparumas in\u017eineriniam i\u0161silavinimui: i\u0161moktos pamokos. S. Rouvrais, AK. Winkens, C. Leicht-Scholten, H. Audunsson, C. Gerwel-Proches. NTNU organizuojamos 19-osios CDIO tarptautin\u0117s konferencijos med\u017eiaga, Trondheimas, Norvegija, 26-29 d. 2023 m. bir\u017eelio m\u0117n..[PDF]<br \/>Teikimas kaip svarbi informatikos informacini\u0173 technologij\u0173 mokymo programos sudedamoji dalis Del. Arlinta Barus, Inggriani Liem, Tahan Sihombing, Arnaldo Sinaga, Eka Sinambela, Sari Silalahi. 2023 m. IEEE tarptautin\u0117s duomen\u0173 ir programin\u0117s \u012frangos in\u017einerijos konferencijos (ICoDSE), kuri\u0105 organizavo Del technologijos institutas, \u0160iaur\u0117s Sumatra, Indonezija, 7\u20138 d. 2023 m. rugs\u0117jo m\u0117n. [<a href=\"https:\/\/shorturl.at\/pGHMN\">PDF<\/a>]<\/small><\/li><\/ul><div id=\"simple-translate\" class=\"simple-translate-system-theme\"><div><div class=\"simple-translate-button isShow\" style=\"background-image: url('chrome-extension:\/\/ibplnjkanclpjokhdolnendpplpjiace\/icons\/512.png'); height: 22px; width: 22px; top: 85px; left: 97px;\">\u00a0<\/div><div class=\"simple-translate-panel \" style=\"width: 300px; height: 200px; top: 0px; left: 0px; font-size: 13px;\"><div class=\"simple-translate-result-wrapper\" style=\"overflow: hidden;\"><div class=\"simple-translate-move\" draggable=\"true\">\u00a0<\/div><div class=\"simple-translate-result-contents\"><p class=\"simple-translate-result\" dir=\"auto\">\u00a0<\/p><p class=\"simple-translate-candidate\" dir=\"auto\">\u00a0<\/p><\/div><\/div><\/div><\/div><\/div>\t\t\t\t\t\t\t\t<\/div>\n\t\t\t\t<\/div>\n\t\t\t\t\t<\/div>\n\t\t<\/div>\n\t\t\t\t\t<\/div>\n\t\t<\/section>\n\t\t\t\t<\/div>\n\t\t","protected":false},"excerpt":{"rendered":"<p>Rezultatus Viso projekto metu gaukite naujausi\u0105 informacij\u0105 apie projekto rezultatus ir \u012fvykius. Gilles Jacovetti Gilles Jacovetti. Integrate project compostability into higher education training programs. Some ideas for easier implementation. \/Questions of Pedagogy in Higher Education\/, Lausanne University, June 2023, Lausanne, Switzerland. Publications VUCA and Forthcoming, be ready: December 2023: WP1: version 1 of STEM and [&hellip;]<\/p>\n","protected":false},"author":6,"featured_media":0,"parent":0,"menu_order":0,"comment_status":"closed","ping_status":"closed","template":"elementor_header_footer","meta":{"_monsterinsights_skip_tracking":false,"_monsterinsights_sitenote_active":false,"_monsterinsights_sitenote_note":"","_monsterinsights_sitenote_category":0,"footnotes":""},"class_list":["post-2324","page","type-page","status-publish","hentry"],"_links":{"self":[{"href":"https:\/\/hub.imt-atlantique.fr\/decart\/index.php?rest_route=\/wp\/v2\/pages\/2324","targetHints":{"allow":["GET"]}}],"collection":[{"href":"https:\/\/hub.imt-atlantique.fr\/decart\/index.php?rest_route=\/wp\/v2\/pages"}],"about":[{"href":"https:\/\/hub.imt-atlantique.fr\/decart\/index.php?rest_route=\/wp\/v2\/types\/page"}],"author":[{"embeddable":true,"href":"https:\/\/hub.imt-atlantique.fr\/decart\/index.php?rest_route=\/wp\/v2\/users\/6"}],"replies":[{"embeddable":true,"href":"https:\/\/hub.imt-atlantique.fr\/decart\/index.php?rest_route=%2Fwp%2Fv2%2Fcomments&post=2324"}],"version-history":[{"count":4,"href":"https:\/\/hub.imt-atlantique.fr\/decart\/index.php?rest_route=\/wp\/v2\/pages\/2324\/revisions"}],"predecessor-version":[{"id":2334,"href":"https:\/\/hub.imt-atlantique.fr\/decart\/index.php?rest_route=\/wp\/v2\/pages\/2324\/revisions\/2334"}],"wp:attachment":[{"href":"https:\/\/hub.imt-atlantique.fr\/decart\/index.php?rest_route=%2Fwp%2Fv2%2Fmedia&parent=2324"}],"curies":[{"name":"wp","href":"https:\/\/api.w.org\/{rel}","templated":true}]}}