{"id":38,"date":"2025-04-07T11:39:52","date_gmt":"2025-04-07T09:39:52","guid":{"rendered":"https:\/\/hub.imt-atlantique.fr\/fps2025\/?page_id=38"},"modified":"2025-11-21T16:25:26","modified_gmt":"2025-11-21T15:25:26","slug":"venue","status":"publish","type":"page","link":"https:\/\/hub.imt-atlantique.fr\/fps2025\/venue\/","title":{"rendered":"Venue"},"content":{"rendered":"\n<h2 class=\"wp-block-heading\">Location<\/h2>\n\n\n\n<p>FPS 2025 will take place on the campus of IMT Atlantique in Brest, France.&nbsp; A beautiful campus by the Atlantic Ocean and the bay of Brest.<\/p>\n\n\n\n<div class=\"wp-block-columns is-layout-flex wp-container-core-columns-is-layout-9d6595d7 wp-block-columns-is-layout-flex\">\n<div class=\"wp-block-column is-layout-flow wp-block-column-is-layout-flow\">\n<figure class=\"wp-block-gallery aligncenter has-nested-images columns-default is-cropped wp-block-gallery-1 is-layout-flex wp-block-gallery-is-layout-flex\">\n<figure class=\"wp-block-image size-large\"><img loading=\"lazy\" decoding=\"async\" width=\"5472\" height=\"2394\" data-id=\"116\" src=\"https:\/\/hub.imt-atlantique.fr\/fps2025\/wp-content\/uploads\/2025\/04\/00030810.JPEG-1.jpeg\" alt=\"\" class=\"wp-image-116\"\/><figcaption class=\"wp-element-caption\">copyright panoramic bretagne photo aerienne<\/figcaption><\/figure>\n<\/figure>\n<\/div>\n\n\n\n<div class=\"wp-block-column is-layout-flow wp-block-column-is-layout-flow\">\n<p><\/p>\n<\/div>\n<\/div>\n\n\n\n<h2 class=\"wp-block-heading\">How to get there<\/h2>\n\n\n\n<ul class=\"wp-block-list\">\n<li>Information to reach Brest and the campus of IMT Atlantique, can be found <a href=\"https:\/\/www.imt-atlantique.fr\/en\/campus\/sites\/brest\">here<\/a>.<\/li>\n\n\n\n<li>The Google Map location is available at <a href=\"https:\/\/maps.app.goo.gl\/sBAPtYqG3bioU1iE9\" data-type=\"link\" data-id=\"https:\/\/maps.app.goo.gl\/sBAPtYqG3bioU1iE9\">https:\/\/maps.app.goo.gl\/sBAPtYqG3bioU1iE9<\/a><\/li>\n<\/ul>\n\n\n<h2 class=\"wp-block-heading\">Visit Brest and Bretagne \u2013 the \"<em>far Ouest<\/em>\" of France<\/h2>\n<p><a href=\"https:\/\/www.brest-metropole-tourisme.fr\/en\/\">https:\/\/www.brest-metropole-tourisme.fr\/en\/<\/a><\/p>\n<p><a href=\"https:\/\/www.brittanytourism.com\/\">https:\/\/www.brittanytourism.com\/<\/a><\/p>\n<p><a href=\"https:\/\/www.youtube.com\/watch?v=asiK4kd7L18\">https: \/\/www.youtube.com\/watch?v=xZ6owlDtoIA<\/a><\/p>\n\n\n<h2 class=\"wp-block-heading\">Hotel suggestions<\/h2>\n\n\n\n<p>For convenience, we put a shortlist of hotels that are located in the harbour of Brest. From \"Parc \u00e0 Chaines\" in Brest harbour (see the maps below) there will be a chartered bus to reach the campus of IMT Atlantique. You can get a list from this link.<\/p>\n\n\n\n<p><blockquote class=\"wp-embedded-content\" data-secret=\"fiwUNVTZGH\"><a href=\"https:\/\/hub.imt-atlantique.fr\/fps2025\/hotels-in-brest-harbour-port-de-commerce\/\">Hotels in Brest Harbour (port de commerce)<\/a><\/blockquote><iframe loading=\"lazy\" class=\"wp-embedded-content\" sandbox=\"allow-scripts\" security=\"restricted\" style=\"position: absolute; visibility: hidden;\" title=\"\u00ab\u00a0Hotels in Brest Harbour (port de commerce)\u00a0\u00bb &#8212; FPS 2025\" src=\"https:\/\/hub.imt-atlantique.fr\/fps2025\/hotels-in-brest-harbour-port-de-commerce\/embed\/#?secret=xfmTJGsDh0#?secret=fiwUNVTZGH\" data-secret=\"fiwUNVTZGH\" width=\"600\" height=\"338\" frameborder=\"0\" marginwidth=\"0\" marginheight=\"0\" scrolling=\"no\"><\/iframe><\/p>\n\n\n\n<h2 class=\"wp-block-heading\">Useful Maps when your are in Brest: <\/h2>\n\n\n\n<p><\/p>\n\n\n\n<p><a href=\"https:\/\/hub.imt-atlantique.fr\/fps2025\/venue\/useful-maps-when-you-are-at-fps-2025\/\">https:\/\/hub.imt-atlantique.fr\/fps2025\/venue\/useful-maps-when-you-are-at-fps-2025\/<\/a><\/p>\n\n\n\n<p><\/p>\n\n\n\n<h2 class=\"wp-block-heading\"><strong>Chartered bus to and from IMT Atlantique<\/strong><\/h2>\n\n\n\n<p class=\"has-medium-font-size\"><\/p>\n\n\n\n<p class=\"has-medium-font-size\"><\/p>\n\n\n\n<p>For your convenience we have chartered a bus that will take you from and to IMT Atlantique directly. The campus is 13 km west of Brest. The charted bus timetable is the following:<\/p>\n\n\n\n<p><em><u>- <\/u><\/em><strong><em><u>Tuesday, Wednesday, Thursday<\/u><\/em> 8 a.m<\/strong>.: Harbour - the bus will be parked at \"<a href=\"https:\/\/maps.app.goo.gl\/bB6NujEB6xZGs5Ez5\">Parc \u00e0 Chaines<\/a>\" (near Paul's Bakery) <strong> <\/strong>to IMT Atlantique, 655 avenue du technop\u00f4le, 29280 Plouzan\u00e9,<\/p>\n\n\n\n<p><em>- <strong>Tuesday:<\/strong><\/em> 6:15 p.m.: IMT Atlantique, 655 avenue du technop\u00f4le, 29280 Plouzan\u00e9 to Brest City Hall, main entrance opposite the water fountains, 2 rue Fr\u00e9zier, 29200 Brest<\/p>\n\n\n\n<p><em><u>- <strong>Wednesday:<\/strong><\/u><\/em> 6:15 p.m.: IMT Atlantique, 655 avenue du technop\u00f4le, 29280 Plouzan\u00e9 --&gt; Mus\u00e9e 70.8, within the Capucins complex, 27 rue de Pontaniou, 29200 Brest<\/p>\n\n\n\n<h2 class=\"wp-block-heading\">If you missed the chartered bus to IMT Atlantique or want to use the bus public system<\/h2>\n\n\n\n<p>When you will register at the main desk, you will be given a pass giving you access to public transport (buses and trams).<\/p>\n\n\n\n<p>Information of the public transport from Brest to IMT Atlantique: <\/p>\n\n\n\n<p><a href=\"https:\/\/hub.imt-atlantique.fr\/fps2025\/public-transportation-to-imt-atlantique\/\">https:\/\/hub.imt-atlantique.fr\/fps2025\/public-transportation-to-imt-atlantique\/<\/a><\/p>\n\n\n\n<p><\/p>\n","protected":false},"excerpt":{"rendered":"<p>Location FPS 2025 will take place on the campus of IMT Atlantique in Brest, France.&nbsp; A beautiful campus by the Atlantic Ocean and the bay of Brest. How to get there Visit Brest and Bretagne \u2013 the \u00ab\u00a0far Ouest\u00a0\u00bb of France https:\/\/www.brest-metropole-tourisme.fr\/en\/ https:\/\/www.brittanytourism.com\/ https: \/\/www.youtube.com\/watch?v=xZ6owlDtoIA Hotel suggestions For convenience, we put a shortlist of hotels [&hellip;]<\/p>\n","protected":false},"author":3,"featured_media":0,"parent":0,"menu_order":1,"comment_status":"closed","ping_status":"closed","template":"","meta":{"footnotes":""},"class_list":["post-38","page","type-page","status-publish","hentry"],"yoast_head":"<!-- This site is optimized with the Yoast SEO plugin v26.1.1 - https:\/\/yoast.com\/wordpress\/plugins\/seo\/ -->\n<title>Venue - FPS 2025<\/title>\n<meta name=\"robots\" content=\"index, follow, max-snippet:-1, max-image-preview:large, max-video-preview:-1\" \/>\n<link rel=\"canonical\" href=\"https:\/\/hub.imt-atlantique.fr\/fps2025\/venue\/\" \/>\n<meta property=\"og:locale\" content=\"fr_FR\" \/>\n<meta property=\"og:type\" content=\"article\" \/>\n<meta property=\"og:title\" content=\"Venue - FPS 2025\" \/>\n<meta property=\"og:description\" content=\"Location FPS 2025 will take place on the campus of IMT Atlantique in Brest, France.&nbsp; A beautiful campus by the Atlantic Ocean and the bay of Brest. How to get there Visit Brest and Bretagne \u2013 the &quot;far Ouest&quot; of France https:\/\/www.brest-metropole-tourisme.fr\/en\/ https:\/\/www.brittanytourism.com\/ https: \/\/www.youtube.com\/watch?v=xZ6owlDtoIA Hotel suggestions For convenience, we put a shortlist of hotels [&hellip;]\" \/>\n<meta property=\"og:url\" content=\"https:\/\/hub.imt-atlantique.fr\/fps2025\/venue\/\" \/>\n<meta property=\"og:site_name\" content=\"FPS 2025\" \/>\n<meta property=\"article:modified_time\" content=\"2025-11-21T15:25:26+00:00\" \/>\n<meta property=\"og:image\" content=\"https:\/\/hub.imt-atlantique.fr\/fps2025\/wp-content\/uploads\/2025\/04\/00030810.JPEG-1.jpeg\" \/>\n\t<meta property=\"og:image:width\" content=\"640\" \/>\n\t<meta property=\"og:image:height\" content=\"280\" \/>\n\t<meta property=\"og:image:type\" content=\"image\/jpeg\" \/>\n<meta name=\"twitter:card\" content=\"summary_large_image\" \/>\n<meta name=\"twitter:label1\" content=\"Dur\u00e9e de lecture estim\u00e9e\" \/>\n\t<meta name=\"twitter:data1\" content=\"2 minutes\" \/>\n<script type=\"application\/ld+json\" class=\"yoast-schema-graph\">{\"@context\":\"https:\/\/schema.org\",\"@graph\":[{\"@type\":\"WebPage\",\"@id\":\"https:\/\/hub.imt-atlantique.fr\/fps2025\/venue\/\",\"url\":\"https:\/\/hub.imt-atlantique.fr\/fps2025\/venue\/\",\"name\":\"Venue - FPS 2025\",\"isPartOf\":{\"@id\":\"https:\/\/hub.imt-atlantique.fr\/fps2025\/#website\"},\"primaryImageOfPage\":{\"@id\":\"https:\/\/hub.imt-atlantique.fr\/fps2025\/venue\/#primaryimage\"},\"image\":{\"@id\":\"https:\/\/hub.imt-atlantique.fr\/fps2025\/venue\/#primaryimage\"},\"thumbnailUrl\":\"https:\/\/hub.imt-atlantique.fr\/fps2025\/wp-content\/uploads\/2025\/04\/00030810.JPEG-1.jpeg\",\"datePublished\":\"2025-04-07T09:39:52+00:00\",\"dateModified\":\"2025-11-21T15:25:26+00:00\",\"breadcrumb\":{\"@id\":\"https:\/\/hub.imt-atlantique.fr\/fps2025\/venue\/#breadcrumb\"},\"inLanguage\":\"fr-FR\",\"potentialAction\":[{\"@type\":\"ReadAction\",\"target\":[\"https:\/\/hub.imt-atlantique.fr\/fps2025\/venue\/\"]}]},{\"@type\":\"ImageObject\",\"inLanguage\":\"fr-FR\",\"@id\":\"https:\/\/hub.imt-atlantique.fr\/fps2025\/venue\/#primaryimage\",\"url\":\"https:\/\/hub.imt-atlantique.fr\/fps2025\/wp-content\/uploads\/2025\/04\/00030810.JPEG-1.jpeg\",\"contentUrl\":\"https:\/\/hub.imt-atlantique.fr\/fps2025\/wp-content\/uploads\/2025\/04\/00030810.JPEG-1.jpeg\",\"width\":5472,\"height\":2394,\"caption\":\"copyright panoramic bretagne photo aerienne\"},{\"@type\":\"BreadcrumbList\",\"@id\":\"https:\/\/hub.imt-atlantique.fr\/fps2025\/venue\/#breadcrumb\",\"itemListElement\":[{\"@type\":\"ListItem\",\"position\":1,\"name\":\"Accueil\",\"item\":\"https:\/\/hub.imt-atlantique.fr\/fps2025\/\"},{\"@type\":\"ListItem\",\"position\":2,\"name\":\"Venue\"}]},{\"@type\":\"WebSite\",\"@id\":\"https:\/\/hub.imt-atlantique.fr\/fps2025\/#website\",\"url\":\"https:\/\/hub.imt-atlantique.fr\/fps2025\/\",\"name\":\"FPS 2025\",\"description\":\"\",\"publisher\":{\"@id\":\"https:\/\/hub.imt-atlantique.fr\/fps2025\/#organization\"},\"potentialAction\":[{\"@type\":\"SearchAction\",\"target\":{\"@type\":\"EntryPoint\",\"urlTemplate\":\"https:\/\/hub.imt-atlantique.fr\/fps2025\/?s={search_term_string}\"},\"query-input\":{\"@type\":\"PropertyValueSpecification\",\"valueRequired\":true,\"valueName\":\"search_term_string\"}}],\"inLanguage\":\"fr-FR\"},{\"@type\":\"Organization\",\"@id\":\"https:\/\/hub.imt-atlantique.fr\/fps2025\/#organization\",\"name\":\"FPS 2025\",\"url\":\"https:\/\/hub.imt-atlantique.fr\/fps2025\/\",\"logo\":{\"@type\":\"ImageObject\",\"inLanguage\":\"fr-FR\",\"@id\":\"https:\/\/hub.imt-atlantique.fr\/fps2025\/#\/schema\/logo\/image\/\",\"url\":\"https:\/\/hub.imt-atlantique.fr\/fps2025\/wp-content\/uploads\/2025\/04\/cropped-Capture-decran-2025-04-08-a-15.45.39.png\",\"contentUrl\":\"https:\/\/hub.imt-atlantique.fr\/fps2025\/wp-content\/uploads\/2025\/04\/cropped-Capture-decran-2025-04-08-a-15.45.39.png\",\"width\":512,\"height\":512,\"caption\":\"FPS 2025\"},\"image\":{\"@id\":\"https:\/\/hub.imt-atlantique.fr\/fps2025\/#\/schema\/logo\/image\/\"}}]}<\/script>\n<!-- \/ Yoast SEO plugin. -->","yoast_head_json":{"title":"Venue - FPS 2025","robots":{"index":"index","follow":"follow","max-snippet":"max-snippet:-1","max-image-preview":"max-image-preview:large","max-video-preview":"max-video-preview:-1"},"canonical":"https:\/\/hub.imt-atlantique.fr\/fps2025\/venue\/","og_locale":"fr_FR","og_type":"article","og_title":"Venue - FPS 2025","og_description":"Location FPS 2025 will take place on the campus of IMT Atlantique in Brest, France.&nbsp; A beautiful campus by the Atlantic Ocean and the bay of Brest. How to get there Visit Brest and Bretagne \u2013 the \"far Ouest\" of France https:\/\/www.brest-metropole-tourisme.fr\/en\/ https:\/\/www.brittanytourism.com\/ https: \/\/www.youtube.com\/watch?v=xZ6owlDtoIA Hotel suggestions For convenience, we put a shortlist of hotels [&hellip;]","og_url":"https:\/\/hub.imt-atlantique.fr\/fps2025\/venue\/","og_site_name":"FPS 2025","article_modified_time":"2025-11-21T15:25:26+00:00","og_image":[{"url":"https:\/\/hub.imt-atlantique.fr\/fps2025\/wp-content\/uploads\/2025\/04\/00030810.JPEG-1.jpeg","width":640,"height":280,"type":"image\/jpeg"}],"twitter_card":"summary_large_image","twitter_misc":{"Dur\u00e9e de lecture estim\u00e9e":"2 minutes"},"schema":{"@context":"https:\/\/schema.org","@graph":[{"@type":"WebPage","@id":"https:\/\/hub.imt-atlantique.fr\/fps2025\/venue\/","url":"https:\/\/hub.imt-atlantique.fr\/fps2025\/venue\/","name":"Venue - FPS 2025","isPartOf":{"@id":"https:\/\/hub.imt-atlantique.fr\/fps2025\/#website"},"primaryImageOfPage":{"@id":"https:\/\/hub.imt-atlantique.fr\/fps2025\/venue\/#primaryimage"},"image":{"@id":"https:\/\/hub.imt-atlantique.fr\/fps2025\/venue\/#primaryimage"},"thumbnailUrl":"https:\/\/hub.imt-atlantique.fr\/fps2025\/wp-content\/uploads\/2025\/04\/00030810.JPEG-1.jpeg","datePublished":"2025-04-07T09:39:52+00:00","dateModified":"2025-11-21T15:25:26+00:00","breadcrumb":{"@id":"https:\/\/hub.imt-atlantique.fr\/fps2025\/venue\/#breadcrumb"},"inLanguage":"fr-FR","potentialAction":[{"@type":"ReadAction","target":["https:\/\/hub.imt-atlantique.fr\/fps2025\/venue\/"]}]},{"@type":"ImageObject","inLanguage":"fr-FR","@id":"https:\/\/hub.imt-atlantique.fr\/fps2025\/venue\/#primaryimage","url":"https:\/\/hub.imt-atlantique.fr\/fps2025\/wp-content\/uploads\/2025\/04\/00030810.JPEG-1.jpeg","contentUrl":"https:\/\/hub.imt-atlantique.fr\/fps2025\/wp-content\/uploads\/2025\/04\/00030810.JPEG-1.jpeg","width":5472,"height":2394,"caption":"copyright panoramic bretagne photo aerienne"},{"@type":"BreadcrumbList","@id":"https:\/\/hub.imt-atlantique.fr\/fps2025\/venue\/#breadcrumb","itemListElement":[{"@type":"ListItem","position":1,"name":"Accueil","item":"https:\/\/hub.imt-atlantique.fr\/fps2025\/"},{"@type":"ListItem","position":2,"name":"Venue"}]},{"@type":"WebSite","@id":"https:\/\/hub.imt-atlantique.fr\/fps2025\/#website","url":"https:\/\/hub.imt-atlantique.fr\/fps2025\/","name":"FPS 2025","description":"","publisher":{"@id":"https:\/\/hub.imt-atlantique.fr\/fps2025\/#organization"},"potentialAction":[{"@type":"SearchAction","target":{"@type":"EntryPoint","urlTemplate":"https:\/\/hub.imt-atlantique.fr\/fps2025\/?s={search_term_string}"},"query-input":{"@type":"PropertyValueSpecification","valueRequired":true,"valueName":"search_term_string"}}],"inLanguage":"fr-FR"},{"@type":"Organization","@id":"https:\/\/hub.imt-atlantique.fr\/fps2025\/#organization","name":"FPS 2025","url":"https:\/\/hub.imt-atlantique.fr\/fps2025\/","logo":{"@type":"ImageObject","inLanguage":"fr-FR","@id":"https:\/\/hub.imt-atlantique.fr\/fps2025\/#\/schema\/logo\/image\/","url":"https:\/\/hub.imt-atlantique.fr\/fps2025\/wp-content\/uploads\/2025\/04\/cropped-Capture-decran-2025-04-08-a-15.45.39.png","contentUrl":"https:\/\/hub.imt-atlantique.fr\/fps2025\/wp-content\/uploads\/2025\/04\/cropped-Capture-decran-2025-04-08-a-15.45.39.png","width":512,"height":512,"caption":"FPS 2025"},"image":{"@id":"https:\/\/hub.imt-atlantique.fr\/fps2025\/#\/schema\/logo\/image\/"}}]}},"_links":{"self":[{"href":"https:\/\/hub.imt-atlantique.fr\/fps2025\/wp-json\/wp\/v2\/pages\/38","targetHints":{"allow":["GET"]}}],"collection":[{"href":"https:\/\/hub.imt-atlantique.fr\/fps2025\/wp-json\/wp\/v2\/pages"}],"about":[{"href":"https:\/\/hub.imt-atlantique.fr\/fps2025\/wp-json\/wp\/v2\/types\/page"}],"author":[{"embeddable":true,"href":"https:\/\/hub.imt-atlantique.fr\/fps2025\/wp-json\/wp\/v2\/users\/3"}],"replies":[{"embeddable":true,"href":"https:\/\/hub.imt-atlantique.fr\/fps2025\/wp-json\/wp\/v2\/comments?post=38"}],"version-history":[{"count":72,"href":"https:\/\/hub.imt-atlantique.fr\/fps2025\/wp-json\/wp\/v2\/pages\/38\/revisions"}],"predecessor-version":[{"id":859,"href":"https:\/\/hub.imt-atlantique.fr\/fps2025\/wp-json\/wp\/v2\/pages\/38\/revisions\/859"}],"wp:attachment":[{"href":"https:\/\/hub.imt-atlantique.fr\/fps2025\/wp-json\/wp\/v2\/media?parent=38"}],"curies":[{"name":"wp","href":"https:\/\/api.w.org\/{rel}","templated":true}]}}