{"id":462,"date":"2025-07-07T20:25:38","date_gmt":"2025-07-07T18:25:38","guid":{"rendered":"https:\/\/hub.imt-atlantique.fr\/fps2025\/?page_id=462"},"modified":"2025-07-07T20:25:39","modified_gmt":"2025-07-07T18:25:39","slug":"jean-yves-marion","status":"publish","type":"page","link":"https:\/\/hub.imt-atlantique.fr\/fps2025\/jean-yves-marion\/","title":{"rendered":"Jean-Yves Marion"},"content":{"rendered":"\n<p><strong>Jean-Yves Marion<\/strong>\u00a0is a professor at\u00a0<strong>Universit\u00e9 de Lorraine<\/strong>, France. He is the Director of the computer science laboratory LORIA, comprising 400-450 researchers, affiliated to CNRS, Inria and Universit\u00e9 de Lorraine. He got his habilitation in 2002 from Universit\u00e9 Nancy 2 and his Phd Thesis from Universit\u00e9 Paris 7 in 1993. Then, he spent two years at Indiana University as a researcher. Since 2015, he is a senior Fellow of\u00a0<em>Institut Universitaire de France.<\/em>\u00a0\u00a0His research interest is mainly computer security and more specifically in malware. The overall goal is to provide solutions to automatically analyze, attribute and detect known and unknown malware by combining advanced algorithmic, formal methods, AI and reverse engineering tools.\u00a0\u00a0He is one of the two co-founders of the High Security Lab (LHS) which was in 2010 a unique research platform to conduct computer security experiments. He published about 100 papers and supervised about 25 PhD thesis.\u00a0His research findings have been transferred to\u00a0the start-up Cyber-Detect, which he has co-founded. Jean-Yves Marion is a scientific board member of the French agency ANSSI. He is the head of the scientific committee of CNRS research group (GDR) on cyber-security and a member of the scientific committee of CNRS research group (GDR) in computer science and mathematics. Jean-Yves Marion has been ranked amongst the 100-most important cybersecurity people in France (by\u00a0<em>Usine Nouvelle<\/em>\u00a0business magazine).<\/p>\n","protected":false},"excerpt":{"rendered":"<p>Jean-Yves Marion\u00a0is a professor at\u00a0Universit\u00e9 de Lorraine, France. He is the Director of the computer science laboratory LORIA, comprising 400-450 researchers, affiliated to CNRS, Inria and Universit\u00e9 de Lorraine. He got his habilitation in 2002 from Universit\u00e9 Nancy 2 and his Phd Thesis from Universit\u00e9 Paris 7 in 1993. Then, he spent two years at [&hellip;]<\/p>\n","protected":false},"author":8,"featured_media":0,"parent":0,"menu_order":0,"comment_status":"closed","ping_status":"closed","template":"","meta":{"footnotes":""},"class_list":["post-462","page","type-page","status-publish","hentry"],"yoast_head":"<!-- This site is optimized with the Yoast SEO plugin v26.1.1 - https:\/\/yoast.com\/wordpress\/plugins\/seo\/ -->\n<title>Jean-Yves Marion - FPS 2025<\/title>\n<meta name=\"robots\" content=\"index, follow, max-snippet:-1, max-image-preview:large, max-video-preview:-1\" \/>\n<link rel=\"canonical\" href=\"https:\/\/hub.imt-atlantique.fr\/fps2025\/jean-yves-marion\/\" \/>\n<meta property=\"og:locale\" content=\"fr_FR\" \/>\n<meta property=\"og:type\" content=\"article\" \/>\n<meta property=\"og:title\" content=\"Jean-Yves Marion - FPS 2025\" \/>\n<meta property=\"og:description\" content=\"Jean-Yves Marion\u00a0is a professor at\u00a0Universit\u00e9 de Lorraine, France. He is the Director of the computer science laboratory LORIA, comprising 400-450 researchers, affiliated to CNRS, Inria and Universit\u00e9 de Lorraine. He got his habilitation in 2002 from Universit\u00e9 Nancy 2 and his Phd Thesis from Universit\u00e9 Paris 7 in 1993. Then, he spent two years at [&hellip;]\" \/>\n<meta property=\"og:url\" content=\"https:\/\/hub.imt-atlantique.fr\/fps2025\/jean-yves-marion\/\" \/>\n<meta property=\"og:site_name\" content=\"FPS 2025\" \/>\n<meta property=\"article:modified_time\" content=\"2025-07-07T18:25:39+00:00\" \/>\n<meta name=\"twitter:card\" content=\"summary_large_image\" \/>\n<meta name=\"twitter:label1\" content=\"Dur\u00e9e de lecture estim\u00e9e\" \/>\n\t<meta name=\"twitter:data1\" content=\"1 minute\" \/>\n<script type=\"application\/ld+json\" class=\"yoast-schema-graph\">{\"@context\":\"https:\/\/schema.org\",\"@graph\":[{\"@type\":\"WebPage\",\"@id\":\"https:\/\/hub.imt-atlantique.fr\/fps2025\/jean-yves-marion\/\",\"url\":\"https:\/\/hub.imt-atlantique.fr\/fps2025\/jean-yves-marion\/\",\"name\":\"Jean-Yves Marion - FPS 2025\",\"isPartOf\":{\"@id\":\"https:\/\/hub.imt-atlantique.fr\/fps2025\/#website\"},\"datePublished\":\"2025-07-07T18:25:38+00:00\",\"dateModified\":\"2025-07-07T18:25:39+00:00\",\"breadcrumb\":{\"@id\":\"https:\/\/hub.imt-atlantique.fr\/fps2025\/jean-yves-marion\/#breadcrumb\"},\"inLanguage\":\"fr-FR\",\"potentialAction\":[{\"@type\":\"ReadAction\",\"target\":[\"https:\/\/hub.imt-atlantique.fr\/fps2025\/jean-yves-marion\/\"]}]},{\"@type\":\"BreadcrumbList\",\"@id\":\"https:\/\/hub.imt-atlantique.fr\/fps2025\/jean-yves-marion\/#breadcrumb\",\"itemListElement\":[{\"@type\":\"ListItem\",\"position\":1,\"name\":\"Accueil\",\"item\":\"https:\/\/hub.imt-atlantique.fr\/fps2025\/\"},{\"@type\":\"ListItem\",\"position\":2,\"name\":\"Jean-Yves Marion\"}]},{\"@type\":\"WebSite\",\"@id\":\"https:\/\/hub.imt-atlantique.fr\/fps2025\/#website\",\"url\":\"https:\/\/hub.imt-atlantique.fr\/fps2025\/\",\"name\":\"FPS 2025\",\"description\":\"\",\"publisher\":{\"@id\":\"https:\/\/hub.imt-atlantique.fr\/fps2025\/#organization\"},\"potentialAction\":[{\"@type\":\"SearchAction\",\"target\":{\"@type\":\"EntryPoint\",\"urlTemplate\":\"https:\/\/hub.imt-atlantique.fr\/fps2025\/?s={search_term_string}\"},\"query-input\":{\"@type\":\"PropertyValueSpecification\",\"valueRequired\":true,\"valueName\":\"search_term_string\"}}],\"inLanguage\":\"fr-FR\"},{\"@type\":\"Organization\",\"@id\":\"https:\/\/hub.imt-atlantique.fr\/fps2025\/#organization\",\"name\":\"FPS 2025\",\"url\":\"https:\/\/hub.imt-atlantique.fr\/fps2025\/\",\"logo\":{\"@type\":\"ImageObject\",\"inLanguage\":\"fr-FR\",\"@id\":\"https:\/\/hub.imt-atlantique.fr\/fps2025\/#\/schema\/logo\/image\/\",\"url\":\"https:\/\/hub.imt-atlantique.fr\/fps2025\/wp-content\/uploads\/2025\/04\/cropped-Capture-decran-2025-04-08-a-15.45.39.png\",\"contentUrl\":\"https:\/\/hub.imt-atlantique.fr\/fps2025\/wp-content\/uploads\/2025\/04\/cropped-Capture-decran-2025-04-08-a-15.45.39.png\",\"width\":512,\"height\":512,\"caption\":\"FPS 2025\"},\"image\":{\"@id\":\"https:\/\/hub.imt-atlantique.fr\/fps2025\/#\/schema\/logo\/image\/\"}}]}<\/script>\n<!-- \/ Yoast SEO plugin. -->","yoast_head_json":{"title":"Jean-Yves Marion - FPS 2025","robots":{"index":"index","follow":"follow","max-snippet":"max-snippet:-1","max-image-preview":"max-image-preview:large","max-video-preview":"max-video-preview:-1"},"canonical":"https:\/\/hub.imt-atlantique.fr\/fps2025\/jean-yves-marion\/","og_locale":"fr_FR","og_type":"article","og_title":"Jean-Yves Marion - FPS 2025","og_description":"Jean-Yves Marion\u00a0is a professor at\u00a0Universit\u00e9 de Lorraine, France. He is the Director of the computer science laboratory LORIA, comprising 400-450 researchers, affiliated to CNRS, Inria and Universit\u00e9 de Lorraine. He got his habilitation in 2002 from Universit\u00e9 Nancy 2 and his Phd Thesis from Universit\u00e9 Paris 7 in 1993. Then, he spent two years at [&hellip;]","og_url":"https:\/\/hub.imt-atlantique.fr\/fps2025\/jean-yves-marion\/","og_site_name":"FPS 2025","article_modified_time":"2025-07-07T18:25:39+00:00","twitter_card":"summary_large_image","twitter_misc":{"Dur\u00e9e de lecture estim\u00e9e":"1 minute"},"schema":{"@context":"https:\/\/schema.org","@graph":[{"@type":"WebPage","@id":"https:\/\/hub.imt-atlantique.fr\/fps2025\/jean-yves-marion\/","url":"https:\/\/hub.imt-atlantique.fr\/fps2025\/jean-yves-marion\/","name":"Jean-Yves Marion - FPS 2025","isPartOf":{"@id":"https:\/\/hub.imt-atlantique.fr\/fps2025\/#website"},"datePublished":"2025-07-07T18:25:38+00:00","dateModified":"2025-07-07T18:25:39+00:00","breadcrumb":{"@id":"https:\/\/hub.imt-atlantique.fr\/fps2025\/jean-yves-marion\/#breadcrumb"},"inLanguage":"fr-FR","potentialAction":[{"@type":"ReadAction","target":["https:\/\/hub.imt-atlantique.fr\/fps2025\/jean-yves-marion\/"]}]},{"@type":"BreadcrumbList","@id":"https:\/\/hub.imt-atlantique.fr\/fps2025\/jean-yves-marion\/#breadcrumb","itemListElement":[{"@type":"ListItem","position":1,"name":"Accueil","item":"https:\/\/hub.imt-atlantique.fr\/fps2025\/"},{"@type":"ListItem","position":2,"name":"Jean-Yves Marion"}]},{"@type":"WebSite","@id":"https:\/\/hub.imt-atlantique.fr\/fps2025\/#website","url":"https:\/\/hub.imt-atlantique.fr\/fps2025\/","name":"FPS 2025","description":"","publisher":{"@id":"https:\/\/hub.imt-atlantique.fr\/fps2025\/#organization"},"potentialAction":[{"@type":"SearchAction","target":{"@type":"EntryPoint","urlTemplate":"https:\/\/hub.imt-atlantique.fr\/fps2025\/?s={search_term_string}"},"query-input":{"@type":"PropertyValueSpecification","valueRequired":true,"valueName":"search_term_string"}}],"inLanguage":"fr-FR"},{"@type":"Organization","@id":"https:\/\/hub.imt-atlantique.fr\/fps2025\/#organization","name":"FPS 2025","url":"https:\/\/hub.imt-atlantique.fr\/fps2025\/","logo":{"@type":"ImageObject","inLanguage":"fr-FR","@id":"https:\/\/hub.imt-atlantique.fr\/fps2025\/#\/schema\/logo\/image\/","url":"https:\/\/hub.imt-atlantique.fr\/fps2025\/wp-content\/uploads\/2025\/04\/cropped-Capture-decran-2025-04-08-a-15.45.39.png","contentUrl":"https:\/\/hub.imt-atlantique.fr\/fps2025\/wp-content\/uploads\/2025\/04\/cropped-Capture-decran-2025-04-08-a-15.45.39.png","width":512,"height":512,"caption":"FPS 2025"},"image":{"@id":"https:\/\/hub.imt-atlantique.fr\/fps2025\/#\/schema\/logo\/image\/"}}]}},"_links":{"self":[{"href":"https:\/\/hub.imt-atlantique.fr\/fps2025\/wp-json\/wp\/v2\/pages\/462","targetHints":{"allow":["GET"]}}],"collection":[{"href":"https:\/\/hub.imt-atlantique.fr\/fps2025\/wp-json\/wp\/v2\/pages"}],"about":[{"href":"https:\/\/hub.imt-atlantique.fr\/fps2025\/wp-json\/wp\/v2\/types\/page"}],"author":[{"embeddable":true,"href":"https:\/\/hub.imt-atlantique.fr\/fps2025\/wp-json\/wp\/v2\/users\/8"}],"replies":[{"embeddable":true,"href":"https:\/\/hub.imt-atlantique.fr\/fps2025\/wp-json\/wp\/v2\/comments?post=462"}],"version-history":[{"count":1,"href":"https:\/\/hub.imt-atlantique.fr\/fps2025\/wp-json\/wp\/v2\/pages\/462\/revisions"}],"predecessor-version":[{"id":463,"href":"https:\/\/hub.imt-atlantique.fr\/fps2025\/wp-json\/wp\/v2\/pages\/462\/revisions\/463"}],"wp:attachment":[{"href":"https:\/\/hub.imt-atlantique.fr\/fps2025\/wp-json\/wp\/v2\/media?parent=462"}],"curies":[{"name":"wp","href":"https:\/\/api.w.org\/{rel}","templated":true}]}}