{"id":159,"date":"2024-10-23T12:43:45","date_gmt":"2024-10-23T10:43:45","guid":{"rendered":"https:\/\/hub.imt-atlantique.fr\/icaret\/?page_id=159"},"modified":"2024-10-23T12:48:24","modified_gmt":"2024-10-23T10:48:24","slug":"universite-hassan-1er","status":"publish","type":"page","link":"https:\/\/hub.imt-atlantique.fr\/icaret\/fr\/universities\/universite-hassan-1er\/","title":{"rendered":"Universit\u00e9 Hassan 1er"},"content":{"rendered":"\n<div class=\"wp-block-columns is-layout-flex wp-container-core-columns-is-layout-9d6595d7 wp-block-columns-is-layout-flex\">\n<div class=\"wp-block-column is-vertically-aligned-top is-layout-flow wp-block-column-is-layout-flow\"><div class=\"wp-block-image\">\n<figure class=\"aligncenter size-full is-resized\"><img loading=\"lazy\" decoding=\"async\" width=\"512\" height=\"512\" src=\"https:\/\/hub.imt-atlantique.fr\/icaret\/wp-content\/uploads\/2024\/10\/hassan-1er.png\" alt=\"\" class=\"wp-image-164\" style=\"width:300px\" srcset=\"https:\/\/hub.imt-atlantique.fr\/icaret\/wp-content\/uploads\/2024\/10\/hassan-1er.png 512w, https:\/\/hub.imt-atlantique.fr\/icaret\/wp-content\/uploads\/2024\/10\/hassan-1er-300x300.png 300w, https:\/\/hub.imt-atlantique.fr\/icaret\/wp-content\/uploads\/2024\/10\/hassan-1er-150x150.png 150w\" sizes=\"auto, (max-width: 512px) 100vw, 512px\" \/><\/figure>\n<\/div><\/div>\n\n\n\n<div class=\"wp-block-column is-layout-flow wp-block-column-is-layout-flow\">\n<p><a href=\"https:\/\/www.uh1.ac.ma\/\">Universit\u00e9 Hassan 1er<\/a><\/p>\n<\/div>\n<\/div>\n\n\n\n<p>The Faculty of Science and Technology at Hassan 1er University is represented by the director of the LIDEALL research laboratory, Professor Mohammed Raj, and Professor Khalil Moussafir, educational coordinator at Hassan 1er University.<\/p>\n\n\n\n<p>The Laboratory for Research in Didactic Engineering, Entrepreneurship, Arts, Languages and Literatures (LIDEALL) brings together a multidisciplinary team of researchers in the humanities and social sciences and is interested, among other things, in issues of sociolinguistics and foreign language didactics in relation to didactic engineering. More specifically, LIDEALL is interested in the implementation and development of language teaching systems at university level.<\/p>\n\n\n\n<p>In addition, new orientations such as specialised languages, teaching for specific purposes and university teaching have given rise to new issues that help to focus thinking and provide an effective response to the new needs arising from the reality on the ground. It is precisely because of the increase and diversity of student mobility that LIDEALL has taken an interest in intercultural issues.<\/p>\n\n\n\n<p>There are many and varied didactic systems and &#8216;models&#8217; for teaching languages in higher education. Attention is focused on the University (UHP) as an appropriate framework for theoretical and didactic reflection.<\/p>\n\n\n\n<p>At the same time, the laboratory is also beginning to focus on discourse analysis, particularly in view of the emergence of new forms of discourse that call into question the relationship between language and society.<\/p>\n\n\n\n<p>Some works related to the ICARET theme<\/p>\n\n\n\n<ul class=\"wp-block-list\">\n<li>Contribution to the XIIIth GLAT International Colloquium The Connected World and Intercultural Approaches: Towards a New Paradigm of Borders? First collaboration with the ICARET project leader.<\/li>\n\n\n\n<li>International cooperation language programmes, in particular the partnership between Hassan 1er University and the Haute \u00e9cole d&#8217;H\u00e9nallux in Belgium, France (Angers, Lyon, etc.), Spain, etc.<\/li>\n\n\n\n<li>Organisation of scientific events International colloquium at Hassan 1 University (UH1) &#8221;What assessment of language teaching systems in the era of soft skills? The case of Hassan 1er University &#8211; Settat&#8221;<\/li>\n\n\n\n<li>Publication of the French language reference framework, Tremplin pour l&#8217;enseignement\/apprentissage du fran\u00e7ais langue universitaire (Springboard for the teaching\/learning of French as a university language), drawn up at UH1 level in collaboration with the team of teacher-researchers at H\u00e9nallux. This document focuses on French as a &#8216;university language&#8217; (FLU).<\/li>\n<\/ul>\n\n\n\n<p>The UH1 \/ H\u00e9nallux partnership has enabled several Erasmus and WBI (Wallonie-Bruxelles internationale) projects to be set up with various faculties:<\/p>\n\n\n\n<ul class=\"wp-block-list\">\n<li>Research-action aimed at improving the teaching of French as a foreign language (FLE) for first-year students at UH1<\/li>\n\n\n\n<li>Organisation for three years of a &#8220;Quinzaine de la langue fran\u00e7aise&#8221; (French Language Fortnight) 2014 \/ 15 and 16 (Pr. Khalil MOUSSAFIR educational coordinator at the UH1);<\/li>\n\n\n\n<li>Editing a methodological guide, coordinating and editing issue 2017-2 of the journal Le langage et l&#8217;Homme published by l&#8217;Harmattan: &#8220;Enseigner\/Apprendre le fran\u00e7ais \u00e0 l&#8217;universit\u00e9. Quelles applications pour la perspective actionnelle?&nbsp; From individual construction to collective action&#8221;.<\/li>\n<\/ul>\n\n\n\n<p>Hassan 1er University has a successful track record in university governance with European universities in France, Belgium, Spain, etc., as part of international programmes such as Erasmus, WBI, the Tempus RECET project (development of an institutional evaluation system in 14 Moroccan universities).<\/p>\n","protected":false},"excerpt":{"rendered":"<p>Universit\u00e9 Hassan 1er The Faculty of Science and Technology at Hassan 1er University is represented by the director of the LIDEALL research laboratory, Professor Mohammed Raj, and Professor Khalil Moussafir, educational coordinator at Hassan 1er University. The Laboratory for Research in Didactic Engineering, Entrepreneurship, Arts, Languages and Literatures (LIDEALL) brings together a multidisciplinary team of&hellip;&nbsp;<a href=\"https:\/\/hub.imt-atlantique.fr\/icaret\/fr\/universities\/universite-hassan-1er\/\" rel=\"bookmark\">Lire la suite &raquo;<span class=\"screen-reader-text\">Universit\u00e9 Hassan 1er<\/span><\/a><\/p>\n","protected":false},"author":3,"featured_media":0,"parent":114,"menu_order":0,"comment_status":"closed","ping_status":"closed","template":"","meta":{"neve_meta_sidebar":"","neve_meta_container":"","neve_meta_enable_content_width":"","neve_meta_content_width":0,"neve_meta_title_alignment":"","neve_meta_author_avatar":"","neve_post_elements_order":"","neve_meta_disable_header":"","neve_meta_disable_footer":"","neve_meta_disable_title":"","_themeisle_gutenberg_block_has_review":false,"footnotes":""},"class_list":["post-159","page","type-page","status-publish","hentry"],"_links":{"self":[{"href":"https:\/\/hub.imt-atlantique.fr\/icaret\/wp-json\/wp\/v2\/pages\/159","targetHints":{"allow":["GET"]}}],"collection":[{"href":"https:\/\/hub.imt-atlantique.fr\/icaret\/wp-json\/wp\/v2\/pages"}],"about":[{"href":"https:\/\/hub.imt-atlantique.fr\/icaret\/wp-json\/wp\/v2\/types\/page"}],"author":[{"embeddable":true,"href":"https:\/\/hub.imt-atlantique.fr\/icaret\/wp-json\/wp\/v2\/users\/3"}],"replies":[{"embeddable":true,"href":"https:\/\/hub.imt-atlantique.fr\/icaret\/wp-json\/wp\/v2\/comments?post=159"}],"version-history":[{"count":2,"href":"https:\/\/hub.imt-atlantique.fr\/icaret\/wp-json\/wp\/v2\/pages\/159\/revisions"}],"predecessor-version":[{"id":166,"href":"https:\/\/hub.imt-atlantique.fr\/icaret\/wp-json\/wp\/v2\/pages\/159\/revisions\/166"}],"up":[{"embeddable":true,"href":"https:\/\/hub.imt-atlantique.fr\/icaret\/wp-json\/wp\/v2\/pages\/114"}],"wp:attachment":[{"href":"https:\/\/hub.imt-atlantique.fr\/icaret\/wp-json\/wp\/v2\/media?parent=159"}],"curies":[{"name":"wp","href":"https:\/\/api.w.org\/{rel}","templated":true}]}}