{"id":222,"date":"2024-11-29T18:26:49","date_gmt":"2024-11-29T17:26:49","guid":{"rendered":"https:\/\/hub.imt-atlantique.fr\/icaret\/?page_id=222"},"modified":"2025-06-23T14:58:26","modified_gmt":"2025-06-23T12:58:26","slug":"actualites","status":"publish","type":"page","link":"https:\/\/hub.imt-atlantique.fr\/icaret\/fr\/actualites\/","title":{"rendered":"Actualit\u00e9s"},"content":{"rendered":"<div class=\"is-style-boxed wp-block-themeisle-blocks-posts-grid\" id=\"wp-block-themeisle-blocks-posts-grid-e2bccd3b\"><div class=\"is-list\"><div class=\"o-posts-grid-post-blog o-posts-grid-post-plain\"><div class=\"o-posts-grid-post\"><div class=\"o-posts-grid-post-body is-full\"><h4 class=\"o-posts-grid-post-title\"><a href=\"https:\/\/hub.imt-atlantique.fr\/icaret\/colloque-diversite-2025\/\">Colloque Diversit\u00e9 2025<\/a><\/h4><p class=\"o-posts-grid-post-meta\">Posted on <time datetime=\"2025-10-06T16:38:03+02:00\">6 octobre 2025<\/time> <\/p><div class=\"o-posts-grid-post-description\"><p>Une ann\u00e9e sur deux, la commission Diversit\u00e9 &amp; Inclusion de la CGE se r\u00e9unit dans le cadre d&amp;#821\u2026<\/p><\/div><\/div><\/div><\/div><div class=\"o-posts-grid-post-blog o-posts-grid-post-plain\"><div class=\"o-posts-grid-post\"><div class=\"o-posts-grid-post-body is-full\"><h4 class=\"o-posts-grid-post-title\"><a href=\"https:\/\/hub.imt-atlantique.fr\/icaret\/fr\/icaret-meeting-linterculturalite-entre-acteurs-internationaux\/\">ICARET Meeting &#8211; l&#8217;interculturalit\u00e9 entre acteurs internationaux<\/a><\/h4><p class=\"o-posts-grid-post-meta\">Posted on <time datetime=\"2025-04-09T14:25:10+02:00\">9 avril 2025<\/time> <\/p><div class=\"o-posts-grid-post-description\"><p>Les 7 et 8 avril derniers, les partenaires du projet multilingue et multiculturel ICARET* se sont r\u00e9\u2026<\/p><\/div><\/div><\/div><\/div><div class=\"o-posts-grid-post-blog o-posts-grid-post-plain\"><div class=\"o-posts-grid-post\"><div class=\"o-posts-grid-post-body is-full\"><h4 class=\"o-posts-grid-post-title\"><a href=\"https:\/\/hub.imt-atlantique.fr\/icaret\/fr\/11-fevrier-seminaire-didalang\/\">11 f\u00e9vrier : s\u00e9minaire Didalang<\/a><\/h4><p class=\"o-posts-grid-post-meta\">Posted on <time datetime=\"2025-02-11T14:32:56+01:00\">11 f\u00e9vrier 2025<\/time> <\/p><div class=\"o-posts-grid-post-description\"><p>Le 11 f\u00e9vrier, le s\u00e9minaire en ligne de&nbsp;Didalang&nbsp;a permis aux Voix de s\u2019exprimer sur l\u2019Int\u2026<\/p><\/div><\/div><\/div><\/div><div class=\"o-posts-grid-post-blog o-posts-grid-post-plain\"><div class=\"o-posts-grid-post\"><div class=\"o-posts-grid-post-body is-full\"><h4 class=\"o-posts-grid-post-title\"><a href=\"https:\/\/hub.imt-atlantique.fr\/icaret\/fr\/icaret-kick-off-meeting\/\">ICARET Kick-off Meeting<\/a><\/h4><p class=\"o-posts-grid-post-meta\">Posted on <time datetime=\"2024-11-09T14:37:31+01:00\">9 novembre 2024<\/time> <\/p><div class=\"o-posts-grid-post-description\"><p>Une approche interdisciplinaire pour mettre en lumi\u00e8re l\u2019interculturalit\u00e9 Les 7 et 8 novembre dernie\u2026<\/p><\/div><\/div><\/div><\/div><\/div> <\/div>","protected":false},"excerpt":{"rendered":"","protected":false},"author":7,"featured_media":0,"parent":0,"menu_order":0,"comment_status":"closed","ping_status":"closed","template":"","meta":{"neve_meta_sidebar":"","neve_meta_container":"","neve_meta_enable_content_width":"","neve_meta_content_width":0,"neve_meta_title_alignment":"","neve_meta_author_avatar":"","neve_post_elements_order":"","neve_meta_disable_header":"","neve_meta_disable_footer":"","neve_meta_disable_title":"","_themeisle_gutenberg_block_has_review":false,"footnotes":""},"class_list":["post-222","page","type-page","status-publish","hentry"],"_links":{"self":[{"href":"https:\/\/hub.imt-atlantique.fr\/icaret\/wp-json\/wp\/v2\/pages\/222","targetHints":{"allow":["GET"]}}],"collection":[{"href":"https:\/\/hub.imt-atlantique.fr\/icaret\/wp-json\/wp\/v2\/pages"}],"about":[{"href":"https:\/\/hub.imt-atlantique.fr\/icaret\/wp-json\/wp\/v2\/types\/page"}],"author":[{"embeddable":true,"href":"https:\/\/hub.imt-atlantique.fr\/icaret\/wp-json\/wp\/v2\/users\/7"}],"replies":[{"embeddable":true,"href":"https:\/\/hub.imt-atlantique.fr\/icaret\/wp-json\/wp\/v2\/comments?post=222"}],"version-history":[{"count":20,"href":"https:\/\/hub.imt-atlantique.fr\/icaret\/wp-json\/wp\/v2\/pages\/222\/revisions"}],"predecessor-version":[{"id":910,"href":"https:\/\/hub.imt-atlantique.fr\/icaret\/wp-json\/wp\/v2\/pages\/222\/revisions\/910"}],"wp:attachment":[{"href":"https:\/\/hub.imt-atlantique.fr\/icaret\/wp-json\/wp\/v2\/media?parent=222"}],"curies":[{"name":"wp","href":"https:\/\/api.w.org\/{rel}","templated":true}]}}