{"id":413,"date":"2024-12-05T16:07:11","date_gmt":"2024-12-05T15:07:11","guid":{"rendered":"https:\/\/hub.imt-atlantique.fr\/icaret\/?page_id=413"},"modified":"2025-06-16T10:56:49","modified_gmt":"2025-06-16T08:56:49","slug":"imt-atlantique","status":"publish","type":"page","link":"https:\/\/hub.imt-atlantique.fr\/icaret\/imt-atlantique\/","title":{"rendered":"IMT Atlantique"},"content":{"rendered":"\n<p>About IMT Atlantique IMT Atlantique is a leading general engineering school, ranked 4th in L\u2019Etudiant\u2019s 2024 ranking of engineering schools. IMT Atlantique is one of the top 400 universities in the world in THE World University Ranking 2025 and one of the top 100 in THE Impact. The school is internationally recognized for its research in several disciplines in the Shanghai QS and THE rankings. It is part of the Institut Mines-T\u00e9l\u00e9com and reports to the French Ministry of Industry and Digital Technologies. With 3 campuses, in Brest, Nantes and Rennes, and an incubator present on all 3 campuses, IMT Atlantique aims to combine digital, energy and environmental technologies to transform society and industry through training, research and innovation, and to be the benchmark French higher education and research establishment in this field. IMT Atlantique offers training for general engineers, most of whom are recruited through the Mines-Ponts competitive entrance examination. The school also offers three engineering degrees through apprenticeships, as well as masters, specialized masters and doctorate degrees.<\/p>\n\n\n\n<p>IMT Atlantique\u2019s courses are supported by cutting-edge research in 6 joint research units (with CNRS, INRIA, INSERM, universities and engineering schools), of which it is the supervisor: GEPEA, IRISA, LATIM, LABSTICC, LS2N and SUBATECH. The school draws on its research excellence in its flagship fields (energy and digital, cybersecurity, environment and digital, industry of the future, nuclear, health and digital, risks and interactions) and by combining scientific fields to meet the challenges of tomorrow: digital transition, environmental transition, industrial transition, energy transition, health of the future and fundamental research, supported by 2 Carnot institutes T\u00e9l\u00e9com &amp; Soci\u00e9t\u00e9 Num\u00e9rique and Carnot MINES.<\/p>\n","protected":false},"excerpt":{"rendered":"<p>About IMT Atlantique IMT Atlantique is a leading general engineering school, ranked 4th in L\u2019Etudiant\u2019s 2024 ranking of engineering schools. IMT Atlantique is one of the top 400 universities in the world in THE World University Ranking 2025 and one of the top 100 in THE Impact. The school is internationally recognized for its research&hellip;&nbsp;<a href=\"https:\/\/hub.imt-atlantique.fr\/icaret\/imt-atlantique\/\" rel=\"bookmark\">Lire la suite &raquo;<span class=\"screen-reader-text\">IMT Atlantique<\/span><\/a><\/p>\n","protected":false},"author":7,"featured_media":0,"parent":0,"menu_order":0,"comment_status":"closed","ping_status":"closed","template":"","meta":{"neve_meta_sidebar":"","neve_meta_container":"","neve_meta_enable_content_width":"","neve_meta_content_width":0,"neve_meta_title_alignment":"","neve_meta_author_avatar":"","neve_post_elements_order":"","neve_meta_disable_header":"","neve_meta_disable_footer":"","neve_meta_disable_title":"","_themeisle_gutenberg_block_has_review":false,"footnotes":""},"class_list":["post-413","page","type-page","status-publish","hentry"],"_links":{"self":[{"href":"https:\/\/hub.imt-atlantique.fr\/icaret\/wp-json\/wp\/v2\/pages\/413","targetHints":{"allow":["GET"]}}],"collection":[{"href":"https:\/\/hub.imt-atlantique.fr\/icaret\/wp-json\/wp\/v2\/pages"}],"about":[{"href":"https:\/\/hub.imt-atlantique.fr\/icaret\/wp-json\/wp\/v2\/types\/page"}],"author":[{"embeddable":true,"href":"https:\/\/hub.imt-atlantique.fr\/icaret\/wp-json\/wp\/v2\/users\/7"}],"replies":[{"embeddable":true,"href":"https:\/\/hub.imt-atlantique.fr\/icaret\/wp-json\/wp\/v2\/comments?post=413"}],"version-history":[{"count":2,"href":"https:\/\/hub.imt-atlantique.fr\/icaret\/wp-json\/wp\/v2\/pages\/413\/revisions"}],"predecessor-version":[{"id":417,"href":"https:\/\/hub.imt-atlantique.fr\/icaret\/wp-json\/wp\/v2\/pages\/413\/revisions\/417"}],"wp:attachment":[{"href":"https:\/\/hub.imt-atlantique.fr\/icaret\/wp-json\/wp\/v2\/media?parent=413"}],"curies":[{"name":"wp","href":"https:\/\/api.w.org\/{rel}","templated":true}]}}