{"id":718,"date":"2025-06-16T10:38:46","date_gmt":"2025-06-16T08:38:46","guid":{"rendered":"https:\/\/hub.imt-atlantique.fr\/icaret\/home-slovencina\/"},"modified":"2025-09-22T16:08:22","modified_gmt":"2025-09-22T14:08:22","slug":"home-slovencina","status":"publish","type":"page","link":"https:\/\/hub.imt-atlantique.fr\/icaret\/hr\/","title":{"rendered":"Home &#8211; Croate"},"content":{"rendered":"\n<div class=\"wp-block-cover alignfull is-light\" style=\"min-height:465px;aspect-ratio:unset;\"><img loading=\"lazy\" decoding=\"async\" width=\"1640\" height=\"353\" class=\"wp-block-cover__image-background wp-image-61\" alt=\"\" src=\"https:\/\/hub.imt-atlantique.fr\/icaret\/wp-content\/uploads\/2024\/10\/fd-icaret.jpg\" data-object-fit=\"cover\"\/><span aria-hidden=\"true\" class=\"wp-block-cover__background has-background-dim-0 has-background-dim\"><\/span><div class=\"wp-block-cover__inner-container is-layout-flow wp-block-cover-is-layout-flow\">\n<div class=\"wp-block-columns are-vertically-aligned-top is-layout-flex wp-container-core-columns-is-layout-9d6595d7 wp-block-columns-is-layout-flex\" style=\"border-radius:0px\">\n<div class=\"wp-block-column is-vertically-aligned-top is-layout-flow wp-block-column-is-layout-flow\" style=\"padding-right:var(--wp--preset--spacing--20);padding-left:var(--wp--preset--spacing--20);flex-basis:65%\">\n<h1 class=\"wp-block-heading\" style=\"font-size:44px\">Koncepti interkulturalnosti i&nbsp;&nbsp;razli\u010ditosti: Obnavljanje elemenata za usavr\u0161avanje<\/h1>\n\n\n\n<p class=\"has-text-align-left has-text-color has-link-color wp-elements-5168a0226d2c389d1bf133cf90bcb486\" style=\"color:#464646;font-size:17px\"><strong>ICARET<\/strong>&nbsp;| Erasmus+ projekt KA220-HED Kooperativna partnerstva <br>u visokom obrazovanju<\/p>\n<\/div>\n\n\n\n<div class=\"wp-block-column is-vertically-aligned-top is-layout-flow wp-block-column-is-layout-flow\">\n<figure class=\"wp-block-image size-full\"><img loading=\"lazy\" decoding=\"async\" width=\"512\" height=\"512\" src=\"https:\/\/hub.imt-atlantique.fr\/icaret\/wp-content\/uploads\/2024\/10\/icaret-favicon-1.png\" alt=\"\" class=\"wp-image-53\" srcset=\"https:\/\/hub.imt-atlantique.fr\/icaret\/wp-content\/uploads\/2024\/10\/icaret-favicon-1.png 512w, https:\/\/hub.imt-atlantique.fr\/icaret\/wp-content\/uploads\/2024\/10\/icaret-favicon-1-300x300.png 300w, https:\/\/hub.imt-atlantique.fr\/icaret\/wp-content\/uploads\/2024\/10\/icaret-favicon-1-150x150.png 150w\" sizes=\"auto, (max-width: 512px) 100vw, 512px\" \/><\/figure>\n<\/div>\n\n\n\n<div class=\"wp-block-column is-layout-flow wp-block-column-is-layout-flow\">\n<figure class=\"wp-block-image size-full is-resized\"><img loading=\"lazy\" decoding=\"async\" width=\"125\" height=\"125\" src=\"https:\/\/hub.imt-atlantique.fr\/icaret\/wp-content\/uploads\/2025\/01\/didalang-removebg-preview.png\" alt=\"\" class=\"wp-image-530\" style=\"width:100px;height:auto\"\/><\/figure>\n<\/div>\n<\/div>\n\n\n\n<div class=\"wp-block-group\"><div class=\"wp-block-group__inner-container is-layout-constrained wp-block-group-is-layout-constrained\">\n<div class=\"wp-block-buttons is-content-justification-right is-layout-flex wp-container-core-buttons-is-layout-3b6b0fee wp-block-buttons-is-layout-flex\" style=\"border-style:none;border-width:0px;border-radius:0px;padding-top:0;padding-right:0;padding-bottom:0;padding-left:0\">\n<div class=\"wp-block-button has-custom-width wp-block-button__width-50 https:\/\/www.youtube.com\/watch?v=EIQQc2O7hk4 animated flipInX\" id=\"projectIcaret\"><a class=\"wp-block-button__link has-nv-site-bg-color has-neve-text-color-background-color has-text-color has-background has-link-color has-border-color has-medium-font-size has-text-align-right has-custom-font-size wp-element-button\" style=\"border-color:#464646;border-width:3px;border-radius:3px;padding-top:var(--wp--preset--spacing--20);padding-right:var(--wp--preset--spacing--40);padding-bottom:var(--wp--preset--spacing--20);padding-left:var(--wp--preset--spacing--40)\" rel=\"https:\/\/www.youtube.com\/watch?v=EIQQc2O7hk4\">Ciljevi projekta ICARET<\/a><\/div>\n<\/div>\n<\/div><\/div>\n<\/div><\/div>\n\n\n\n<div class=\"wp-block-cover is-light has-custom-content-position is-position-top-center\"><span aria-hidden=\"true\" class=\"wp-block-cover__background has-background-dim-100 has-background-dim\" style=\"background-color:#FFF\"><\/span><div class=\"wp-block-cover__inner-container is-layout-constrained wp-block-cover-is-layout-constrained\">\n<p class=\"has-text-align-center animated pulse slower ticss-9790918d\" style=\"font-size:28px\">Koncepti interkulturalnosti i&nbsp;razli\u010ditosti: Obnavljanje elemenata za usavr\u0161avanje<\/p>\n\n\n\n<h2 class=\"wp-block-heading has-large-font-size\">Za\u0161to ICARET ?<\/h2>\n\n\n\n<p class=\"ticss-a8b6e053\">U visokom obrazovanju ne nedostaje takozvanih interkulturalnih programa, a mobilnost je u porastu. Me\u0111utim, 2024. se odvija u pozadini neizvjesnosti povezanih sa sukobima, bilo u Europi ili na Bliskom istoku, zbog \u010dega se zajednice povla\u010de u sebe. Pa ipak, \u010desto se pojavljuje mala fraza &#8220;Ne \u017eelim me\u0111unarodne studente u svojoj projektnoj grupi&#8221;, postavljaju\u0107i pitanja o doprinosu interkulturalnog treninga: u vrijeme kada govorimo o inkluziji i raznolikosti, ima li jo\u0161 uvijek mjesta za interkulturalno obrazovanje?<\/p>\n\n\n\n<h2 class=\"wp-block-heading has-large-font-size\">Interkulturalno, interkulturalnost, zna\u010denja?<\/h2>\n\n\n\n<p class=\"ticss-8d7ae76a\">Da bismo odgovorili na ovo pitanje, postoji va\u017ean prvi korak: shvatiti konceptualnu bit interkulturalnosti. \u0160to \u010dujemo kada ka\u017eemo &#8220;Interkulturalno&#8221;? Interkulturalnost se \u010desto povezuje s kulturolo\u0161kim razlikama razvodnjenim u popisima pogre\u0161aka koje se ne smiju \u010diniti, gube\u0107i svu konceptualnost da bi postala komparativni vodi\u010d. Me\u0111utim, znanstvene studije inzistiraju na slo\u017eenijoj dimenziji kada je rije\u010d o interkulturalnosti, impliciraju\u0107i druga\u010dnost, pluralnost, a ne razlike.<\/p>\n\n\n\n<h2 class=\"wp-block-heading has-large-font-size\">Kako sve to shvatiti?<\/h2>\n\n\n\n<p class=\"ticss-e8e2d59e\">Cilj ovog projekta je legitimirati koncept interkulturalnosti analizom terminologije koja se koristi za njegovo opisivanje. Prvi korak bit \u0107e objedinjavanje koncepata i tekstova specifi\u010dnih za podru\u010dje interkulturalnosti, kako u njegovim filozofskim aspektima, tako i u komercijalnim i upravlja\u010dkim primjenama. Tako\u0111er \u0107e se provesti kvalitativno istra\u017eivanje me\u0111u biv\u0161im studentima i akterima u me\u0111unarodnom kontekstu kako bi se bolje razumjele osnove interkulturalnosti danas.<\/p>\n\n\n\n<p class=\"ticss-41541bcf\">Kao \u0161to je istaknuto u prethodnim istra\u017eivanjima (GLAT Colloquium 2016, L&#8217;Essentiel de la M\u00e9diation, itd.), interkulturalnost, koja ponekad podsje\u0107a na devetoglavu hidru, otkriva invarijante kao \u0161to su drugost, decentralizacija, kulturne razlike i pluralnost unutar odre\u0111enog podru\u010dja.<\/p>\n\n\n\n<h2 class=\"wp-block-heading has-large-font-size\">ICARET interdisciplinarni i vi\u0161ejezi\u010dni projekt<\/h2>\n\n\n\n<p class=\"ticss-f6c479b5\">Kroz interdisciplinarni pristup koji kombinira terminologiju (M. de Gioia, Padova), filozofsko propitivanje (G. Hartung, K. Feldmann, Wuppertal) i analizu diskursa (M. Raj, K. Moussafir, Settat, C. Sabl\u00e9, Alison.Gourves-Hayward Brest) ovaj projekt ima za cilj rasvijetliti interkulturalnost u svom njegovom konceptualnom bogatstvu, kako bi promovirao interkulturalnu izobrazbu kao potporu razvoju odgovornih gra\u0111ana 21. stolje\u0107a.<\/p>\n\n\n\n<h2 class=\"wp-block-heading has-large-font-size\">Interkulturalne anegdote<\/h2>\n\n\n\n<p><strong>Why intercultural?<\/strong><br><strong>Za\u0161to interkulturalno?<\/strong><br>Na\u0161i u\u010denici nam ka\u017eu:&nbsp;<a href=\"https:\/\/hub.imt-atlantique.fr\/icaret\/testimonial\/\">faza prilagodbe je spora i te\u0161ka&#8230;<\/a>&nbsp;ako dvije strane ne poku\u0161aju do\u0107i jedna do druge! Cathy Sabl\u00e9 predstavlja interkulturalno iskustvo A., studentice iz Ju\u017ene Amerike<\/p>\n<\/div><\/div>\n\n\n\n<div class=\"wp-block-cover alignfull team-members has-nv-text-dark-bg-color has-text-color has-link-color wp-elements-bb47f92970a6f3b4adb8c55b26f2614c\" style=\"min-height:420px;aspect-ratio:unset;\"><span aria-hidden=\"true\" class=\"wp-block-cover__background has-background-dim-100 has-background-dim\" style=\"background-color:#464646\"><\/span><div class=\"wp-block-cover__inner-container is-layout-flow wp-block-cover-is-layout-flow\">\n<h2 class=\"wp-block-heading has-text-align-center ticss-42609d4c has-x-large-font-size\">\u010clanovi tima<\/h2>\n\n\n\n<div class=\"wp-block-columns is-layout-flex wp-container-core-columns-is-layout-9d6595d7 wp-block-columns-is-layout-flex\">\n<div class=\"wp-block-column ticss-4ce656f1 is-layout-flow wp-block-column-is-layout-flow\"><div class=\"wp-block-image is-style-rounded animated backInRight\">\n<figure class=\"aligncenter size-full is-resized\"><a href=\"https:\/\/hub.imt-atlantique.fr\/icaret\/cathy-sable\/\"><img loading=\"lazy\" decoding=\"async\" width=\"600\" height=\"600\" src=\"https:\/\/hub.imt-atlantique.fr\/icaret\/wp-content\/uploads\/2024\/10\/cathy-sable.jpg\" alt=\"\" class=\"wp-image-90\" style=\"object-fit:cover;width:188px;height:auto\"\/><\/a><\/figure>\n<\/div>\n\n\n<p class=\"has-text-align-center has-nv-text-dark-bg-color has-text-color has-small-font-size\" style=\"text-transform:uppercase\"><strong><strong>Cathy sabl\u00c9<\/strong><\/strong><\/p>\n<\/div>\n\n\n\n<div class=\"wp-block-column ticss-f6fc7494 is-layout-flow wp-block-column-is-layout-flow\"><div class=\"wp-block-image is-style-rounded animated backInRight\">\n<figure class=\"aligncenter size-full is-resized\"><a href=\"https:\/\/hub.imt-atlantique.fr\/icaret\/alison-gourves-hayward\/\"><img loading=\"lazy\" decoding=\"async\" width=\"600\" height=\"600\" src=\"https:\/\/hub.imt-atlantique.fr\/icaret\/wp-content\/uploads\/2024\/10\/alison-gourves-hayward.jpg\" alt=\"\" class=\"wp-image-89\" style=\"object-fit:cover;width:188px;height:auto\"\/><\/a><\/figure>\n<\/div>\n\n\n<p class=\"has-text-align-center has-nv-text-dark-bg-color has-text-color has-small-font-size\" style=\"text-transform:uppercase\"><strong><strong>alison gourves-hayward<\/strong><\/strong><\/p>\n<\/div>\n\n\n\n<div class=\"wp-block-column ticss-a5b4df29 is-layout-flow wp-block-column-is-layout-flow\"><div class=\"wp-block-image is-style-rounded animated backInRight\">\n<figure class=\"aligncenter size-full is-resized\"><a href=\"https:\/\/hub.imt-atlantique.fr\/icaret\/melanie-blanchard\/\"><img loading=\"lazy\" decoding=\"async\" width=\"600\" height=\"600\" src=\"https:\/\/hub.imt-atlantique.fr\/icaret\/wp-content\/uploads\/2024\/10\/melb.jpg\" alt=\"\" class=\"wp-image-103\" style=\"object-fit:cover;width:188px;height:auto\"\/><\/a><\/figure>\n<\/div>\n\n\n<p class=\"has-text-align-center has-nv-text-dark-bg-color has-text-color has-small-font-size\" style=\"text-transform:uppercase\"><strong><strong>MELanie Blanchard<\/strong><\/strong><\/p>\n<\/div>\n\n\n\n<div class=\"wp-block-column ticss-a5b4df29 is-layout-flow wp-block-column-is-layout-flow\"><div class=\"wp-block-image is-style-rounded animated backInRight\">\n<figure class=\"aligncenter size-full is-resized\"><a href=\"https:\/\/hub.imt-atlantique.fr\/icaret\/michele-de-gioia\/\"><img loading=\"lazy\" decoding=\"async\" width=\"600\" height=\"600\" src=\"https:\/\/hub.imt-atlantique.fr\/icaret\/wp-content\/uploads\/2024\/10\/michele-de-gioia.jpg\" alt=\"\" class=\"wp-image-96\" style=\"object-fit:cover;width:186px;height:auto\"\/><\/a><\/figure>\n<\/div>\n\n\n<p class=\"has-text-align-center has-nv-text-dark-bg-color has-text-color has-small-font-size\" style=\"text-transform:uppercase\"><strong><strong>michele de gioia<\/strong><\/strong><\/p>\n<\/div>\n<\/div>\n\n\n\n<div class=\"wp-block-columns is-layout-flex wp-container-core-columns-is-layout-9d6595d7 wp-block-columns-is-layout-flex\">\n<div class=\"wp-block-column ticss-a5b4df29 is-layout-flow wp-block-column-is-layout-flow\"><div class=\"wp-block-image is-style-rounded animated backInRight\">\n<figure class=\"aligncenter size-full is-resized\"><a href=\"https:\/\/hub.imt-atlantique.fr\/icaret\/klaus-feldmann\/\"><img loading=\"lazy\" decoding=\"async\" width=\"600\" height=\"600\" src=\"https:\/\/hub.imt-atlantique.fr\/icaret\/wp-content\/uploads\/2024\/10\/klaus-feldmann.jpg\" alt=\"\" class=\"wp-image-95\" style=\"object-fit:cover;width:201px;height:auto\"\/><\/a><\/figure>\n<\/div>\n\n\n<p class=\"has-text-align-center has-nv-text-dark-bg-color has-text-color has-small-font-size\" style=\"text-transform:uppercase\"><strong>KLAUS FELDMANN<\/strong><\/p>\n<\/div>\n\n\n\n<div class=\"wp-block-column ticss-a5b4df29 is-layout-flow wp-block-column-is-layout-flow\"><div class=\"wp-block-image is-style-rounded animated backInRight\">\n<figure class=\"aligncenter size-full is-resized\"><a href=\"https:\/\/hub.imt-atlantique.fr\/icaret\/gerald-hartung\/\"><img loading=\"lazy\" decoding=\"async\" width=\"600\" height=\"600\" src=\"https:\/\/hub.imt-atlantique.fr\/icaret\/wp-content\/uploads\/2024\/10\/gerald-hartung.jpg\" alt=\"\" class=\"wp-image-92\" style=\"object-fit:cover;width:211px;height:auto\"\/><\/a><\/figure>\n<\/div>\n\n\n<p class=\"has-text-align-center has-nv-text-dark-bg-color has-text-color has-small-font-size\" style=\"text-transform:uppercase\"><strong>GERALD HARTUNG<\/strong><\/p>\n<\/div>\n\n\n\n<div class=\"wp-block-column ticss-a5b4df29 is-layout-flow wp-block-column-is-layout-flow\"><div class=\"wp-block-image is-style-rounded animated backInRight\">\n<figure class=\"aligncenter size-full is-resized\"><a href=\"https:\/\/hub.imt-atlantique.fr\/icaret\/silvana-alberti\/\"><img loading=\"lazy\" decoding=\"async\" width=\"6467\" height=\"6540\" src=\"https:\/\/hub.imt-atlantique.fr\/icaret\/wp-content\/uploads\/2025\/09\/silvana.jpeg\" alt=\"\" class=\"wp-image-899\" style=\"object-fit:cover;width:211px;height:auto\"\/><\/a><\/figure>\n<\/div>\n\n\n<p class=\"has-text-align-center has-nv-text-dark-bg-color has-text-color has-small-font-size\" style=\"text-transform:uppercase\"><strong>SILVANA ALBERTI<\/strong><\/p>\n<\/div>\n<\/div>\n\n\n\n<div class=\"wp-block-columns is-layout-flex wp-container-core-columns-is-layout-9d6595d7 wp-block-columns-is-layout-flex\">\n<div class=\"wp-block-column ticss-a5b4df29 is-layout-flow wp-block-column-is-layout-flow\"><div class=\"wp-block-image is-style-rounded animated backInRight\">\n<figure class=\"aligncenter size-full is-resized\"><a href=\"https:\/\/hub.imt-atlantique.fr\/icaret\/mohammed-raj\/\"><img loading=\"lazy\" decoding=\"async\" width=\"600\" height=\"600\" src=\"https:\/\/hub.imt-atlantique.fr\/icaret\/wp-content\/uploads\/2024\/10\/mohammed-raj.jpg\" alt=\"\" class=\"wp-image-116\" style=\"object-fit:cover;width:200px;height:auto\"\/><\/a><\/figure>\n<\/div>\n\n\n<p class=\"has-text-align-center has-nv-text-dark-bg-color has-text-color has-small-font-size\" style=\"text-transform:uppercase\"><strong>MOHAMMED RAJ<\/strong><\/p>\n<\/div>\n\n\n\n<div class=\"wp-block-column ticss-a5b4df29 is-layout-flow wp-block-column-is-layout-flow\"><div class=\"wp-block-image is-style-rounded animated backInRight\">\n<figure class=\"aligncenter size-full is-resized\"><a href=\"https:\/\/hub.imt-atlantique.fr\/icaret\/khalil-moussafir\/\"><img loading=\"lazy\" decoding=\"async\" width=\"600\" height=\"600\" src=\"https:\/\/hub.imt-atlantique.fr\/icaret\/wp-content\/uploads\/2024\/10\/khalil-moussafir.jpg\" alt=\"\" class=\"wp-image-94\" style=\"object-fit:cover;width:198px;height:auto\"\/><\/a><\/figure>\n<\/div>\n\n\n<p class=\"has-text-align-center has-nv-text-dark-bg-color has-text-color has-small-font-size\" style=\"text-transform:uppercase\"><strong>KHALIL MOUSSAFIR<\/strong><\/p>\n<\/div>\n\n\n\n<div class=\"wp-block-column ticss-a5b4df29 is-layout-flow wp-block-column-is-layout-flow\"><div class=\"wp-block-image is-style-rounded animated backInRight\">\n<figure class=\"aligncenter size-full is-resized\"><a href=\"https:\/\/hub.imt-atlantique.fr\/icaret\/felipe-penaranda-foix\/\"><img loading=\"lazy\" decoding=\"async\" width=\"600\" height=\"600\" src=\"https:\/\/hub.imt-atlantique.fr\/icaret\/wp-content\/uploads\/2024\/10\/felipe-penaranda-foix.jpg\" alt=\"\" class=\"wp-image-91\" style=\"object-fit:cover;width:204px;height:auto\"\/><\/a><\/figure>\n<\/div>\n\n\n<p class=\"has-text-align-center has-nv-text-dark-bg-color has-text-color has-small-font-size\" style=\"text-transform:uppercase\"><strong>FELIPE PENARANDA FOIX<\/strong><\/p>\n<\/div>\n<\/div>\n\n\n\n<div style=\"height:0px\" aria-hidden=\"true\" class=\"wp-block-spacer\"><\/div>\n\n\n\n<div class=\"wp-block-columns is-layout-flex wp-container-core-columns-is-layout-9d6595d7 wp-block-columns-is-layout-flex\">\n<div class=\"wp-block-column is-layout-flow wp-block-column-is-layout-flow\">\n<div class=\"wp-block-columns is-layout-flex wp-container-core-columns-is-layout-9d6595d7 wp-block-columns-is-layout-flex\">\n<div class=\"wp-block-column ticss-a5b4df29 is-layout-flow wp-block-column-is-layout-flow\"><div class=\"wp-block-image is-style-rounded animated backInRight\">\n<figure class=\"aligncenter size-full is-resized\"><a href=\"https:\/\/hub.imt-atlantique.fr\/icaret\/ana-radovic\/\"><img loading=\"lazy\" decoding=\"async\" width=\"600\" height=\"600\" src=\"https:\/\/hub.imt-atlantique.fr\/icaret\/wp-content\/uploads\/2024\/10\/slika-ana.jpg\" alt=\"\" class=\"wp-image-97\" style=\"object-fit:cover;width:200px;height:auto\"\/><\/a><\/figure>\n<\/div>\n\n\n<p class=\"has-text-align-center has-nv-text-dark-bg-color has-text-color has-small-font-size\" style=\"text-transform:uppercase\"><strong>Ana<\/strong> <strong>Radovic<\/strong><\/p>\n<\/div>\n\n\n\n<div class=\"wp-block-column ticss-a5b4df29 is-layout-flow wp-block-column-is-layout-flow\"><div class=\"wp-block-image is-style-rounded animated backInRight\">\n<figure class=\"aligncenter size-large is-resized\"><a href=\"https:\/\/hub.imt-atlantique.fr\/icaret\/jurica-babic\/\"><img loading=\"lazy\" decoding=\"async\" width=\"600\" height=\"600\" src=\"https:\/\/hub.imt-atlantique.fr\/icaret\/wp-content\/uploads\/2024\/10\/jurica-babic.jpg\" alt=\"\" class=\"wp-image-93\" style=\"object-fit:cover;width:196px;height:auto\"\/><\/a><\/figure>\n<\/div>\n\n\n<p class=\"has-text-align-center has-nv-text-dark-bg-color has-text-color has-small-font-size\" style=\"text-transform:uppercase\"><strong>jurica babic<\/strong><\/p>\n<\/div>\n<\/div>\n<\/div>\n\n\n\n<div class=\"wp-block-column is-layout-flow wp-block-column-is-layout-flow\">\n<div class=\"wp-block-columns is-layout-flex wp-container-core-columns-is-layout-9d6595d7 wp-block-columns-is-layout-flex\">\n<div class=\"wp-block-column ticss-a5b4df29 is-layout-flow wp-block-column-is-layout-flow\"><div class=\"wp-block-image is-style-rounded animated backInRight\">\n<figure class=\"aligncenter size-large is-resized\"><a href=\"https:\/\/hub.imt-atlantique.fr\/icaret\/ivana-slosic\/\"><img loading=\"lazy\" decoding=\"async\" width=\"1024\" height=\"1024\" src=\"https:\/\/hub.imt-atlantique.fr\/icaret\/wp-content\/uploads\/2025\/09\/IS-01-1024x1024.png\" alt=\"\" class=\"wp-image-882\" style=\"object-fit:cover;width:206px;height:auto\" srcset=\"https:\/\/hub.imt-atlantique.fr\/icaret\/wp-content\/uploads\/2025\/09\/IS-01-1024x1024.png 1024w, https:\/\/hub.imt-atlantique.fr\/icaret\/wp-content\/uploads\/2025\/09\/IS-01-300x300.png 300w, https:\/\/hub.imt-atlantique.fr\/icaret\/wp-content\/uploads\/2025\/09\/IS-01-150x150.png 150w, https:\/\/hub.imt-atlantique.fr\/icaret\/wp-content\/uploads\/2025\/09\/IS-01-768x768.png 768w, https:\/\/hub.imt-atlantique.fr\/icaret\/wp-content\/uploads\/2025\/09\/IS-01.png 1210w\" sizes=\"auto, (max-width: 1024px) 100vw, 1024px\" \/><\/a><\/figure>\n<\/div>\n\n\n<p class=\"has-text-align-center has-nv-text-dark-bg-color has-text-color has-small-font-size\" style=\"text-transform:uppercase\"><strong>IVANA SLOSIC<\/strong><\/p>\n<\/div>\n\n\n\n<div class=\"wp-block-column ticss-a5b4df29 is-layout-flow wp-block-column-is-layout-flow\"><div class=\"wp-block-image is-style-rounded animated backInRight\">\n<figure class=\"aligncenter size-full is-resized\"><a href=\"https:\/\/hub.imt-atlantique.fr\/icaret\/lea-togbe\/\"><img loading=\"lazy\" decoding=\"async\" width=\"665\" height=\"665\" src=\"https:\/\/hub.imt-atlantique.fr\/icaret\/wp-content\/uploads\/2025\/05\/lea-picture.jpeg\" alt=\"\" class=\"wp-image-685\" style=\"object-fit:cover;width:196px;height:auto\"\/><\/a><\/figure>\n<\/div>\n\n\n<p class=\"has-text-align-center has-nv-text-dark-bg-color has-text-color has-small-font-size\" style=\"text-transform:uppercase\"><strong>LEA TOGBE<\/strong><\/p>\n<\/div>\n<\/div>\n<\/div>\n<\/div>\n<\/div><\/div>\n\n\n\n<div class=\"wp-block-columns is-layout-flex wp-container-core-columns-is-layout-9d6595d7 wp-block-columns-is-layout-flex\">\n<div class=\"wp-block-column is-layout-flow wp-block-column-is-layout-flow\" style=\"flex-basis:100%\">\n<div class=\"wp-block-columns is-layout-flex wp-container-core-columns-is-layout-9d6595d7 wp-block-columns-is-layout-flex\">\n<div class=\"wp-block-column ticss-1f882c40 has-large-font-size is-layout-flow wp-block-column-is-layout-flow\" style=\"padding-top:var(--wp--preset--spacing--20);padding-right:0;padding-bottom:var(--wp--preset--spacing--20);padding-left:0;flex-basis:100%\">\n<p class=\"has-text-align-center animated jackInTheBox has-nv-site-bg-background-color has-text-color has-background has-link-color has-large-font-size wp-elements-e88315992004fa370cd9628c3337de8f wp-container-content-9cfa9a5a\" style=\"border-style:none;border-width:0px;border-radius:0px;color:#464646\">&#8211; <strong><em>400 000\u20ac Bud\u017eet<\/em><\/strong> &#8211;<\/p>\n\n\n\n<div id=\"wp-block-themeisle-blocks-countdown-f4ac3bc8\" data-date=\"2027-08-31T09:00:00\" class=\"wp-block-themeisle-blocks-countdown animated bounceIn delay-100ms o-anim-hover\"><div class=\"otter-countdown__container\"><div class=\"otter-countdown__display\"><div name=\"day\" class=\"otter-countdown__display-area is-main-component\"><div class=\"otter-countdown__value\">0<\/div><div class=\"otter-countdown__label\">Day<\/div><\/div><div name=\"hour\" class=\"otter-countdown__display-area is-main-component\"><div class=\"otter-countdown__value\">0<\/div><div class=\"otter-countdown__label\">Hour<\/div><\/div><div name=\"minute\" class=\"otter-countdown__display-area is-main-component\"><div class=\"otter-countdown__value\">0<\/div><div class=\"otter-countdown__label\">Minute<\/div><\/div><div name=\"second\" class=\"otter-countdown__display-area is-main-component\"><div class=\"otter-countdown__value\">0<\/div><div class=\"otter-countdown__label\">Second<\/div><\/div><\/div><\/div><\/div>\n<\/div>\n<\/div>\n<\/div>\n<\/div>\n\n\n<div class=\"wp-block-image\">\n<figure class=\"alignleft size-full is-resized\"><img loading=\"lazy\" decoding=\"async\" width=\"1964\" height=\"561\" src=\"https:\/\/hub.imt-atlantique.fr\/icaret\/wp-content\/uploads\/2024\/10\/eu_flag_co_funded_pos_right.jpg\" alt=\"\" class=\"wp-image-80\" style=\"width:335px;height:auto\"\/><\/figure>\n<\/div>\n\n\n<p class=\"has-large-font-size\">Icaret je sufinanciran od strane Erasmus+ Programa Europske Unije<\/p>\n\n\n\n<p><\/p>\n","protected":false},"excerpt":{"rendered":"<p>&#8211; 400 000\u20ac Bud\u017eet &#8211; Icaret je sufinanciran od strane Erasmus+ Programa Europske Unije<\/p>\n","protected":false},"author":3,"featured_media":0,"parent":0,"menu_order":0,"comment_status":"closed","ping_status":"closed","template":"","meta":{"neve_meta_sidebar":"","neve_meta_container":"","neve_meta_enable_content_width":"","neve_meta_content_width":0,"neve_meta_title_alignment":"","neve_meta_author_avatar":"","neve_post_elements_order":"","neve_meta_disable_header":"","neve_meta_disable_footer":"","neve_meta_disable_title":"","_themeisle_gutenberg_block_has_review":false,"footnotes":""},"class_list":["post-718","page","type-page","status-publish","hentry"],"_links":{"self":[{"href":"https:\/\/hub.imt-atlantique.fr\/icaret\/wp-json\/wp\/v2\/pages\/718","targetHints":{"allow":["GET"]}}],"collection":[{"href":"https:\/\/hub.imt-atlantique.fr\/icaret\/wp-json\/wp\/v2\/pages"}],"about":[{"href":"https:\/\/hub.imt-atlantique.fr\/icaret\/wp-json\/wp\/v2\/types\/page"}],"author":[{"embeddable":true,"href":"https:\/\/hub.imt-atlantique.fr\/icaret\/wp-json\/wp\/v2\/users\/3"}],"replies":[{"embeddable":true,"href":"https:\/\/hub.imt-atlantique.fr\/icaret\/wp-json\/wp\/v2\/comments?post=718"}],"version-history":[{"count":5,"href":"https:\/\/hub.imt-atlantique.fr\/icaret\/wp-json\/wp\/v2\/pages\/718\/revisions"}],"predecessor-version":[{"id":901,"href":"https:\/\/hub.imt-atlantique.fr\/icaret\/wp-json\/wp\/v2\/pages\/718\/revisions\/901"}],"wp:attachment":[{"href":"https:\/\/hub.imt-atlantique.fr\/icaret\/wp-json\/wp\/v2\/media?parent=718"}],"curies":[{"name":"wp","href":"https:\/\/api.w.org\/{rel}","templated":true}]}}