{"id":719,"date":"2025-06-16T10:38:46","date_gmt":"2025-06-16T08:38:46","guid":{"rendered":"https:\/\/hub.imt-atlantique.fr\/icaret\/home-italiano\/"},"modified":"2025-09-22T16:10:09","modified_gmt":"2025-09-22T14:10:09","slug":"home-italiano","status":"publish","type":"page","link":"https:\/\/hub.imt-atlantique.fr\/icaret\/it\/","title":{"rendered":"Home &#8211; Italiano"},"content":{"rendered":"\n<div class=\"wp-block-cover alignfull is-light\" style=\"min-height:434px;aspect-ratio:unset;\"><img loading=\"lazy\" decoding=\"async\" width=\"1640\" height=\"353\" class=\"wp-block-cover__image-background wp-image-61\" alt=\"\" src=\"https:\/\/hub.imt-atlantique.fr\/icaret\/wp-content\/uploads\/2024\/10\/fd-icaret.jpg\" data-object-fit=\"cover\"\/><span aria-hidden=\"true\" class=\"wp-block-cover__background has-background-dim-0 has-background-dim\"><\/span><div class=\"wp-block-cover__inner-container is-layout-flow wp-block-cover-is-layout-flow\">\n<div class=\"wp-block-columns are-vertically-aligned-top is-layout-flex wp-container-core-columns-is-layout-9d6595d7 wp-block-columns-is-layout-flex\" style=\"border-radius:0px\">\n<div class=\"wp-block-column is-vertically-aligned-top is-layout-flow wp-block-column-is-layout-flow\" style=\"padding-right:var(--wp--preset--spacing--20);padding-left:var(--wp--preset--spacing--20);flex-basis:65%\">\n<h1 class=\"wp-block-heading\" style=\"font-size:44px\">Concetti di interculturalit\u00e0 e alterit\u00e0: rinnovare gli strumenti della formazione<\/h1>\n\n\n\n<p class=\"has-text-align-left has-text-color has-link-color wp-elements-b125d6fb5e415617dd0cdb042dee70b5\" style=\"color:#464646;font-size:17px\"><strong>ICARET<\/strong> | Progetto Erasmus+ KA220-HED<br>Partenariati di Cooperazione nell\u2019istruzione superiore<\/p>\n\n\n\n<div class=\"wp-block-buttons is-content-justification-right is-layout-flex wp-container-core-buttons-is-layout-3b6b0fee wp-block-buttons-is-layout-flex\" style=\"border-style:none;border-width:0px;border-radius:0px;padding-top:0;padding-right:0;padding-bottom:0;padding-left:0\"><\/div>\n<\/div>\n\n\n\n<div class=\"wp-block-column is-vertically-aligned-top is-layout-flow wp-block-column-is-layout-flow\">\n<figure class=\"wp-block-image size-full\"><img loading=\"lazy\" decoding=\"async\" width=\"512\" height=\"512\" src=\"https:\/\/hub.imt-atlantique.fr\/icaret\/wp-content\/uploads\/2024\/10\/icaret-favicon-1.png\" alt=\"\" class=\"wp-image-53\" srcset=\"https:\/\/hub.imt-atlantique.fr\/icaret\/wp-content\/uploads\/2024\/10\/icaret-favicon-1.png 512w, https:\/\/hub.imt-atlantique.fr\/icaret\/wp-content\/uploads\/2024\/10\/icaret-favicon-1-300x300.png 300w, https:\/\/hub.imt-atlantique.fr\/icaret\/wp-content\/uploads\/2024\/10\/icaret-favicon-1-150x150.png 150w\" sizes=\"auto, (max-width: 512px) 100vw, 512px\" \/><\/figure>\n<\/div>\n\n\n\n<div class=\"wp-block-column is-layout-flow wp-block-column-is-layout-flow\">\n<figure class=\"wp-block-image size-full is-resized\"><img loading=\"lazy\" decoding=\"async\" width=\"125\" height=\"125\" src=\"https:\/\/hub.imt-atlantique.fr\/icaret\/wp-content\/uploads\/2025\/01\/didalang-removebg-preview.png\" alt=\"\" class=\"wp-image-530\" style=\"width:100px;height:auto\"\/><\/figure>\n<\/div>\n<\/div>\n<\/div><\/div>\n\n\n\n<div class=\"wp-block-cover is-light has-custom-content-position is-position-top-center\"><span aria-hidden=\"true\" class=\"wp-block-cover__background has-background-dim-100 has-background-dim\" style=\"background-color:#FFF\"><\/span><div class=\"wp-block-cover__inner-container is-layout-constrained wp-block-cover-is-layout-constrained\">\n<p class=\"has-text-align-center animated pulse slower ticss-9790918d\" style=\"font-size:27px\">Concetti di interculturalit\u00e0 e alterit\u00e0: rinnovare gli strumenti della formazione<\/p>\n\n\n\n<h2 class=\"wp-block-heading has-large-font-size\" style=\"padding-top:20px;padding-bottom:0px\">Perch\u00e9 ICARET?<\/h2>\n\n\n\n<p class=\"ticss-a8b6e053\">Sebbene l\u2019istruzione superiore offra numerosi programmi etichettati come \u201cinterculturali\u201d e la mobilit\u00e0 sia in aumento, il 2024 ha preso avvio in un clima generale di profonde incertezze, aggravate dai conflitti in Europa e in Medio Oriente, che hanno spinto molte comunit\u00e0 a chiudersi in logiche autoreferenziali. Affermazioni quali \u201cNon voglio studenti internazionali nel mio gruppo di lavoro\u201d non sono mancate e continuano a sollevare interrogativi sull\u2019apporto della formazione interculturale. In questo contesto, mentre si moltiplicano i discorsi sull\u2019inclusione e sulla diversit\u00e0, ha ancora senso l\u2019educazione interculturale?<\/p>\n\n\n\n<h2 class=\"wp-block-heading has-large-font-size\">Interculturale, interculturalit\u00e0\u2026 Ma cosa intendiamo davvero?<\/h2>\n\n\n\n<p class=\"ticss-8d7ae76a\">Per rispondere a questa domanda il primo passo consiste nel cogliere l\u2019essenza concettuale dell\u2019interculturalit\u00e0. Questa parola spesso evoca un insieme di differenze culturali ridotte a elenchi di errori da non commettere, e finisce cos\u00ec per perdere ogni dimensione concettuale trasformandosi in una semplice guida comparativa. Eppure, studi scientifici insistono su una prospettiva ben pi\u00f9 complessa dell\u2019interculturalit\u00e0, che va oltre la mera contrapposizione tra culture differenti e coinvolge la pluralit\u00e0 e l\u2019alterit\u00e0.<\/p>\n\n\n\n<h2 class=\"wp-block-heading has-large-font-size\">Come orientarsi?<\/h2>\n\n\n\n<p>Il progetto ICARET mira a chiarire e consolidare il concetto di interculturalit\u00e0 attraverso l\u2019analisi della terminologia utilizzata per descriverla. Sar\u00e0 effettuata una raccolta dei principali concetti e testi di riferimento relativi all\u2019interculturalit\u00e0, provenienti sia dal campo filosofico,<br>sia da quello gestionale e commerciale. Tale ricognizione, gi\u00e0 di per s\u00e9 qualitativamente orientata, sar\u00e0 completata da un\u2019indagine sul campo condotta presso ex studenti e operatori del settore internazionale. L\u2019obiettivo \u00e8 comprendere quali elementi concettuali risultino oggi<br>fondamentali.<\/p>\n\n\n\n<p>Come evidenziato in studi precedenti (per esempio gli Atti del Convegno GLAT 2016 oppure il volume L\u2019essentiel de la m\u00e9diation del 2020), l\u2019interculturalit\u00e0, talvolta assimilata a un\u2019idra a nove teste, rinvia tuttavia a elementi ricorrenti quali l\u2019alterit\u00e0, il decentramento, le differenze<br>culturali e la pluralit\u00e0.<\/p>\n\n\n\n<h2 class=\"wp-block-heading has-large-font-size\">ICARET, un progetto interdisciplinare e multilingue<\/h2>\n\n\n\n<p class=\"ticss-f6c479b5\">\u00c8 attraverso un approccio interdisciplinare \u2014 che combina terminologia (M. De Gioia, Padova), interrogazione filosofica (G. Hartung, K. Feldmann, Wuppertal) e analisi del discorso (M. Raj, K. Moussafir, Settat; C. Sabl\u00e9, A. Gourves-Hayward, Brest) \u2014 che il progetto si propone<br>di far luce sulla ricchezza concettuale dell\u2019interculturalit\u00e0, al fine di promuovere una formazione interculturale in grado di promuovere una cittadinanza attiva e responsabile nel XXI secolo.<\/p>\n\n\n\n<h2 class=\"wp-block-heading has-large-font-size\">Aneddoti interculturali<\/h2>\n\n\n\n<p><strong>Perch\u00e9 parlare di interculturalit\u00e0?<\/strong><br>Ce lo ricordano gli studenti stessi: la fase di adattamento \u00e8 lenta e complessa\u2026 se non vi \u00e8 un reale tentativo di avvicinamento reciproco.<br>Cathy Sabl\u00e9 presenta un\u2019esperienza interculturale vissuta da A., studentessa originaria dell\u2019America del Sud.<\/p>\n<\/div><\/div>\n\n\n\n<div class=\"wp-block-cover alignfull team-members has-nv-text-dark-bg-color has-text-color has-link-color wp-elements-a52ca9bdb9e5553f404632beb5547f86\" style=\"min-height:420px;aspect-ratio:unset;\"><span aria-hidden=\"true\" class=\"wp-block-cover__background has-background-dim-100 has-background-dim\" style=\"background-color:#464646\"><\/span><div class=\"wp-block-cover__inner-container is-layout-flow wp-block-cover-is-layout-flow\">\n<h2 class=\"wp-block-heading has-text-align-center ticss-42609d4c has-x-large-font-size\">Componenti del Gruppo di lavoro <\/h2>\n\n\n\n<div class=\"wp-block-columns is-layout-flex wp-container-core-columns-is-layout-9d6595d7 wp-block-columns-is-layout-flex\">\n<div class=\"wp-block-column ticss-4ce656f1 is-layout-flow wp-block-column-is-layout-flow\"><div class=\"wp-block-image is-style-rounded animated backInRight\">\n<figure class=\"aligncenter size-full is-resized\"><a href=\"https:\/\/hub.imt-atlantique.fr\/icaret\/cathy-sable\/\"><img loading=\"lazy\" decoding=\"async\" width=\"600\" height=\"600\" src=\"https:\/\/hub.imt-atlantique.fr\/icaret\/wp-content\/uploads\/2024\/10\/cathy-sable.jpg\" alt=\"\" class=\"wp-image-90\" style=\"object-fit:cover;width:188px;height:auto\"\/><\/a><\/figure>\n<\/div>\n\n\n<p class=\"has-text-align-center has-nv-text-dark-bg-color has-text-color has-small-font-size\" style=\"text-transform:uppercase\"><strong><strong>Cathy sabl\u00c9<\/strong><\/strong><\/p>\n<\/div>\n\n\n\n<div class=\"wp-block-column ticss-f6fc7494 is-layout-flow wp-block-column-is-layout-flow\"><div class=\"wp-block-image is-style-rounded animated backInRight\">\n<figure class=\"aligncenter size-full is-resized\"><a href=\"https:\/\/hub.imt-atlantique.fr\/icaret\/alison-gourves-hayward\/\"><img loading=\"lazy\" decoding=\"async\" width=\"600\" height=\"600\" src=\"https:\/\/hub.imt-atlantique.fr\/icaret\/wp-content\/uploads\/2024\/10\/alison-gourves-hayward.jpg\" alt=\"\" class=\"wp-image-89\" style=\"object-fit:cover;width:188px;height:auto\"\/><\/a><\/figure>\n<\/div>\n\n\n<p class=\"has-text-align-center has-nv-text-dark-bg-color has-text-color has-small-font-size\" style=\"text-transform:uppercase\"><strong><strong>alison gourves-hayward<\/strong><\/strong><\/p>\n<\/div>\n\n\n\n<div class=\"wp-block-column ticss-a5b4df29 is-layout-flow wp-block-column-is-layout-flow\"><div class=\"wp-block-image is-style-rounded animated backInRight\">\n<figure class=\"aligncenter size-full is-resized\"><a href=\"https:\/\/hub.imt-atlantique.fr\/icaret\/melanie-blanchard\/\"><img loading=\"lazy\" decoding=\"async\" width=\"600\" height=\"600\" src=\"https:\/\/hub.imt-atlantique.fr\/icaret\/wp-content\/uploads\/2024\/10\/melb.jpg\" alt=\"\" class=\"wp-image-103\" style=\"object-fit:cover;width:188px;height:auto\"\/><\/a><\/figure>\n<\/div>\n\n\n<p class=\"has-text-align-center has-nv-text-dark-bg-color has-text-color has-small-font-size\" style=\"text-transform:uppercase\"><strong><strong>MELanie Blanchard<\/strong><\/strong><\/p>\n<\/div>\n\n\n\n<div class=\"wp-block-column ticss-a5b4df29 is-layout-flow wp-block-column-is-layout-flow\"><div class=\"wp-block-image is-style-rounded animated backInRight\">\n<figure class=\"aligncenter size-full is-resized\"><a href=\"https:\/\/hub.imt-atlantique.fr\/icaret\/michele-de-gioia\/\"><img loading=\"lazy\" decoding=\"async\" width=\"600\" height=\"600\" src=\"https:\/\/hub.imt-atlantique.fr\/icaret\/wp-content\/uploads\/2024\/10\/michele-de-gioia.jpg\" alt=\"\" class=\"wp-image-96\" style=\"object-fit:cover;width:186px;height:auto\"\/><\/a><\/figure>\n<\/div>\n\n\n<p class=\"has-text-align-center has-nv-text-dark-bg-color has-text-color has-small-font-size\" style=\"text-transform:uppercase\"><strong><strong>michele de gioia<\/strong><\/strong><\/p>\n<\/div>\n<\/div>\n\n\n\n<div class=\"wp-block-columns is-layout-flex wp-container-core-columns-is-layout-9d6595d7 wp-block-columns-is-layout-flex\">\n<div class=\"wp-block-column ticss-a5b4df29 is-layout-flow wp-block-column-is-layout-flow\"><div class=\"wp-block-image is-style-rounded animated backInRight\">\n<figure class=\"aligncenter size-full is-resized\"><a href=\"https:\/\/hub.imt-atlantique.fr\/icaret\/klaus-feldmann\/\"><img loading=\"lazy\" decoding=\"async\" width=\"600\" height=\"600\" src=\"https:\/\/hub.imt-atlantique.fr\/icaret\/wp-content\/uploads\/2024\/10\/klaus-feldmann.jpg\" alt=\"\" class=\"wp-image-95\" style=\"object-fit:cover;width:201px;height:auto\"\/><\/a><\/figure>\n<\/div>\n\n\n<p class=\"has-text-align-center has-nv-text-dark-bg-color has-text-color has-small-font-size\" style=\"text-transform:uppercase\"><strong>KLAUS FELDMANN<\/strong><\/p>\n<\/div>\n\n\n\n<div class=\"wp-block-column ticss-a5b4df29 is-layout-flow wp-block-column-is-layout-flow\"><div class=\"wp-block-image is-style-rounded animated backInRight\">\n<figure class=\"aligncenter size-full is-resized\"><a href=\"https:\/\/hub.imt-atlantique.fr\/icaret\/gerald-hartung\/\"><img loading=\"lazy\" decoding=\"async\" width=\"600\" height=\"600\" src=\"https:\/\/hub.imt-atlantique.fr\/icaret\/wp-content\/uploads\/2024\/10\/gerald-hartung.jpg\" alt=\"\" class=\"wp-image-92\" style=\"object-fit:cover;width:211px;height:auto\"\/><\/a><\/figure>\n<\/div>\n\n\n<p class=\"has-text-align-center has-nv-text-dark-bg-color has-text-color has-small-font-size\" style=\"text-transform:uppercase\"><strong>GERALD HARTUNG<\/strong><\/p>\n<\/div>\n\n\n\n<div class=\"wp-block-column ticss-a5b4df29 is-layout-flow wp-block-column-is-layout-flow\"><div class=\"wp-block-image is-style-rounded animated backInRight\">\n<figure class=\"aligncenter size-full is-resized\"><a href=\"https:\/\/hub.imt-atlantique.fr\/icaret\/silvana-alberti\/\"><img loading=\"lazy\" decoding=\"async\" width=\"6467\" height=\"6540\" src=\"https:\/\/hub.imt-atlantique.fr\/icaret\/wp-content\/uploads\/2025\/09\/silvana.jpeg\" alt=\"\" class=\"wp-image-899\" style=\"object-fit:cover;width:211px;height:auto\"\/><\/a><\/figure>\n<\/div>\n\n\n<p class=\"has-text-align-center has-nv-text-dark-bg-color has-text-color has-small-font-size\" style=\"text-transform:uppercase\"><strong>SILVANA ALBERTI<\/strong><\/p>\n<\/div>\n<\/div>\n\n\n\n<div class=\"wp-block-columns is-layout-flex wp-container-core-columns-is-layout-9d6595d7 wp-block-columns-is-layout-flex\">\n<div class=\"wp-block-column ticss-a5b4df29 is-layout-flow wp-block-column-is-layout-flow\"><div class=\"wp-block-image is-style-rounded animated backInRight\">\n<figure class=\"aligncenter size-full is-resized\"><a href=\"https:\/\/hub.imt-atlantique.fr\/icaret\/mohammed-raj\/\"><img loading=\"lazy\" decoding=\"async\" width=\"600\" height=\"600\" src=\"https:\/\/hub.imt-atlantique.fr\/icaret\/wp-content\/uploads\/2024\/10\/mohammed-raj.jpg\" alt=\"\" class=\"wp-image-116\" style=\"object-fit:cover;width:200px;height:auto\"\/><\/a><\/figure>\n<\/div>\n\n\n<p class=\"has-text-align-center has-nv-text-dark-bg-color has-text-color has-small-font-size\" style=\"text-transform:uppercase\"><strong>MOHAMMED RAJ<\/strong><\/p>\n<\/div>\n\n\n\n<div class=\"wp-block-column ticss-a5b4df29 is-layout-flow wp-block-column-is-layout-flow\"><div class=\"wp-block-image is-style-rounded animated backInRight\">\n<figure class=\"aligncenter size-full is-resized\"><a href=\"https:\/\/hub.imt-atlantique.fr\/icaret\/khalil-moussafir\/\"><img loading=\"lazy\" decoding=\"async\" width=\"600\" height=\"600\" src=\"https:\/\/hub.imt-atlantique.fr\/icaret\/wp-content\/uploads\/2024\/10\/khalil-moussafir.jpg\" alt=\"\" class=\"wp-image-94\" style=\"object-fit:cover;width:198px;height:auto\"\/><\/a><\/figure>\n<\/div>\n\n\n<p class=\"has-text-align-center has-nv-text-dark-bg-color has-text-color has-small-font-size\" style=\"text-transform:uppercase\"><strong>KHALIL MOUSSAFIR<\/strong><\/p>\n<\/div>\n\n\n\n<div class=\"wp-block-column ticss-a5b4df29 is-layout-flow wp-block-column-is-layout-flow\"><div class=\"wp-block-image is-style-rounded animated backInRight\">\n<figure class=\"aligncenter size-full is-resized\"><a href=\"https:\/\/hub.imt-atlantique.fr\/icaret\/felipe-penaranda-foix\/\"><img loading=\"lazy\" decoding=\"async\" width=\"600\" height=\"600\" src=\"https:\/\/hub.imt-atlantique.fr\/icaret\/wp-content\/uploads\/2024\/10\/felipe-penaranda-foix.jpg\" alt=\"\" class=\"wp-image-91\" style=\"object-fit:cover;width:204px;height:auto\"\/><\/a><\/figure>\n<\/div>\n\n\n<p class=\"has-text-align-center has-nv-text-dark-bg-color has-text-color has-small-font-size\" style=\"text-transform:uppercase\"><strong>FELIPE PENARANDA FOIX<\/strong><\/p>\n<\/div>\n<\/div>\n\n\n\n<div style=\"height:0px\" aria-hidden=\"true\" class=\"wp-block-spacer\"><\/div>\n\n\n\n<div class=\"wp-block-columns is-layout-flex wp-container-core-columns-is-layout-9d6595d7 wp-block-columns-is-layout-flex\">\n<div class=\"wp-block-column is-layout-flow wp-block-column-is-layout-flow\">\n<div class=\"wp-block-columns is-layout-flex wp-container-core-columns-is-layout-9d6595d7 wp-block-columns-is-layout-flex\">\n<div class=\"wp-block-column ticss-a5b4df29 is-layout-flow wp-block-column-is-layout-flow\"><div class=\"wp-block-image is-style-rounded animated backInRight\">\n<figure class=\"aligncenter size-full is-resized\"><a href=\"https:\/\/hub.imt-atlantique.fr\/icaret\/ana-radovic\/\"><img loading=\"lazy\" decoding=\"async\" width=\"600\" height=\"600\" src=\"https:\/\/hub.imt-atlantique.fr\/icaret\/wp-content\/uploads\/2024\/10\/slika-ana.jpg\" alt=\"\" class=\"wp-image-97\" style=\"object-fit:cover;width:200px;height:auto\"\/><\/a><\/figure>\n<\/div>\n\n\n<p class=\"has-text-align-center has-nv-text-dark-bg-color has-text-color has-small-font-size\" style=\"text-transform:uppercase\"><strong>Ana<\/strong> <strong>Radovic<\/strong><\/p>\n<\/div>\n\n\n\n<div class=\"wp-block-column ticss-a5b4df29 is-layout-flow wp-block-column-is-layout-flow\"><div class=\"wp-block-image is-style-rounded animated backInRight\">\n<figure class=\"aligncenter size-large is-resized\"><a href=\"https:\/\/hub.imt-atlantique.fr\/icaret\/jurica-babic\/\"><img loading=\"lazy\" decoding=\"async\" width=\"600\" height=\"600\" src=\"https:\/\/hub.imt-atlantique.fr\/icaret\/wp-content\/uploads\/2024\/10\/jurica-babic.jpg\" alt=\"\" class=\"wp-image-93\" style=\"object-fit:cover;width:196px;height:auto\"\/><\/a><\/figure>\n<\/div>\n\n\n<p class=\"has-text-align-center has-nv-text-dark-bg-color has-text-color has-small-font-size\" style=\"text-transform:uppercase\"><strong>jurica babic<\/strong><\/p>\n<\/div>\n<\/div>\n<\/div>\n\n\n\n<div class=\"wp-block-column is-layout-flow wp-block-column-is-layout-flow\">\n<div class=\"wp-block-columns is-layout-flex wp-container-core-columns-is-layout-9d6595d7 wp-block-columns-is-layout-flex\">\n<div class=\"wp-block-column ticss-a5b4df29 is-layout-flow wp-block-column-is-layout-flow\"><div class=\"wp-block-image is-style-rounded animated backInRight\">\n<figure class=\"aligncenter size-large is-resized\"><a href=\"https:\/\/hub.imt-atlantique.fr\/icaret\/ivana-slosic\/\"><img loading=\"lazy\" decoding=\"async\" width=\"1024\" height=\"1024\" src=\"https:\/\/hub.imt-atlantique.fr\/icaret\/wp-content\/uploads\/2025\/09\/IS-01-1024x1024.png\" alt=\"\" class=\"wp-image-882\" style=\"object-fit:cover;width:206px;height:auto\" srcset=\"https:\/\/hub.imt-atlantique.fr\/icaret\/wp-content\/uploads\/2025\/09\/IS-01-1024x1024.png 1024w, https:\/\/hub.imt-atlantique.fr\/icaret\/wp-content\/uploads\/2025\/09\/IS-01-300x300.png 300w, https:\/\/hub.imt-atlantique.fr\/icaret\/wp-content\/uploads\/2025\/09\/IS-01-150x150.png 150w, https:\/\/hub.imt-atlantique.fr\/icaret\/wp-content\/uploads\/2025\/09\/IS-01-768x768.png 768w, https:\/\/hub.imt-atlantique.fr\/icaret\/wp-content\/uploads\/2025\/09\/IS-01.png 1210w\" sizes=\"auto, (max-width: 1024px) 100vw, 1024px\" \/><\/a><\/figure>\n<\/div>\n\n\n<p class=\"has-text-align-center has-nv-text-dark-bg-color has-text-color has-small-font-size\" style=\"text-transform:uppercase\"><strong>IVANA SLOSIC<\/strong><\/p>\n<\/div>\n\n\n\n<div class=\"wp-block-column ticss-a5b4df29 is-layout-flow wp-block-column-is-layout-flow\"><div class=\"wp-block-image is-style-rounded animated backInRight\">\n<figure class=\"aligncenter size-full is-resized\"><a href=\"https:\/\/hub.imt-atlantique.fr\/icaret\/lea-togbe\/\"><img loading=\"lazy\" decoding=\"async\" width=\"665\" height=\"665\" src=\"https:\/\/hub.imt-atlantique.fr\/icaret\/wp-content\/uploads\/2025\/05\/lea-picture.jpeg\" alt=\"\" class=\"wp-image-685\" style=\"object-fit:cover;width:196px;height:auto\"\/><\/a><\/figure>\n<\/div>\n\n\n<p class=\"has-text-align-center has-nv-text-dark-bg-color has-text-color has-small-font-size\" style=\"text-transform:uppercase\"><strong>LEA TOGBE<\/strong><\/p>\n<\/div>\n<\/div>\n<\/div>\n<\/div>\n<\/div><\/div>\n\n\n\n<p class=\"has-text-align-center animated jackInTheBox has-large-font-size\" style=\"padding-top:var(--wp--preset--spacing--70);padding-bottom:var(--wp--preset--spacing--70)\">&#8211; <strong><em>400 000\u20ac Budget<\/em><\/strong> &#8211;<\/p>\n\n\n\n<div id=\"wp-block-themeisle-blocks-countdown-f4ac3bc8\" data-date=\"2027-08-31T09:00:00\" class=\"wp-block-themeisle-blocks-countdown animated bounceIn delay-100ms o-anim-hover\"><div class=\"otter-countdown__container\"><div class=\"otter-countdown__display\"><div name=\"day\" class=\"otter-countdown__display-area is-main-component\"><div class=\"otter-countdown__value\">0<\/div><div class=\"otter-countdown__label\">Day<\/div><\/div><div name=\"hour\" class=\"otter-countdown__display-area is-main-component\"><div class=\"otter-countdown__value\">0<\/div><div class=\"otter-countdown__label\">Hour<\/div><\/div><div name=\"minute\" class=\"otter-countdown__display-area is-main-component\"><div class=\"otter-countdown__value\">0<\/div><div class=\"otter-countdown__label\">Minute<\/div><\/div><div name=\"second\" class=\"otter-countdown__display-area is-main-component\"><div class=\"otter-countdown__value\">0<\/div><div class=\"otter-countdown__label\">Second<\/div><\/div><\/div><\/div><\/div>\n\n\n\n<div class=\"wp-block-columns is-layout-flex wp-container-core-columns-is-layout-48e9cc5b wp-block-columns-is-layout-flex\" style=\"padding-top:var(--wp--preset--spacing--70);padding-bottom:var(--wp--preset--spacing--70)\">\n<div class=\"wp-block-column is-vertically-aligned-top is-layout-flow wp-block-column-is-layout-flow\" style=\"flex-basis:33%\"><div class=\"wp-block-image ticss-ec1c0a01\">\n<figure class=\"aligncenter size-full is-resized\"><img loading=\"lazy\" decoding=\"async\" width=\"1964\" height=\"561\" src=\"https:\/\/hub.imt-atlantique.fr\/icaret\/wp-content\/uploads\/2024\/10\/eu_flag_co_funded_pos_right.jpg\" alt=\"\" class=\"wp-image-80\" style=\"width:335px;height:auto\"\/><\/figure>\n<\/div><\/div>\n\n\n\n<div class=\"wp-block-column is-vertically-aligned-bottom is-layout-flow wp-block-column-is-layout-flow\" style=\"flex-basis:66%\">\n<p class=\"has-large-font-size\">ICARET \u00e8 cofinanziato dal Programma Erasmus+ dell\u2019Unione europea<\/p>\n<\/div>\n<\/div>\n\n\n\n<p><\/p>\n","protected":false},"excerpt":{"rendered":"<p>&#8211; 400 000\u20ac Budget &#8211; ICARET \u00e8 cofinanziato dal Programma Erasmus+ dell\u2019Unione europea<\/p>\n","protected":false},"author":3,"featured_media":0,"parent":0,"menu_order":0,"comment_status":"closed","ping_status":"closed","template":"","meta":{"neve_meta_sidebar":"","neve_meta_container":"","neve_meta_enable_content_width":"","neve_meta_content_width":0,"neve_meta_title_alignment":"","neve_meta_author_avatar":"","neve_post_elements_order":"","neve_meta_disable_header":"","neve_meta_disable_footer":"","neve_meta_disable_title":"on","_themeisle_gutenberg_block_has_review":false,"footnotes":""},"class_list":["post-719","page","type-page","status-publish","hentry"],"_links":{"self":[{"href":"https:\/\/hub.imt-atlantique.fr\/icaret\/wp-json\/wp\/v2\/pages\/719","targetHints":{"allow":["GET"]}}],"collection":[{"href":"https:\/\/hub.imt-atlantique.fr\/icaret\/wp-json\/wp\/v2\/pages"}],"about":[{"href":"https:\/\/hub.imt-atlantique.fr\/icaret\/wp-json\/wp\/v2\/types\/page"}],"author":[{"embeddable":true,"href":"https:\/\/hub.imt-atlantique.fr\/icaret\/wp-json\/wp\/v2\/users\/3"}],"replies":[{"embeddable":true,"href":"https:\/\/hub.imt-atlantique.fr\/icaret\/wp-json\/wp\/v2\/comments?post=719"}],"version-history":[{"count":11,"href":"https:\/\/hub.imt-atlantique.fr\/icaret\/wp-json\/wp\/v2\/pages\/719\/revisions"}],"predecessor-version":[{"id":904,"href":"https:\/\/hub.imt-atlantique.fr\/icaret\/wp-json\/wp\/v2\/pages\/719\/revisions\/904"}],"wp:attachment":[{"href":"https:\/\/hub.imt-atlantique.fr\/icaret\/wp-json\/wp\/v2\/media?parent=719"}],"curies":[{"name":"wp","href":"https:\/\/api.w.org\/{rel}","templated":true}]}}