{"id":720,"date":"2025-06-16T10:38:46","date_gmt":"2025-06-16T08:38:46","guid":{"rendered":"https:\/\/hub.imt-atlantique.fr\/icaret\/home-espanol\/"},"modified":"2025-09-22T16:10:17","modified_gmt":"2025-09-22T14:10:17","slug":"home-espanol","status":"publish","type":"page","link":"https:\/\/hub.imt-atlantique.fr\/icaret\/es\/","title":{"rendered":"Home &#8211; Espa\u00f1ol"},"content":{"rendered":"\n<div class=\"wp-block-cover alignfull is-light\" style=\"min-height:434px;aspect-ratio:unset;\"><img loading=\"lazy\" decoding=\"async\" width=\"1640\" height=\"353\" class=\"wp-block-cover__image-background wp-image-61\" alt=\"\" src=\"https:\/\/hub.imt-atlantique.fr\/icaret\/wp-content\/uploads\/2024\/10\/fd-icaret.jpg\" data-object-fit=\"cover\"\/><span aria-hidden=\"true\" class=\"wp-block-cover__background has-background-dim-0 has-background-dim\"><\/span><div class=\"wp-block-cover__inner-container is-layout-flow wp-block-cover-is-layout-flow\">\n<div class=\"wp-block-columns are-vertically-aligned-top is-layout-flex wp-container-core-columns-is-layout-9d6595d7 wp-block-columns-is-layout-flex\" style=\"border-radius:0px\">\n<div class=\"wp-block-column is-vertically-aligned-top is-layout-flow wp-block-column-is-layout-flow\" style=\"padding-right:var(--wp--preset--spacing--20);padding-left:var(--wp--preset--spacing--20);flex-basis:65%\">\n<h1 class=\"wp-block-heading\" style=\"font-size:44px\"><strong>Conceptos de Interculturalidad y Alteridad: Elementos Renovadores para la Formaci\u00f3n<\/strong><\/h1>\n\n\n\n<p class=\"has-text-align-left has-text-color has-link-color wp-elements-1a7884ea1a0fb22585f7f6d474bd19ff\" style=\"color:#464646;font-size:17px\"><strong>ICARET<\/strong> | Proyecto Erasmus+ KA220-HED<br>Asociaciones de cooperaci\u00f3n en la educaci\u00f3n superior<\/p>\n<\/div>\n\n\n\n<div class=\"wp-block-column is-vertically-aligned-top is-layout-flow wp-block-column-is-layout-flow\">\n<figure class=\"wp-block-image size-full\"><img loading=\"lazy\" decoding=\"async\" width=\"512\" height=\"512\" src=\"https:\/\/hub.imt-atlantique.fr\/icaret\/wp-content\/uploads\/2024\/10\/icaret-favicon-1.png\" alt=\"\" class=\"wp-image-53\" srcset=\"https:\/\/hub.imt-atlantique.fr\/icaret\/wp-content\/uploads\/2024\/10\/icaret-favicon-1.png 512w, https:\/\/hub.imt-atlantique.fr\/icaret\/wp-content\/uploads\/2024\/10\/icaret-favicon-1-300x300.png 300w, https:\/\/hub.imt-atlantique.fr\/icaret\/wp-content\/uploads\/2024\/10\/icaret-favicon-1-150x150.png 150w\" sizes=\"auto, (max-width: 512px) 100vw, 512px\" \/><\/figure>\n<\/div>\n\n\n\n<div class=\"wp-block-column is-layout-flow wp-block-column-is-layout-flow\">\n<figure class=\"wp-block-image size-full is-resized\"><img loading=\"lazy\" decoding=\"async\" width=\"125\" height=\"125\" src=\"https:\/\/hub.imt-atlantique.fr\/icaret\/wp-content\/uploads\/2025\/01\/didalang-removebg-preview.png\" alt=\"\" class=\"wp-image-530\" style=\"width:100px;height:auto\"\/><\/figure>\n<\/div>\n<\/div>\n<\/div><\/div>\n\n\n\n<div class=\"wp-block-cover is-light has-custom-content-position is-position-top-center\"><span aria-hidden=\"true\" class=\"wp-block-cover__background has-background-dim-100 has-background-dim\" style=\"background-color:#FFF\"><\/span><div class=\"wp-block-cover__inner-container is-layout-constrained wp-block-cover-is-layout-constrained\">\n<p class=\"has-text-align-center animated pulse slower ticss-9790918d\" style=\"font-size:25px\">Conceptos de interculturalidad y alteridad: elementos renovadores para la formaci\u00f3n<\/p>\n\n\n\n<h2 class=\"wp-block-heading has-large-font-size\" style=\"padding-top:20px;padding-bottom:0px\">\u00bfPor qu\u00e9 ICARET?<\/h2>\n\n\n\n<p class=\"ticss-a8b6e053\">No faltan los llamados programas interculturales en la educaci\u00f3n superior, y la movilidad est\u00e1 en aumento. Sin embargo, el a\u00f1o 2024 se desarrolla en un contexto de incertidumbres vinculadas a conflictos, ya sea en Europa o en Oriente Medio, lo que provoca que las comunidades se replieguen sobre s\u00ed mismas. Aun as\u00ed, la frase \u201cNo quiero estudiantes internacionales en mi grupo de proyecto\u201d aparece con frecuencia, lo que plantea interrogantes sobre la contribuci\u00f3n de la formaci\u00f3n intercultural: en un momento en que hablamos de inclusi\u00f3n y diversidad, \u00bfsigue teniendo sentido la educaci\u00f3n intercultural?<\/p>\n\n\n\n<h2 class=\"wp-block-heading\">Intercultural, interculturalidad, \u00bfqu\u00e9 significa?<\/h2>\n\n\n\n<p>Para responder a esta pregunta, hay un primer paso importante: captar la esencia conceptual de la interculturalidad. \u00bfQu\u00e9 entendemos cuando decimos \u201cintercultural\u201d? La interculturalidad suele asociarse con diferencias culturales diluidas en listas de errores que no deben cometerse, perdiendo toda conceptualizaci\u00f3n para convertirse en una gu\u00eda comparativa. Sin embargo, los estudios cient\u00edficos insisten en una dimensi\u00f3n m\u00e1s compleja cuando se trata de interculturalidad, que implica alteridad, pluralidad y no simplemente diferencias.<\/p>\n\n\n\n<h2 class=\"wp-block-heading\">C\u00f3mo darle sentido a todo esto<\/h2>\n\n\n\n<p>Este proyecto tiene como objetivo legitimar el concepto de interculturalidad mediante el an\u00e1lisis de la terminolog\u00eda utilizada para describirlo. El primer paso ser\u00e1 reunir los conceptos y textos espec\u00edficos del campo de la interculturalidad, tanto en sus aspectos filos\u00f3ficos como en sus aplicaciones comerciales y de gesti\u00f3n. Tambi\u00e9n se llevar\u00e1 a cabo una encuesta cualitativa entre antiguos estudiantes y actores del \u00e1mbito internacional para comprender mejor los elementos esenciales de la interculturalidad en la actualidad.<\/p>\n\n\n\n<p>Como se ha se\u00f1alado en estudios anteriores (Coloquio GLAT 2016, <em>L\u2019Essentiel de la M\u00e9diation<\/em>, etc.), la interculturalidad, que a veces se asemeja a una hidra de nueve cabezas, revela invariantes como la alteridad, la descentralizaci\u00f3n, las diferencias culturales y la pluralidad dentro de un campo espec\u00edfico.<\/p>\n\n\n\n<h2 class=\"wp-block-heading\">ICARET: un proyecto interdisciplinario y multiling\u00fce<\/h2>\n\n\n\n<p>Es a trav\u00e9s de un enfoque interdisciplinario, que combina terminolog\u00eda (M. de Gioia, Padua), cuestionamiento filos\u00f3fico (G. Hartung, K. Feldmann, Wuppertal) y an\u00e1lisis del discurso (M. Raj, K. Moussafir, Settat, C. Sabl\u00e9, Alison Gourves-Hayward, Brest), que este proyecto busca arrojar luz sobre la interculturalidad en toda su riqueza conceptual, con el fin de promover la formaci\u00f3n intercultural como apoyo al desarrollo de ciudadanos responsables del siglo XXI.<\/p>\n\n\n\n<h2 class=\"wp-block-heading\">An\u00e9cdotas Interculturales<\/h2>\n\n\n\n<p class=\"ticss-a8b6e053\"><strong>\u00bfPor qu\u00e9 intercultural?<\/strong><br>Nuestros estudiantes nos dicen: la fase de adaptaci\u00f3n es lenta y dif\u00edcil\u2026 \u00a1si las dos partes no hacen el esfuerzo de acercarse!&nbsp; Our students tell us: \u00a1la fase de adaptaci\u00f3n es lenta y dif\u00edcil \u2026 si las dos partes no hacen el esfuerzo de acercarse unos a otros!<br>Cathy Sabl\u00e9 presenta una experiencia intercultural de A., estudiante de Sudam\u00e9rica.<\/p>\n<\/div><\/div>\n\n\n\n<div class=\"wp-block-cover alignfull team-members has-nv-text-dark-bg-color has-text-color has-link-color wp-elements-889ca9ae96b1a07b250fa9294a9273da\" style=\"min-height:420px;aspect-ratio:unset;\"><span aria-hidden=\"true\" class=\"wp-block-cover__background has-background-dim-100 has-background-dim\" style=\"background-color:#464646\"><\/span><div class=\"wp-block-cover__inner-container is-layout-flow wp-block-cover-is-layout-flow\">\n<h2 class=\"wp-block-heading has-text-align-center ticss-42609d4c has-x-large-font-size\">Miembros del equipo<\/h2>\n\n\n\n<div class=\"wp-block-columns is-layout-flex wp-container-core-columns-is-layout-9d6595d7 wp-block-columns-is-layout-flex\">\n<div class=\"wp-block-column ticss-4ce656f1 is-layout-flow wp-block-column-is-layout-flow\"><div class=\"wp-block-image is-style-rounded animated backInRight\">\n<figure class=\"aligncenter size-full is-resized\"><a href=\"https:\/\/hub.imt-atlantique.fr\/icaret\/cathy-sable\/\"><img loading=\"lazy\" decoding=\"async\" width=\"600\" height=\"600\" src=\"https:\/\/hub.imt-atlantique.fr\/icaret\/wp-content\/uploads\/2024\/10\/cathy-sable.jpg\" alt=\"\" class=\"wp-image-90\" style=\"object-fit:cover;width:188px;height:auto\"\/><\/a><\/figure>\n<\/div>\n\n\n<p class=\"has-text-align-center has-nv-text-dark-bg-color has-text-color has-small-font-size\" style=\"text-transform:uppercase\"><strong><strong>Cathy sabl\u00c9<\/strong><\/strong><\/p>\n<\/div>\n\n\n\n<div class=\"wp-block-column ticss-f6fc7494 is-layout-flow wp-block-column-is-layout-flow\"><div class=\"wp-block-image is-style-rounded animated backInRight\">\n<figure class=\"aligncenter size-full is-resized\"><a href=\"https:\/\/hub.imt-atlantique.fr\/icaret\/alison-gourves-hayward\/\"><img loading=\"lazy\" decoding=\"async\" width=\"600\" height=\"600\" src=\"https:\/\/hub.imt-atlantique.fr\/icaret\/wp-content\/uploads\/2024\/10\/alison-gourves-hayward.jpg\" alt=\"\" class=\"wp-image-89\" style=\"object-fit:cover;width:188px;height:auto\"\/><\/a><\/figure>\n<\/div>\n\n\n<p class=\"has-text-align-center has-nv-text-dark-bg-color has-text-color has-small-font-size\" style=\"text-transform:uppercase\"><strong><strong>alison gourves-hayward<\/strong><\/strong><\/p>\n<\/div>\n\n\n\n<div class=\"wp-block-column ticss-a5b4df29 is-layout-flow wp-block-column-is-layout-flow\"><div class=\"wp-block-image is-style-rounded animated backInRight\">\n<figure class=\"aligncenter size-full is-resized\"><a href=\"https:\/\/hub.imt-atlantique.fr\/icaret\/melanie-blanchard\/\"><img loading=\"lazy\" decoding=\"async\" width=\"600\" height=\"600\" src=\"https:\/\/hub.imt-atlantique.fr\/icaret\/wp-content\/uploads\/2024\/10\/melb.jpg\" alt=\"\" class=\"wp-image-103\" style=\"object-fit:cover;width:188px;height:auto\"\/><\/a><\/figure>\n<\/div>\n\n\n<p class=\"has-text-align-center has-nv-text-dark-bg-color has-text-color has-small-font-size\" style=\"text-transform:uppercase\"><strong><strong>MELanie Blanchard<\/strong><\/strong><\/p>\n<\/div>\n\n\n\n<div class=\"wp-block-column ticss-a5b4df29 is-layout-flow wp-block-column-is-layout-flow\"><div class=\"wp-block-image is-style-rounded animated backInRight\">\n<figure class=\"aligncenter size-full is-resized\"><a href=\"https:\/\/hub.imt-atlantique.fr\/icaret\/michele-de-gioia\/\"><img loading=\"lazy\" decoding=\"async\" width=\"600\" height=\"600\" src=\"https:\/\/hub.imt-atlantique.fr\/icaret\/wp-content\/uploads\/2024\/10\/michele-de-gioia.jpg\" alt=\"\" class=\"wp-image-96\" style=\"object-fit:cover;width:186px;height:auto\"\/><\/a><\/figure>\n<\/div>\n\n\n<p class=\"has-text-align-center has-nv-text-dark-bg-color has-text-color has-small-font-size\" style=\"text-transform:uppercase\"><strong><strong>michele de gioia<\/strong><\/strong><\/p>\n<\/div>\n<\/div>\n\n\n\n<div class=\"wp-block-columns is-layout-flex wp-container-core-columns-is-layout-9d6595d7 wp-block-columns-is-layout-flex\">\n<div class=\"wp-block-column ticss-a5b4df29 is-layout-flow wp-block-column-is-layout-flow\"><div class=\"wp-block-image is-style-rounded animated backInRight\">\n<figure class=\"aligncenter size-full is-resized\"><a href=\"https:\/\/hub.imt-atlantique.fr\/icaret\/klaus-feldmann\/\"><img loading=\"lazy\" decoding=\"async\" width=\"600\" height=\"600\" src=\"https:\/\/hub.imt-atlantique.fr\/icaret\/wp-content\/uploads\/2024\/10\/klaus-feldmann.jpg\" alt=\"\" class=\"wp-image-95\" style=\"object-fit:cover;width:201px;height:auto\"\/><\/a><\/figure>\n<\/div>\n\n\n<p class=\"has-text-align-center has-nv-text-dark-bg-color has-text-color has-small-font-size\" style=\"text-transform:uppercase\"><strong>KLAUS FELDMANN<\/strong><\/p>\n<\/div>\n\n\n\n<div class=\"wp-block-column ticss-a5b4df29 is-layout-flow wp-block-column-is-layout-flow\"><div class=\"wp-block-image is-style-rounded animated backInRight\">\n<figure class=\"aligncenter size-full is-resized\"><a href=\"https:\/\/hub.imt-atlantique.fr\/icaret\/gerald-hartung\/\"><img loading=\"lazy\" decoding=\"async\" width=\"600\" height=\"600\" src=\"https:\/\/hub.imt-atlantique.fr\/icaret\/wp-content\/uploads\/2024\/10\/gerald-hartung.jpg\" alt=\"\" class=\"wp-image-92\" style=\"object-fit:cover;width:211px;height:auto\"\/><\/a><\/figure>\n<\/div>\n\n\n<p class=\"has-text-align-center has-nv-text-dark-bg-color has-text-color has-small-font-size\" style=\"text-transform:uppercase\"><strong>GERALD HARTUNG<\/strong><\/p>\n<\/div>\n\n\n\n<div class=\"wp-block-column ticss-a5b4df29 is-layout-flow wp-block-column-is-layout-flow\"><div class=\"wp-block-image is-style-rounded animated backInRight\">\n<figure class=\"aligncenter size-full is-resized\"><a href=\"https:\/\/hub.imt-atlantique.fr\/icaret\/silvana-alberti\/\"><img loading=\"lazy\" decoding=\"async\" width=\"6467\" height=\"6540\" src=\"https:\/\/hub.imt-atlantique.fr\/icaret\/wp-content\/uploads\/2025\/09\/silvana.jpeg\" alt=\"\" class=\"wp-image-899\" style=\"object-fit:cover;width:211px;height:auto\"\/><\/a><\/figure>\n<\/div>\n\n\n<p class=\"has-text-align-center has-nv-text-dark-bg-color has-text-color has-small-font-size\" style=\"text-transform:uppercase\"><strong>SILVANA ALBERTI<\/strong><\/p>\n<\/div>\n<\/div>\n\n\n\n<div class=\"wp-block-columns is-layout-flex wp-container-core-columns-is-layout-9d6595d7 wp-block-columns-is-layout-flex\">\n<div class=\"wp-block-column ticss-a5b4df29 is-layout-flow wp-block-column-is-layout-flow\"><div class=\"wp-block-image is-style-rounded animated backInRight\">\n<figure class=\"aligncenter size-full is-resized\"><a href=\"https:\/\/hub.imt-atlantique.fr\/icaret\/mohammed-raj\/\"><img loading=\"lazy\" decoding=\"async\" width=\"600\" height=\"600\" src=\"https:\/\/hub.imt-atlantique.fr\/icaret\/wp-content\/uploads\/2024\/10\/mohammed-raj.jpg\" alt=\"\" class=\"wp-image-116\" style=\"object-fit:cover;width:200px;height:auto\"\/><\/a><\/figure>\n<\/div>\n\n\n<p class=\"has-text-align-center has-nv-text-dark-bg-color has-text-color has-small-font-size\" style=\"text-transform:uppercase\"><strong>MOHAMMED RAJ<\/strong><\/p>\n<\/div>\n\n\n\n<div class=\"wp-block-column ticss-a5b4df29 is-layout-flow wp-block-column-is-layout-flow\"><div class=\"wp-block-image is-style-rounded animated backInRight\">\n<figure class=\"aligncenter size-full is-resized\"><a href=\"https:\/\/hub.imt-atlantique.fr\/icaret\/khalil-moussafir\/\"><img loading=\"lazy\" decoding=\"async\" width=\"600\" height=\"600\" src=\"https:\/\/hub.imt-atlantique.fr\/icaret\/wp-content\/uploads\/2024\/10\/khalil-moussafir.jpg\" alt=\"\" class=\"wp-image-94\" style=\"object-fit:cover;width:198px;height:auto\"\/><\/a><\/figure>\n<\/div>\n\n\n<p class=\"has-text-align-center has-nv-text-dark-bg-color has-text-color has-small-font-size\" style=\"text-transform:uppercase\"><strong>KHALIL MOUSSAFIR<\/strong><\/p>\n<\/div>\n\n\n\n<div class=\"wp-block-column ticss-a5b4df29 is-layout-flow wp-block-column-is-layout-flow\"><div class=\"wp-block-image is-style-rounded animated backInRight\">\n<figure class=\"aligncenter size-full is-resized\"><a href=\"https:\/\/hub.imt-atlantique.fr\/icaret\/felipe-penaranda-foix\/\"><img loading=\"lazy\" decoding=\"async\" width=\"600\" height=\"600\" src=\"https:\/\/hub.imt-atlantique.fr\/icaret\/wp-content\/uploads\/2024\/10\/felipe-penaranda-foix.jpg\" alt=\"\" class=\"wp-image-91\" style=\"object-fit:cover;width:204px;height:auto\"\/><\/a><\/figure>\n<\/div>\n\n\n<p class=\"has-text-align-center has-nv-text-dark-bg-color has-text-color has-small-font-size\" style=\"text-transform:uppercase\"><strong>FELIPE PENARANDA FOIX<\/strong><\/p>\n<\/div>\n<\/div>\n\n\n\n<div style=\"height:0px\" aria-hidden=\"true\" class=\"wp-block-spacer\"><\/div>\n\n\n\n<div class=\"wp-block-columns is-layout-flex wp-container-core-columns-is-layout-9d6595d7 wp-block-columns-is-layout-flex\">\n<div class=\"wp-block-column is-layout-flow wp-block-column-is-layout-flow\">\n<div class=\"wp-block-columns is-layout-flex wp-container-core-columns-is-layout-9d6595d7 wp-block-columns-is-layout-flex\">\n<div class=\"wp-block-column ticss-a5b4df29 is-layout-flow wp-block-column-is-layout-flow\"><div class=\"wp-block-image is-style-rounded animated backInRight\">\n<figure class=\"aligncenter size-full is-resized\"><a href=\"https:\/\/hub.imt-atlantique.fr\/icaret\/ana-radovic\/\"><img loading=\"lazy\" decoding=\"async\" width=\"600\" height=\"600\" src=\"https:\/\/hub.imt-atlantique.fr\/icaret\/wp-content\/uploads\/2024\/10\/slika-ana.jpg\" alt=\"\" class=\"wp-image-97\" style=\"object-fit:cover;width:200px;height:auto\"\/><\/a><\/figure>\n<\/div>\n\n\n<p class=\"has-text-align-center has-nv-text-dark-bg-color has-text-color has-small-font-size\" style=\"text-transform:uppercase\"><strong>Ana<\/strong> <strong>Radovic<\/strong><\/p>\n<\/div>\n\n\n\n<div class=\"wp-block-column ticss-a5b4df29 is-layout-flow wp-block-column-is-layout-flow\"><div class=\"wp-block-image is-style-rounded animated backInRight\">\n<figure class=\"aligncenter size-large is-resized\"><a href=\"https:\/\/hub.imt-atlantique.fr\/icaret\/jurica-babic\/\"><img loading=\"lazy\" decoding=\"async\" width=\"600\" height=\"600\" src=\"https:\/\/hub.imt-atlantique.fr\/icaret\/wp-content\/uploads\/2024\/10\/jurica-babic.jpg\" alt=\"\" class=\"wp-image-93\" style=\"object-fit:cover;width:196px;height:auto\"\/><\/a><\/figure>\n<\/div>\n\n\n<p class=\"has-text-align-center has-nv-text-dark-bg-color has-text-color has-small-font-size\" style=\"text-transform:uppercase\"><strong>jurica babic<\/strong><\/p>\n<\/div>\n<\/div>\n<\/div>\n\n\n\n<div class=\"wp-block-column is-layout-flow wp-block-column-is-layout-flow\">\n<div class=\"wp-block-columns is-layout-flex wp-container-core-columns-is-layout-9d6595d7 wp-block-columns-is-layout-flex\">\n<div class=\"wp-block-column ticss-a5b4df29 is-layout-flow wp-block-column-is-layout-flow\"><div class=\"wp-block-image is-style-rounded animated backInRight\">\n<figure class=\"aligncenter size-large is-resized\"><a href=\"https:\/\/hub.imt-atlantique.fr\/icaret\/ivana-slosic\/\"><img loading=\"lazy\" decoding=\"async\" width=\"1024\" height=\"1024\" src=\"https:\/\/hub.imt-atlantique.fr\/icaret\/wp-content\/uploads\/2025\/09\/IS-01-1024x1024.png\" alt=\"\" class=\"wp-image-882\" style=\"object-fit:cover;width:206px;height:auto\" srcset=\"https:\/\/hub.imt-atlantique.fr\/icaret\/wp-content\/uploads\/2025\/09\/IS-01-1024x1024.png 1024w, https:\/\/hub.imt-atlantique.fr\/icaret\/wp-content\/uploads\/2025\/09\/IS-01-300x300.png 300w, https:\/\/hub.imt-atlantique.fr\/icaret\/wp-content\/uploads\/2025\/09\/IS-01-150x150.png 150w, https:\/\/hub.imt-atlantique.fr\/icaret\/wp-content\/uploads\/2025\/09\/IS-01-768x768.png 768w, https:\/\/hub.imt-atlantique.fr\/icaret\/wp-content\/uploads\/2025\/09\/IS-01.png 1210w\" sizes=\"auto, (max-width: 1024px) 100vw, 1024px\" \/><\/a><\/figure>\n<\/div>\n\n\n<p class=\"has-text-align-center has-nv-text-dark-bg-color has-text-color has-small-font-size\" style=\"text-transform:uppercase\"><strong>IVANA SLOSIC<\/strong><\/p>\n<\/div>\n\n\n\n<div class=\"wp-block-column ticss-a5b4df29 is-layout-flow wp-block-column-is-layout-flow\"><div class=\"wp-block-image is-style-rounded animated backInRight\">\n<figure class=\"aligncenter size-full is-resized\"><a href=\"https:\/\/hub.imt-atlantique.fr\/icaret\/lea-togbe\/\"><img loading=\"lazy\" decoding=\"async\" width=\"665\" height=\"665\" src=\"https:\/\/hub.imt-atlantique.fr\/icaret\/wp-content\/uploads\/2025\/05\/lea-picture.jpeg\" alt=\"\" class=\"wp-image-685\" style=\"object-fit:cover;width:196px;height:auto\"\/><\/a><\/figure>\n<\/div>\n\n\n<p class=\"has-text-align-center has-nv-text-dark-bg-color has-text-color has-small-font-size\" style=\"text-transform:uppercase\"><strong>LEA TOGBE<\/strong><\/p>\n<\/div>\n<\/div>\n<\/div>\n<\/div>\n<\/div><\/div>\n\n\n\n<p class=\"has-text-align-center has-large-font-size\" style=\"padding-top:var(--wp--preset--spacing--70);padding-bottom:var(--wp--preset--spacing--70)\">&#8211; <strong><em>400 000\u20ac Budget<\/em><\/strong> &#8211;<\/p>\n\n\n\n<div id=\"wp-block-themeisle-blocks-countdown-f4ac3bc8\" data-date=\"2027-08-31T09:00:00\" class=\"wp-block-themeisle-blocks-countdown animated bounceIn delay-100ms o-anim-hover\"><div class=\"otter-countdown__container\"><div class=\"otter-countdown__display\"><div name=\"day\" class=\"otter-countdown__display-area is-main-component\"><div class=\"otter-countdown__value\">0<\/div><div class=\"otter-countdown__label\">Day<\/div><\/div><div name=\"hour\" class=\"otter-countdown__display-area is-main-component\"><div class=\"otter-countdown__value\">0<\/div><div class=\"otter-countdown__label\">Hour<\/div><\/div><div name=\"minute\" class=\"otter-countdown__display-area is-main-component\"><div class=\"otter-countdown__value\">0<\/div><div class=\"otter-countdown__label\">Minute<\/div><\/div><div name=\"second\" class=\"otter-countdown__display-area is-main-component\"><div class=\"otter-countdown__value\">0<\/div><div class=\"otter-countdown__label\">Second<\/div><\/div><\/div><\/div><\/div>\n\n\n\n<div class=\"wp-block-columns is-layout-flex wp-container-core-columns-is-layout-48e9cc5b wp-block-columns-is-layout-flex\" style=\"padding-top:var(--wp--preset--spacing--70);padding-bottom:var(--wp--preset--spacing--70)\">\n<div class=\"wp-block-column is-vertically-aligned-top is-layout-flow wp-block-column-is-layout-flow\" style=\"flex-basis:33%\"><div class=\"wp-block-image ticss-ec1c0a01\">\n<figure class=\"aligncenter size-full is-resized\"><img loading=\"lazy\" decoding=\"async\" width=\"1964\" height=\"561\" src=\"https:\/\/hub.imt-atlantique.fr\/icaret\/wp-content\/uploads\/2024\/10\/eu_flag_co_funded_pos_right.jpg\" alt=\"\" class=\"wp-image-80\" style=\"width:335px;height:auto\"\/><\/figure>\n<\/div><\/div>\n\n\n\n<div class=\"wp-block-column is-vertically-aligned-bottom is-layout-flow wp-block-column-is-layout-flow\" style=\"flex-basis:66%\">\n<p class=\"has-large-font-size\">ICARET est\u00e1 cofinanciado por el Programa Erasmus+ Programme de la Uni\u00f3n Europea<\/p>\n<\/div>\n<\/div>\n","protected":false},"excerpt":{"rendered":"<p>&#8211; 400 000\u20ac Budget &#8211; ICARET est\u00e1 cofinanciado por el Programa Erasmus+ Programme de la Uni\u00f3n Europea<\/p>\n","protected":false},"author":3,"featured_media":0,"parent":0,"menu_order":0,"comment_status":"closed","ping_status":"closed","template":"","meta":{"neve_meta_sidebar":"","neve_meta_container":"","neve_meta_enable_content_width":"","neve_meta_content_width":0,"neve_meta_title_alignment":"","neve_meta_author_avatar":"","neve_post_elements_order":"","neve_meta_disable_header":"","neve_meta_disable_footer":"","neve_meta_disable_title":"on","_themeisle_gutenberg_block_has_review":false,"footnotes":""},"class_list":["post-720","page","type-page","status-publish","hentry"],"_links":{"self":[{"href":"https:\/\/hub.imt-atlantique.fr\/icaret\/wp-json\/wp\/v2\/pages\/720","targetHints":{"allow":["GET"]}}],"collection":[{"href":"https:\/\/hub.imt-atlantique.fr\/icaret\/wp-json\/wp\/v2\/pages"}],"about":[{"href":"https:\/\/hub.imt-atlantique.fr\/icaret\/wp-json\/wp\/v2\/types\/page"}],"author":[{"embeddable":true,"href":"https:\/\/hub.imt-atlantique.fr\/icaret\/wp-json\/wp\/v2\/users\/3"}],"replies":[{"embeddable":true,"href":"https:\/\/hub.imt-atlantique.fr\/icaret\/wp-json\/wp\/v2\/comments?post=720"}],"version-history":[{"count":3,"href":"https:\/\/hub.imt-atlantique.fr\/icaret\/wp-json\/wp\/v2\/pages\/720\/revisions"}],"predecessor-version":[{"id":903,"href":"https:\/\/hub.imt-atlantique.fr\/icaret\/wp-json\/wp\/v2\/pages\/720\/revisions\/903"}],"wp:attachment":[{"href":"https:\/\/hub.imt-atlantique.fr\/icaret\/wp-json\/wp\/v2\/media?parent=720"}],"curies":[{"name":"wp","href":"https:\/\/api.w.org\/{rel}","templated":true}]}}