{"id":760,"date":"2025-06-17T09:50:33","date_gmt":"2025-06-17T07:50:33","guid":{"rendered":"https:\/\/hub.imt-atlantique.fr\/icaret\/?page_id=760"},"modified":"2025-06-28T12:22:49","modified_gmt":"2025-06-28T10:22:49","slug":"llamada-para-participaciones-articulos","status":"publish","type":"page","link":"https:\/\/hub.imt-atlantique.fr\/icaret\/es\/llamada-para-participaciones-articulos\/","title":{"rendered":"Conferencia Internacional"},"content":{"rendered":"\n<div class=\"wp-block-columns is-layout-flex wp-container-core-columns-is-layout-9d6595d7 wp-block-columns-is-layout-flex\">\n<div class=\"wp-block-column is-layout-flow wp-block-column-is-layout-flow\" style=\"flex-basis:66.66%\">\n<figure class=\"wp-block-image size-full\"><img loading=\"lazy\" decoding=\"async\" width=\"908\" height=\"590\" src=\"https:\/\/hub.imt-atlantique.fr\/icaret\/wp-content\/uploads\/2025\/05\/Picture-1.png\" alt=\"\" class=\"wp-image-633\" srcset=\"https:\/\/hub.imt-atlantique.fr\/icaret\/wp-content\/uploads\/2025\/05\/Picture-1.png 908w, https:\/\/hub.imt-atlantique.fr\/icaret\/wp-content\/uploads\/2025\/05\/Picture-1-300x195.png 300w, https:\/\/hub.imt-atlantique.fr\/icaret\/wp-content\/uploads\/2025\/05\/Picture-1-768x499.png 768w\" sizes=\"auto, (max-width: 908px) 100vw, 908px\" \/><\/figure>\n\n\n\n<div class=\"wp-block-columns is-layout-flex wp-container-core-columns-is-layout-9d6595d7 wp-block-columns-is-layout-flex\">\n<div class=\"wp-block-column is-layout-flow wp-block-column-is-layout-flow\">\n<figure class=\"wp-block-image size-full is-resized\"><img loading=\"lazy\" decoding=\"async\" width=\"185\" height=\"59\" src=\"https:\/\/hub.imt-atlantique.fr\/icaret\/wp-content\/uploads\/2025\/05\/Picture-1-1.png\" alt=\"\" class=\"wp-image-634\" style=\"width:252px;height:auto\"\/><\/figure>\n<\/div>\n\n\n\n<div class=\"wp-block-column is-layout-flow wp-block-column-is-layout-flow\">\n<figure class=\"wp-block-image size-full\"><img loading=\"lazy\" decoding=\"async\" width=\"495\" height=\"152\" src=\"https:\/\/hub.imt-atlantique.fr\/icaret\/wp-content\/uploads\/2025\/05\/eu-1.png\" alt=\"\" class=\"wp-image-635\" srcset=\"https:\/\/hub.imt-atlantique.fr\/icaret\/wp-content\/uploads\/2025\/05\/eu-1.png 495w, https:\/\/hub.imt-atlantique.fr\/icaret\/wp-content\/uploads\/2025\/05\/eu-1-300x92.png 300w\" sizes=\"auto, (max-width: 495px) 100vw, 495px\" \/><\/figure>\n<\/div>\n\n\n\n<div class=\"wp-block-column is-layout-flow wp-block-column-is-layout-flow\">\n<figure class=\"wp-block-image size-full is-resized\"><img loading=\"lazy\" decoding=\"async\" width=\"330\" height=\"134\" src=\"https:\/\/hub.imt-atlantique.fr\/icaret\/wp-content\/uploads\/2025\/05\/icaret.png\" alt=\"\" class=\"wp-image-636\" style=\"width:204px;height:auto\" srcset=\"https:\/\/hub.imt-atlantique.fr\/icaret\/wp-content\/uploads\/2025\/05\/icaret.png 330w, https:\/\/hub.imt-atlantique.fr\/icaret\/wp-content\/uploads\/2025\/05\/icaret-300x122.png 300w\" sizes=\"auto, (max-width: 330px) 100vw, 330px\" \/><\/figure>\n<\/div>\n<\/div>\n<\/div>\n\n\n\n<div class=\"wp-block-column is-layout-flow wp-block-column-is-layout-flow\" style=\"flex-basis:33.33%\">\n<p><br><strong>Teor\u00edas y pr\u00e1cticas de la interculturalidad<\/strong><br>del mi\u00e9rcoles 15 de abril al viernes 17 de abril de 2026<\/p>\n\n\n\n<p>en la Universidad de Wuppertal (Alemania)<\/p>\n\n\n\n<p>en el marco del proyecto Erasmus+ ICARET<br>(Interculturality Concepts Analysed and Renewed for Education and Training)<\/p>\n\n\n\n<p>Presidido por&nbsp;<br>Klaus Feldmann, Senior Lecturer&nbsp;&nbsp;<br><a href=\"mailto:klaus.feldmann@uni-wuppertal.de\">klaus.feldmann@uni-wuppertal.de<\/a><\/p>\n<\/div>\n<\/div>\n\n\n\n<h2 class=\"wp-block-heading\"><strong>Llamada para participaciones\/art\u00edculos<\/strong><\/h2>\n\n\n\n<p>En un mundo contempor\u00e1neo marcado por la globalizaci\u00f3n, las perturbaciones sist\u00e9micas y las m\u00faltiples transiciones, el concepto de interculturalidad reviste una importancia capital. Comprenderlo exige diversas perspectivas te\u00f3ricas, combinadas con enfoques orientados a la pr\u00e1ctica. Los discursos que emanan dan fe de la pluralidad de marcos anal\u00edticos, movilizando diversas disciplinas dentro de las Humanidades y las Ciencias Sociales, como las Ciencias del Lenguaje, las Ciencias Pol\u00edticas y Jur\u00eddicas, la Antropolog\u00eda, la Filosof\u00eda y los Estudios Culturales.<\/p>\n\n\n\n<p>Estas reflexiones arrojan luz sobre la din\u00e1mica social contempor\u00e1nea, en la que las transformaciones globales est\u00e1n intensificando los contactos entre culturas. El r\u00e1pido aumento de la movilidad de las personas -incluidos los estudiantes-, las ideas y las culturas en las sociedades (post)modernas ha dado lugar a una proliferaci\u00f3n de interacciones interculturales, a menudo en un tenso contexto geopol\u00edtico. Esto plantea nuevos retos a las comunidades, las instituciones y los individuos, haciendo necesaria una reflexi\u00f3n en profundidad sobre las identidades culturales, los modelos de comunicaci\u00f3n y los procesos de inclusi\u00f3n social con vistas a una cohabitaci\u00f3n pac\u00edfica.<\/p>\n\n\n\n<p>Ante esta creciente complejidad, un gran n\u00famero de trabajos ha analizado las modalidades de estas interacciones y los problemas que plantean. Esta investigaci\u00f3n examina los mecanismos de interpretaci\u00f3n, representaci\u00f3n y negociaci\u00f3n que intervienen en las situaciones de contacto cultural, as\u00ed como las pr\u00e1cticas sociales y ling\u00fc\u00edsticas resultantes. Pone de relieve la necesidad de una comprensi\u00f3n din\u00e1mica de las identidades, planteadas como procesos de transfomaci\u00f3n, configurados por la l\u00f3gica de la movilidad, de la hibridaci\u00f3n o de la transculturalidad.<\/p>\n\n\n\n<p>Un enfoque cr\u00edtico de la interculturalidad tambi\u00e9n nos lleva a reconsiderar los conceptos de cultura y diversidad, superando las visiones esencialistas en favor de una lectura m\u00e1s relacional, contextual y situada. Desde esta perspectiva, la interculturalidad emerge no s\u00f3lo como un campo de estudio, sino tambi\u00e9n como una cuesti\u00f3n \u00e9tica y pol\u00edtica, que exige formas de reflexividad en las interacciones y la capacidad de descodificar, adaptar y co-construir la pluralidad.<\/p>\n\n\n\n<p>Esto indica la necesidad de considerar la competencia intercultural no s\u00f3lo como un objetivo de aprendizaje individual, sino tambi\u00e9n como una cuesti\u00f3n social por derecho propio, que nos invita a cuestionar su lugar en los sistemas educativos, las pol\u00edticas p\u00fablicas, los c\u00edrculos profesionales y las pr\u00e1cticas sociales contempor\u00e1neas. Se trata de examinar los modelos, las representaciones y las prescripciones que estructuran los enfoques de la interculturalidad, as\u00ed como las formas concretas que adopta en los espacios multiculturales, las narrativas, las mediaciones, los intercambios profesionales y las producciones culturales.<\/p>\n\n\n\n<p>La pertinencia de esta reflexi\u00f3n puede observarse en contextos muy diversos: cuestiones migratorias, pr\u00e1cticas educativas, entornos asociativos o empresariales, proyectos de cooperaci\u00f3n internacional, mecanismos de mediaci\u00f3n y experiencias art\u00edsticas. La sensibilidad intercultural se convierte as\u00ed en una competencia clave de importancia creciente, al tiempo que engloba m\u00faltiples significados que deben distinguirse y analizarse con rigor.<\/p>\n\n\n\n<p>Ante esta din\u00e1mica, se hace imprescindible crear espacios de di\u00e1logo y reflexi\u00f3n en los que se articulen enfoques te\u00f3ricos y pr\u00e1cticas de campo para comprender mejor la complejidad de las cuestiones interculturales contempor\u00e1neas. Este es el trasfondo de la conferencia internacional \u00abTeor\u00edas y pr\u00e1cticas de la interculturalidad\u00bb, creada como foro de intercambio interdisciplinar entre investigadores, expertos, profesionales y estudiantes, con vistas a debatir los desarrollos te\u00f3ricos m\u00e1s recientes, las experiencias pr\u00e1cticas y las m\u00faltiples formas de interacci\u00f3n intercultural que operan en las sociedades contempor\u00e1neas.<\/p>\n\n\n\n<p>Habida cuenta de la riqueza de los trabajos te\u00f3ricos, metodol\u00f3gicos y de investigaci\u00f3n que se est\u00e1n llevando a cabo sobre esta cuesti\u00f3n, la presente convocatoria de ponencias invita a los interesados a presentar propuestas de res\u00famenes sobre los siguientes temas. Cada presentaci\u00f3n tendr\u00e1 una duraci\u00f3n aproximada de 20 minutos e ir\u00e1 seguida de un debate de 20 minutos.<\/p>\n\n\n\n<p><strong>\u00c1reas tem\u00e1ticas<\/strong><\/p>\n\n\n\n<ol start=\"1\" class=\"wp-block-list\">\n<li><strong>Perspectivas te\u00f3ricas sobre la interculturalidad<\/strong><strong>:&nbsp;<\/strong>reflexiones desde la Filosof\u00eda, la Antropolog\u00eda, la Etnolog\u00eda, las Ciencias del Lenguaje y las teor\u00edas de la Cultura y la Diversidad; conceptualizaciones de las Relaciones Interculturales; v\u00ednculos entre alteridad, inclusi\u00f3n, pluralidad ling\u00fc\u00edstica y din\u00e1micas identitarias &#8230;<\/li>\n\n\n\n<li><strong>Enfoques metodol\u00f3gicos en la investigaci\u00f3n intercultural<\/strong>: m\u00e9todos cualitativos, cuantitativos o mixtos; estudios de caso; an\u00e1lisis de pr\u00e1cticas y representaciones; encuestas de campo, narraciones de experiencias, enfoques participativos en un contexto multicultural; interdisciplinariedad en el abordaje de los fen\u00f3menos interculturales.<\/li>\n\n\n\n<li><strong>Pr\u00e1cticas y mediaciones interculturales en las sociedades contempor\u00e1neas<\/strong>: cuestiones migratorias, experiencias de convivencia cultural, mediaci\u00f3n social o educativa, pol\u00edticas de diversidad e inclusi\u00f3n; pr\u00e1cticas profesionales en instituciones educativas, empresas, asociaciones o contextos transnacionales; formaci\u00f3n y profesionalizaci\u00f3n de competencias interculturales.<\/li>\n\n\n\n<li><strong>Lengua(s), identidad(es) y representaciones de la interculturalidad<\/strong>: pluriling\u00fcismo, pol\u00edticas ling\u00fc\u00edsticas y transmisi\u00f3n cultural; construcci\u00f3n de identidades en un contexto de contacto cultural; lugar de las interacciones, narrativas, producciones culturales, art\u00edsticas o literarias en la comprensi\u00f3n de la interculturalidad; representaciones sociales e imaginarios asociados a la alteridad.<\/li>\n\n\n\n<li><strong>Tecnolog\u00edas, tecnolog\u00edas digitales e interculturalidad:&nbsp;<\/strong>funciones y efectos de las tecnolog\u00edas digitales en las din\u00e1micas interculturales; mediaciones digitales, redes sociales, traducci\u00f3n autom\u00e1tica e inteligencia artificial; espacios virtuales de expresi\u00f3n, interacci\u00f3n o conflicto cultural; cuestiones de representaci\u00f3n, accesibilidad e inclusi\u00f3n en los entornos digitales.<\/li>\n<\/ol>\n\n\n\n<h3 class=\"wp-block-heading\"><strong>Env\u00edo<\/strong><\/h3>\n\n\n\n<p>Las propuestas de comunicaciones deber\u00e1n cumplir los siguientes criterios :<\/p>\n\n\n\n<ul class=\"wp-block-list\">\n<li><strong>Longitud<\/strong>: 500 palabras como m\u00e1ximo, incluida la bibliograf\u00eda;<\/li>\n\n\n\n<li><strong>Idioma<\/strong>: los res\u00famenes podr\u00e1n redactarse en ingl\u00e9s, alem\u00e1n, franc\u00e9s, italiano, \u00e1rabe, croata o espa\u00f1ol;<\/li>\n\n\n\n<li><strong>Presentaci\u00f3n<\/strong>: indicar el nombre del autor o autores, la instituci\u00f3n a la que pertenece el trabajo, la direcci\u00f3n de correo electr\u00f3nico y el t\u00edtulo del trabajo;<\/li>\n\n\n\n<li><strong>Fecha l\u00edmite de presentaci\u00f3n: 15 de septiembre de 2025<\/strong>&nbsp;<\/li>\n<\/ul>\n\n\n\n<div class=\"wp-block-buttons has-custom-font-size has-large-font-size is-content-justification-center is-layout-flex wp-container-core-buttons-is-layout-cfeed78a wp-block-buttons-is-layout-flex\" style=\"border-radius:0px;padding-top:0;padding-right:0;padding-bottom:0;padding-left:0\">\n<div class=\"wp-block-button has-custom-width wp-block-button__width-50\"><a class=\"wp-block-button__link has-nv-dark-bg-color has-text-color has-background has-link-color has-custom-font-size wp-element-button\" href=\"https:\/\/hub.imt-atlantique.fr\/icaret\/international-conference\/paper-submission\/\" style=\"background-color:#65bec6;font-size:30px\">Paper submission<\/a><\/div>\n<\/div>\n\n\n\n<blockquote class=\"wp-block-quote is-layout-flow wp-block-quote-is-layout-flow\">\n<p><strong>Comit\u00e9 cient\u00edfico<\/strong><br>Fabrice Barth\u00e9lemy (Sorbonne Nouvelle University)<br>Michele De Gioia (University of Padua)<br>Klaus Feldmann (University of Wuppertal)<br>Alison Gourv\u00e8s-Hayward (IMT Atlantique)<br>Gerald Hartung (University of Wuppertal)<br>Isabelle Lallemand (Telecom Paris)<br>Khalil Moussafir (Hassan 1er University)<br>Mohammed Raj (Hassan 1er University)<br>Martine Rey (UniLaSalle)<br>Cathy Sabl\u00e9 (IMT Atlantique)<\/p>\n\n\n\n<p><strong>Evaluaci\u00f3n y publicaci\u00f3n<\/strong><\/p>\n\n\n\n<p>Las contribuciones presentadas ser\u00e1n evaluadas por el Comit\u00e9 Cient\u00edfico de la conferencia. Se notificar\u00e1 la aceptaci\u00f3n antes del&nbsp;<strong>1 de noviembre de 2025<\/strong>.<br>Se publicar\u00e1n los trabajos resultantes de la conferencia. La fecha l\u00edmite para la presentaci\u00f3n de manuscritos completos es el&nbsp;<strong>1 de octubre de 2026<\/strong>.<\/p>\n<\/blockquote>\n\n\n\n<p><strong>Contacto<\/strong><br>Para m\u00e1s informaci\u00f3n, dir\u00edjase a:<br>Klaus Feldmann, Senior Lecturer<br>University of Wuppertal (Bergische Universit\u00e4t Wuppertal)<br><a href=\"mailto:klaus.feldmann@uni-wuppertal.de\">klaus.feldmann@uni-wuppertal.de<\/a><\/p>\n","protected":false},"excerpt":{"rendered":"<p>Teor\u00edas y pr\u00e1cticas de la interculturalidaddel mi\u00e9rcoles 15 de abril al viernes 17 de abril de 2026 en la Universidad de Wuppertal (Alemania) en el marco del proyecto Erasmus+ ICARET(Interculturality Concepts Analysed and Renewed for Education and Training) Presidido por&nbsp;Klaus Feldmann, Senior Lecturer&nbsp;&nbsp;klaus.feldmann@uni-wuppertal.de Llamada para participaciones\/art\u00edculos En un mundo contempor\u00e1neo marcado por la globalizaci\u00f3n, las&hellip;&nbsp;<a href=\"https:\/\/hub.imt-atlantique.fr\/icaret\/es\/llamada-para-participaciones-articulos\/\" rel=\"bookmark\">Lire la suite &raquo;<span class=\"screen-reader-text\">Conferencia Internacional<\/span><\/a><\/p>\n","protected":false},"author":6,"featured_media":0,"parent":0,"menu_order":0,"comment_status":"closed","ping_status":"closed","template":"","meta":{"neve_meta_sidebar":"","neve_meta_container":"","neve_meta_enable_content_width":"","neve_meta_content_width":0,"neve_meta_title_alignment":"","neve_meta_author_avatar":"","neve_post_elements_order":"","neve_meta_disable_header":"","neve_meta_disable_footer":"","neve_meta_disable_title":"","_themeisle_gutenberg_block_has_review":false,"footnotes":""},"class_list":["post-760","page","type-page","status-publish","hentry"],"_links":{"self":[{"href":"https:\/\/hub.imt-atlantique.fr\/icaret\/wp-json\/wp\/v2\/pages\/760","targetHints":{"allow":["GET"]}}],"collection":[{"href":"https:\/\/hub.imt-atlantique.fr\/icaret\/wp-json\/wp\/v2\/pages"}],"about":[{"href":"https:\/\/hub.imt-atlantique.fr\/icaret\/wp-json\/wp\/v2\/types\/page"}],"author":[{"embeddable":true,"href":"https:\/\/hub.imt-atlantique.fr\/icaret\/wp-json\/wp\/v2\/users\/6"}],"replies":[{"embeddable":true,"href":"https:\/\/hub.imt-atlantique.fr\/icaret\/wp-json\/wp\/v2\/comments?post=760"}],"version-history":[{"count":6,"href":"https:\/\/hub.imt-atlantique.fr\/icaret\/wp-json\/wp\/v2\/pages\/760\/revisions"}],"predecessor-version":[{"id":849,"href":"https:\/\/hub.imt-atlantique.fr\/icaret\/wp-json\/wp\/v2\/pages\/760\/revisions\/849"}],"wp:attachment":[{"href":"https:\/\/hub.imt-atlantique.fr\/icaret\/wp-json\/wp\/v2\/media?parent=760"}],"curies":[{"name":"wp","href":"https:\/\/api.w.org\/{rel}","templated":true}]}}