{"id":773,"date":"2025-06-17T10:32:23","date_gmt":"2025-06-17T08:32:23","guid":{"rendered":"https:\/\/hub.imt-atlantique.fr\/icaret\/?page_id=773"},"modified":"2025-07-10T21:22:08","modified_gmt":"2025-07-10T19:22:08","slug":"poziv-za-radove","status":"publish","type":"page","link":"https:\/\/hub.imt-atlantique.fr\/icaret\/hr\/poziv-za-radove\/","title":{"rendered":"Me\u0111unarodna konferencija"},"content":{"rendered":"\n<div class=\"wp-block-columns is-layout-flex wp-container-core-columns-is-layout-9d6595d7 wp-block-columns-is-layout-flex\">\n<div class=\"wp-block-column is-layout-flow wp-block-column-is-layout-flow\" style=\"flex-basis:66.66%\">\n<figure class=\"wp-block-image size-full\"><img loading=\"lazy\" decoding=\"async\" width=\"908\" height=\"590\" src=\"https:\/\/hub.imt-atlantique.fr\/icaret\/wp-content\/uploads\/2025\/05\/Picture-1.png\" alt=\"\" class=\"wp-image-633\" srcset=\"https:\/\/hub.imt-atlantique.fr\/icaret\/wp-content\/uploads\/2025\/05\/Picture-1.png 908w, https:\/\/hub.imt-atlantique.fr\/icaret\/wp-content\/uploads\/2025\/05\/Picture-1-300x195.png 300w, https:\/\/hub.imt-atlantique.fr\/icaret\/wp-content\/uploads\/2025\/05\/Picture-1-768x499.png 768w\" sizes=\"auto, (max-width: 908px) 100vw, 908px\" \/><\/figure>\n\n\n\n<div class=\"wp-block-columns is-layout-flex wp-container-core-columns-is-layout-9d6595d7 wp-block-columns-is-layout-flex\">\n<div class=\"wp-block-column is-layout-flow wp-block-column-is-layout-flow\">\n<figure class=\"wp-block-image size-full is-resized\"><img loading=\"lazy\" decoding=\"async\" width=\"185\" height=\"59\" src=\"https:\/\/hub.imt-atlantique.fr\/icaret\/wp-content\/uploads\/2025\/05\/Picture-1-1.png\" alt=\"\" class=\"wp-image-634\" style=\"width:252px;height:auto\"\/><\/figure>\n<\/div>\n\n\n\n<div class=\"wp-block-column is-layout-flow wp-block-column-is-layout-flow\">\n<figure class=\"wp-block-image size-full\"><img loading=\"lazy\" decoding=\"async\" width=\"495\" height=\"152\" src=\"https:\/\/hub.imt-atlantique.fr\/icaret\/wp-content\/uploads\/2025\/05\/eu-1.png\" alt=\"\" class=\"wp-image-635\" srcset=\"https:\/\/hub.imt-atlantique.fr\/icaret\/wp-content\/uploads\/2025\/05\/eu-1.png 495w, https:\/\/hub.imt-atlantique.fr\/icaret\/wp-content\/uploads\/2025\/05\/eu-1-300x92.png 300w\" sizes=\"auto, (max-width: 495px) 100vw, 495px\" \/><\/figure>\n<\/div>\n\n\n\n<div class=\"wp-block-column is-layout-flow wp-block-column-is-layout-flow\">\n<figure class=\"wp-block-image size-full is-resized\"><img loading=\"lazy\" decoding=\"async\" width=\"330\" height=\"134\" src=\"https:\/\/hub.imt-atlantique.fr\/icaret\/wp-content\/uploads\/2025\/05\/icaret.png\" alt=\"\" class=\"wp-image-636\" style=\"width:204px;height:auto\" srcset=\"https:\/\/hub.imt-atlantique.fr\/icaret\/wp-content\/uploads\/2025\/05\/icaret.png 330w, https:\/\/hub.imt-atlantique.fr\/icaret\/wp-content\/uploads\/2025\/05\/icaret-300x122.png 300w\" sizes=\"auto, (max-width: 330px) 100vw, 330px\" \/><\/figure>\n<\/div>\n<\/div>\n<\/div>\n\n\n\n<div class=\"wp-block-column is-layout-flow wp-block-column-is-layout-flow\" style=\"flex-basis:33.33%\">\n<p><br><strong>Teorije i prakse u interkulturalnosti&nbsp;<\/strong><br><strong>Od srijede 15. Travnja do petka 17. Travnja 2026.&nbsp;<\/strong><\/p>\n\n\n\n<p>Na Sveulili\u0161tu u Wuppertalu&nbsp;<\/p>\n\n\n\n<p>U sklopu Erasmus+ projekta&nbsp;<strong>ICARET<\/strong>&nbsp;(Interculturality Concepts Analysed and Renewed for Education and Training)<\/p>\n\n\n\n<p>Predsjednik&nbsp;<br>Klaus Feldmann, vi\u0161i predava\u010d&nbsp;&nbsp;<br><a href=\"mailto:klaus.feldmann@uni-wuppertal.de\">klaus.feldmann@uni-wuppertal.de<\/a><\/p>\n<\/div>\n<\/div>\n\n\n\n<h2 class=\"wp-block-heading\"><strong>Poziv za prijavu radova<\/strong><\/h2>\n\n\n\n<p>U suvremenom svijetu obilje\u017eenom globalizacijom, sustavnim poreme\u0107ajima i vi\u0161estrukim tranzicijama, pojam interkulturalnosti zauzima sredi\u0161nje mjesto. Razumijevanje ove teme zahtijeva raznolike teorijske perspektive, u kombinaciji s pristupima usmjerenim na praksu. Diskursi koji iz toga proizlaze svjedo\u010de o pluralnosti analiti\u010dkih okvira, koji okupljaju razli\u010dite discipline iz humanisti\u010dkih i dru\u0161tvenih znanosti, poput jezikoslovlja, politi\u010dkih i pravnih znanosti, antropologije, filozofije i kulturnih studija.<\/p>\n\n\n\n<p>Ova razmi\u0161ljanja osvjetljavaju suvremenu dru\u0161tvenu dinamiku, u kojoj globalne promjene poja\u010davaju kontakte me\u0111u kulturama. Brzo pove\u0107anje mobilnosti ljudi \u2013 uklju\u010duju\u0107i studente \u2013 ideja i kultura u (post)modernim dru\u0161tvima dovelo je do porasta interkulturalnih interakcija, \u010desto u napetom geopoliti\u010dkom kontekstu. To zajednicama, institucijama i pojedincima postavlja nove izazove, \u010dine\u0107i nu\u017enim dubinsko promi\u0161ljanje o kulturnim identitetima, modelima komunikacije i procesima dru\u0161tvene uklju\u010denosti u cilju mirnog su\u017eivota.<\/p>\n\n\n\n<p>S obzirom na ovu rastu\u0107u slo\u017eenost, zna\u010dajan broj istra\u017eivanja analizira na\u010dine tih interakcija i pitanja koja iz njih proizlaze. Ovo istra\u017eivanje ispituje mehanizme tuma\u010denja, reprezentacije i pregovaranja u situacijama kulturnog kontakta, kao i proiza\u0161le dru\u0161tvene i jezi\u010dne prakse. Izdvaja se potreba za dinami\u010dnim razumijevanjem identiteta, koji se promatraju kao procesi transformacije oblikovani logikom mobilnosti, hibridizacije ili transkulturalnosti.<\/p>\n\n\n\n<p>Kriti\u010dki pristup interkulturalnosti tako\u0111er nas poti\u010de da preispitamo pojmove kulture i razli\u010ditosti, napu\u0161taju\u0107i esencijalisti\u010dke vizije u korist relacijske, kontekstualne i situirane perspektive. Iz te perspektive, interkulturalnost se pojavljuje ne samo kao podru\u010dje prou\u010davanja, ve\u0107 i kao eti\u010dko i politi\u010dko pitanje, koje zahtijeva oblike refleksije u interakcijama te sposobnost de\u0161ifriranja, prilagodbe i sugradnje pluralnosti.<\/p>\n\n\n\n<p>To ukazuje na potrebu da se interkulturalna kompetencija ne promatra samo kao individualni obrazovni cilj, ve\u0107 i kao dru\u0161tveno pitanje koje nas poziva da preispitamo njezino mjesto u obrazovnim sustavima, javnim politikama, profesionalnim krugovima i suvremenim dru\u0161tvenim praksama. Cilj je ispitati modele, reprezentacije i smjernice koje oblikuju pristupe interkulturalnosti, kao i konkretne oblike koje ona poprima u multikulturalnim prostorima, narativima, medijacijama, profesionalnim razmjenama i kulturnim proizvodima.<\/p>\n\n\n\n<p>Relevantnost ovih promi\u0161ljanja vidljiva je u \u0161irokom rasponu konteksta: migracijska pitanja, obrazovne prakse, djelovanje udruga ili poduzetni\u0161tva, me\u0111unarodni suradni\u010dki projekti, mehanizmi medijacije i umjetni\u010dka iskustva. Interkulturalna osjetljivost tako postaje klju\u010dna vje\u0161tina sve ve\u0107eg zna\u010daja, pri \u010demu obuhva\u0107a vi\u0161e zna\u010denja koja je potrebno jasno razlikovati i temeljito analizirati.<\/p>\n\n\n\n<p>S obzirom na ovu dinamiku, postalo je nu\u017eno stvarati prostore dijaloga i promi\u0161ljanja u kojima se teorijski pristupi i terenske prakse mogu povezati, kako bi se steklo bolje razumijevanje slo\u017eenosti suvremenih interkulturalnih pitanja. U tom kontekstu nastaje me\u0111unarodna konferencija \u201eTeorije i prakse interkulturalnosti\u201c, kao forum za interdisciplinarnu razmjenu izme\u0111u istra\u017eiva\u010da, stru\u010dnjaka, prakti\u010dara i studenata, s ciljem rasprave o najnovijim teorijskim razvojnim pravcima, prakti\u010dnim iskustvima i mnogobrojnim oblicima interkulturalnih interakcija u suvremenim dru\u0161tvima.<\/p>\n\n\n\n<p>S obzirom na bogatstvo teorijskog, metodolo\u0161kog i istra\u017eiva\u010dkog rada na ovu temu, ovaj poziv na prijavu radova poziva zainteresirane da podnesu prijedloge sa\u017eetaka na sljede\u0107e tematske cjeline. Svaka prezentacija trajat \u0107e pribli\u017eno 20 minuta, nakon \u010dega slijedi 20 minuta rasprave.<\/p>\n\n\n\n<p><strong>Tematske cjeline&nbsp;<\/strong><\/p>\n\n\n\n<ol start=\"1\" class=\"wp-block-list\">\n<li><strong>Teorijske perspective o interkulturalnosti:&nbsp;<\/strong>promi\u0161ljanja iz filozofije, antropologije, etnologije, jezikoslovlja i teorije culture i razli\u010ditosti; konceptualizacije interkulturalnih odnosa; poveznice izme\u0111u drugosti (engl.&nbsp;<em>otherness<\/em>), uklju\u010divanja, jezi\u010dne pluralnosti i dinamike identiteta.<\/li>\n\n\n\n<li>&nbsp;<strong>Metodolo\u0161ki pristupi u istra\u017eivanju interkulturalnosti:&nbsp;<\/strong>kvalitativne, kvantitativne ili mje\u0161ovite metode; studije slu\u010daja; analize praksi i reprezentacija; terenska istra\u017eivanja, narativi iskustava, participativni pristupi u multikulturalnom kontekstu; interdisciplinarnost u pristupu interkulturalnim fenomenima.&nbsp;<\/li>\n\n\n\n<li><strong>Interkulturalne prakse i medijacije u suvremenim dru\u0161tvima:&nbsp;<\/strong>migracijska pitanja, iskustva kulturnog su\u017eivota, socijalna ili obrazovna medijacija, politike razli\u010ditosti i uklju\u010divanja; profesionalne prakse u obrazovnim ustanovama, poduze\u0107ima, udrugama ili transnacionalnim kontekstima; obuka i profesionalizacija interkulturalnih kompetencija.<\/li>\n\n\n\n<li><strong>Jezik(ci), identitet(i) i reprezentacije interkulturalnosti:&nbsp;<\/strong>vi\u0161ejezi\u010dnost, jezi\u010dne politike i kulturni prijenos; konstrukcija identiteta u kontekstu kulturnog kontakta; uloga interakcija, narativa, kulturnih, umjetni\u010dkih ili knji\u017eevnih produkcija u razumijevanju interkulturalnosti; dru\u0161tvene i imaginarne reprezentacije povezane s drugo\u0161\u0107u (engl.&nbsp;<em>otherness<\/em>).<\/li>\n\n\n\n<li><strong>Tehnologije, digitalne tehnologije i interkulturalnost:&nbsp;<\/strong>uloge i u\u010dinci digitalnih tehnologija u interkulturalnoj dinamici; digitalne medijacije, dru\u0161tvene mre\u017ee, automatski prijevod i umjetna inteligencija; virtualni prostori izra\u017eavanja, interakcije ili kulturnih sukoba; pitanja reprezentacije, pristupa\u010dnosti i uklju\u010divanja u digitalnim okru\u017eenjima.&nbsp;<\/li>\n<\/ol>\n\n\n\n<h3 class=\"wp-block-heading\"><strong>Prijava<\/strong><\/h3>\n\n\n\n<p>Prijedlozi radova moraju ispunjavati sljede\u0107e kriterije:<br><br><strong>Duljina<\/strong>: najvi\u0161e 500 rije\u010di, uklju\u010duju\u0107i bibliografiju;<br><strong>Jezik<\/strong>: sa\u017eeci se mogu napisati na engleskom, njema\u010dkom, francuskom, talijanskom, arapskom, hrvatskom ili \u0161panjolskom jeziku;<br><strong>Prezentacija<\/strong>: potrebno je navesti ime(n)o autora, instituciju na koju je rad vezan, adresu e-po\u0161te i naslov rada;<br><strong>Rok za prijavu: 15. rujna 2025. <\/strong>(<s>1.\u00a0srpnja 2025<\/s>)<strong>;<\/strong><\/p>\n\n\n\n<div class=\"wp-block-buttons has-custom-font-size has-large-font-size is-content-justification-center is-layout-flex wp-container-core-buttons-is-layout-cfeed78a wp-block-buttons-is-layout-flex\" style=\"border-radius:0px;padding-top:0;padding-right:0;padding-bottom:0;padding-left:0\">\n<div class=\"wp-block-button has-custom-width wp-block-button__width-50\"><a class=\"wp-block-button__link has-nv-dark-bg-color has-text-color has-background has-link-color has-custom-font-size wp-element-button\" href=\"https:\/\/hub.imt-atlantique.fr\/icaret\/international-conference\/paper-submission\/\" style=\"background-color:#65bec6;font-size:30px\">Predaja \u010dlanka<\/a><\/div>\n<\/div>\n\n\n\n<blockquote class=\"wp-block-quote is-layout-flow wp-block-quote-is-layout-flow\">\n<p><strong>Znanstveni odbor<\/strong><br>Fabrice Barth\u00e9lemy (Sveu\u010dili\u0161te Sorbonne Nouvelle)<br>Michele De Gioia (Sveu\u010dili\u0161te u Padovi)<br>Klaus Feldmann (Sveu\u010dili\u0161te u Wuppertalu)<br>Alison Gourv\u00e8s-Hayward (IMT Atlantique)<br>Gerald Hartung (Sveu\u010dili\u0161te u Wuppertalu)<br>Isabelle Lallemand (Telecom Paris)<br>Khalil Moussafir (Sveu\u010dili\u0161te Hassan 1er)<br>Mohammed Raj (Sveu\u010dili\u0161te Hassan 1er)<br>Martine Rey (UniLaSalle)<br>Cathy Sabl\u00e9 (IMT Atlantique)<\/p>\n\n\n\n<p><strong>Evaluacija i publikacija<\/strong><\/p>\n\n\n\n<p>Prijavljeni radovi bit \u0107e evaluirani od strane znanstvenog odbora konferencije. Obavijest o prihva\u0107anju bit \u0107e poslana najkasnije&nbsp;<strong>do 1. studenoga 2025<\/strong>.<br>Radovi proiza\u0161li iz konferencije bit \u0107e objavljeni. Rok za predaju cjelovitog rada je&nbsp;<strong>1. listopada 2026<\/strong>.<\/p>\n\n\n\n<p><strong>Kontakt<\/strong><\/p>\n\n\n\n<p>Za dodatne informacije, molimo kontaktirajte:<br>Klaus Feldmann, vi\u0161i predava\u010d<br>Sveu\u010dili\u0161te u Wuppertalu (Bergische Universit\u00e4t Wuppertal)<br><a href=\"mailto:klaus.feldmann@uni-wuppertal.de\">klaus.feldmann@uni-wuppertal.de<\/a><\/p>\n<\/blockquote>\n","protected":false},"excerpt":{"rendered":"<p>Teorije i prakse u interkulturalnosti&nbsp;Od srijede 15. Travnja do petka 17. Travnja 2026.&nbsp; Na Sveulili\u0161tu u Wuppertalu&nbsp; U sklopu Erasmus+ projekta&nbsp;ICARET&nbsp;(Interculturality Concepts Analysed and Renewed for Education and Training) Predsjednik&nbsp;Klaus Feldmann, vi\u0161i predava\u010d&nbsp;&nbsp;klaus.feldmann@uni-wuppertal.de Poziv za prijavu radova U suvremenom svijetu obilje\u017eenom globalizacijom, sustavnim poreme\u0107ajima i vi\u0161estrukim tranzicijama, pojam interkulturalnosti zauzima sredi\u0161nje mjesto. Razumijevanje ove teme&hellip;&nbsp;<a href=\"https:\/\/hub.imt-atlantique.fr\/icaret\/hr\/poziv-za-radove\/\" rel=\"bookmark\">Lire la suite &raquo;<span class=\"screen-reader-text\">Me\u0111unarodna konferencija<\/span><\/a><\/p>\n","protected":false},"author":6,"featured_media":0,"parent":0,"menu_order":0,"comment_status":"closed","ping_status":"closed","template":"","meta":{"neve_meta_sidebar":"","neve_meta_container":"","neve_meta_enable_content_width":"","neve_meta_content_width":0,"neve_meta_title_alignment":"","neve_meta_author_avatar":"","neve_post_elements_order":"","neve_meta_disable_header":"","neve_meta_disable_footer":"","neve_meta_disable_title":"","_themeisle_gutenberg_block_has_review":false,"footnotes":""},"class_list":["post-773","page","type-page","status-publish","hentry"],"_links":{"self":[{"href":"https:\/\/hub.imt-atlantique.fr\/icaret\/wp-json\/wp\/v2\/pages\/773","targetHints":{"allow":["GET"]}}],"collection":[{"href":"https:\/\/hub.imt-atlantique.fr\/icaret\/wp-json\/wp\/v2\/pages"}],"about":[{"href":"https:\/\/hub.imt-atlantique.fr\/icaret\/wp-json\/wp\/v2\/types\/page"}],"author":[{"embeddable":true,"href":"https:\/\/hub.imt-atlantique.fr\/icaret\/wp-json\/wp\/v2\/users\/6"}],"replies":[{"embeddable":true,"href":"https:\/\/hub.imt-atlantique.fr\/icaret\/wp-json\/wp\/v2\/comments?post=773"}],"version-history":[{"count":6,"href":"https:\/\/hub.imt-atlantique.fr\/icaret\/wp-json\/wp\/v2\/pages\/773\/revisions"}],"predecessor-version":[{"id":863,"href":"https:\/\/hub.imt-atlantique.fr\/icaret\/wp-json\/wp\/v2\/pages\/773\/revisions\/863"}],"wp:attachment":[{"href":"https:\/\/hub.imt-atlantique.fr\/icaret\/wp-json\/wp\/v2\/media?parent=773"}],"curies":[{"name":"wp","href":"https:\/\/api.w.org\/{rel}","templated":true}]}}