{"id":9,"date":"2024-10-18T09:07:16","date_gmt":"2024-10-18T07:07:16","guid":{"rendered":"https:\/\/hub.imt-atlantique.fr\/icaret\/?page_id=9"},"modified":"2025-06-23T16:29:05","modified_gmt":"2025-06-23T14:29:05","slug":"accueil","status":"publish","type":"page","link":"https:\/\/hub.imt-atlantique.fr\/icaret\/fr\/","title":{"rendered":"Accueil"},"content":{"rendered":"\n<div class=\"wp-block-cover alignfull is-light\" style=\"min-height:465px;aspect-ratio:unset;\"><img loading=\"lazy\" decoding=\"async\" width=\"1640\" height=\"353\" class=\"wp-block-cover__image-background wp-image-61\" alt=\"\" src=\"https:\/\/hub.imt-atlantique.fr\/icaret\/wp-content\/uploads\/2024\/10\/fd-icaret.jpg\" data-object-fit=\"cover\"\/><span aria-hidden=\"true\" class=\"wp-block-cover__background has-background-dim-0 has-background-dim\"><\/span><div class=\"wp-block-cover__inner-container is-layout-flow wp-block-cover-is-layout-flow\">\n<div class=\"wp-block-columns are-vertically-aligned-top is-layout-flex wp-container-core-columns-is-layout-9d6595d7 wp-block-columns-is-layout-flex\" style=\"border-radius:0px\">\n<div class=\"wp-block-column is-vertically-aligned-top is-layout-flow wp-block-column-is-layout-flow\" style=\"padding-right:var(--wp--preset--spacing--20);padding-left:var(--wp--preset--spacing--20);flex-basis:65%\">\n<h1 class=\"wp-block-heading\" style=\"font-size:44px\">Concepts d&#8217;interculturalit\u00e9 et alt\u00e9rit\u00e9 : \u00e9l\u00e9ments de renouvellement pour la formation<\/h1>\n\n\n\n<p class=\"has-text-align-left has-text-color has-link-color wp-elements-7d27228f0ea021fe130213324aa877c5\" style=\"color:#464646;font-size:17px\"><strong>ICARET<\/strong> | Projet Erasmus+ KA220-HED<br>Partenariats coop\u00e9ratifs dans l&#8217;enseignement sup\u00e9rieur<\/p>\n<\/div>\n\n\n\n<div class=\"wp-block-column is-vertically-aligned-top is-layout-flow wp-block-column-is-layout-flow\">\n<figure class=\"wp-block-image size-full\"><img loading=\"lazy\" decoding=\"async\" width=\"512\" height=\"512\" src=\"https:\/\/hub.imt-atlantique.fr\/icaret\/wp-content\/uploads\/2024\/10\/icaret-favicon-1.png\" alt=\"\" class=\"wp-image-53\" srcset=\"https:\/\/hub.imt-atlantique.fr\/icaret\/wp-content\/uploads\/2024\/10\/icaret-favicon-1.png 512w, https:\/\/hub.imt-atlantique.fr\/icaret\/wp-content\/uploads\/2024\/10\/icaret-favicon-1-300x300.png 300w, https:\/\/hub.imt-atlantique.fr\/icaret\/wp-content\/uploads\/2024\/10\/icaret-favicon-1-150x150.png 150w\" sizes=\"auto, (max-width: 512px) 100vw, 512px\" \/><\/figure>\n<\/div>\n\n\n\n<div class=\"wp-block-column is-layout-flow wp-block-column-is-layout-flow\">\n<figure class=\"wp-block-image size-full is-resized\"><img loading=\"lazy\" decoding=\"async\" width=\"125\" height=\"125\" src=\"https:\/\/hub.imt-atlantique.fr\/icaret\/wp-content\/uploads\/2025\/01\/didalang-removebg-preview.png\" alt=\"\" class=\"wp-image-530\" style=\"width:100px;height:auto\"\/><\/figure>\n<\/div>\n<\/div>\n\n\n\n<div class=\"wp-block-group\"><div class=\"wp-block-group__inner-container is-layout-constrained wp-block-group-is-layout-constrained\">\n<div class=\"wp-block-buttons is-content-justification-right is-layout-flex wp-container-core-buttons-is-layout-3b6b0fee wp-block-buttons-is-layout-flex\" style=\"border-style:none;border-width:0px;border-radius:0px;padding-top:0;padding-right:0;padding-bottom:0;padding-left:0\"><\/div>\n<\/div><\/div>\n<\/div><\/div>\n\n\n\n<div class=\"wp-block-cover is-light has-custom-content-position is-position-top-center\"><span aria-hidden=\"true\" class=\"wp-block-cover__background has-background-dim-100 has-background-dim\" style=\"background-color:#FFF\"><\/span><div class=\"wp-block-cover__inner-container is-layout-constrained wp-block-cover-is-layout-constrained\">\n<p class=\"has-text-align-center animated pulse slower ticss-9790918d\" style=\"font-size:28px\">Concepts d&#8217;interculturalit\u00e9 et alt\u00e9rit\u00e9 : \u00e9l\u00e9ments de renouvellement pour la formation<\/p>\n\n\n\n<h2 class=\"wp-block-heading has-large-font-size\" style=\"padding-top:var(--wp--preset--spacing--40);padding-bottom:0\">Pourquoi ICARET ?<\/h2>\n\n\n\n<p class=\"ticss-a8b6e053\">Les programmes dits interculturels ne manquent pas dans l&#8217;enseignement sup\u00e9rieur et la mobilit\u00e9 s&#8217;accro\u00eet. Mais 2024 s&#8217;inscrit dans un contexte d&#8217;incertitudes li\u00e9es aux conflits, que ce soit en Europe ou au Moyen-Orient, qui provoquent le repli des communaut\u00e9s sur elles-m\u00eames. Pourtant, la petite phrase \u00ab je ne veux pas d&#8217;\u00e9tudiants internationaux dans mon groupe de projet \u00bb revient fr\u00e9quemment, ce qui interroge sur l&#8217;apport de la formation interculturelle : \u00e0 l&#8217;heure o\u00f9 l&#8217;on parle d&#8217;inclusion et de diversit\u00e9, l&#8217;\u00e9ducation interculturelle a-t-elle encore sa place ?<\/p>\n\n\n\n<h2 class=\"wp-block-heading has-large-font-size\">Interculturel, interculturalit\u00e9, sens ?<\/h2>\n\n\n\n<p class=\"ticss-8d7ae76a\">Pour r\u00e9pondre \u00e0 cette question, il y a une premi\u00e8re \u00e9tape importante : saisir l&#8217;essence conceptuelle de l&#8217;interculturalit\u00e9. L&#8217;interculturel est souvent associ\u00e9 aux diff\u00e9rences culturelles dilu\u00e9es dans des listes d&#8217;erreurs \u00e0 ne pas commettre, perdant toute conceptualit\u00e9 pour devenir un guide comparatif. Pourtant, les \u00e9tudes scientifiques insistent sur une dimension plus complexe de l&#8217;interculturalit\u00e9, impliquant l&#8217;alt\u00e9rit\u00e9, la pluralit\u00e9 et non les diff\u00e9rences.<\/p>\n\n\n\n<h2 class=\"wp-block-heading has-large-font-size\">Comment donner du sens \u00e0 tout cela ?<\/h2>\n\n\n\n<p class=\"ticss-e8e2d59e\">Ce projet vise \u00e0 l\u00e9gitimer le concept d&#8217;interculturalit\u00e9 en analysant la terminologie utilis\u00e9e pour le d\u00e9crire. Dans un premier temps, il s&#8217;agira de rassembler les concepts et les textes propres au domaine de l&#8217;interculturalit\u00e9, tant dans ses aspects philosophiques que dans ses applications commerciales et manag\u00e9riales. Une enqu\u00eate qualitative sera \u00e9galement men\u00e9e aupr\u00e8s d&#8217;anciens \u00e9tudiants et d&#8217;acteurs du domaine international afin de mieux comprendre l&#8217;essentiel de l&#8217;interculturalit\u00e9 aujourd&#8217;hui.<\/p>\n\n\n\n<p class=\"ticss-41541bcf\">Comme l&#8217;ont soulign\u00e9 de pr\u00e9c\u00e9dentes \u00e9tudes (Colloque GLAT 2016, L&#8217;Essentiel de la M\u00e9diation, etc.), l&#8217;interculturalit\u00e9, qui s&#8217;apparente parfois \u00e0 une hydre \u00e0 neuf t\u00eates, r\u00e9v\u00e8le des invariants tels que l&#8217;alt\u00e9rit\u00e9, la d\u00e9centralisation, les diff\u00e9rences culturelles et la pluralit\u00e9 au sein d&#8217;un champ sp\u00e9cifique.<\/p>\n\n\n\n<h2 class=\"wp-block-heading has-large-font-size\">ICARET, un projet interdisciplinaire et multilingue<\/h2>\n\n\n\n<p class=\"ticss-f6c479b5\">C&#8217;est par une approche interdisciplinaire combinant terminologie (M. de Gioia, Padoue), questionnement philosophique (G. Hartung, K. Feldmann, Wuppertal) et analyse du discours (M. Raj, K. Moussafir, Settat, C. Sabl\u00e9, Alison.Gourves-Hayward Brest) que ce projet vise \u00e0 \u00e9clairer l&#8217;interculturalit\u00e9 dans toute sa richesse conceptuelle, afin de promouvoir la formation interculturelle comme support pour le d\u00e9veloppement de citoyens responsables du 21\u00e8me si\u00e8cle.<\/p>\n<\/div><\/div>\n\n\n\n<div class=\"wp-block-cover alignfull team-members has-nv-text-dark-bg-color has-text-color has-link-color wp-elements-6bec662c6e479a2c00211dcb066bb390\" style=\"min-height:420px;aspect-ratio:unset;\"><span aria-hidden=\"true\" class=\"wp-block-cover__background has-background-dim-100 has-background-dim\" style=\"background-color:#464646\"><\/span><div class=\"wp-block-cover__inner-container is-layout-flow wp-block-cover-is-layout-flow\">\n<h2 class=\"wp-block-heading has-text-align-center ticss-42609d4c has-x-large-font-size\">Les membres de l&#8217;\u00e9quipe<\/h2>\n\n\n\n<div class=\"wp-block-columns is-layout-flex wp-container-core-columns-is-layout-9d6595d7 wp-block-columns-is-layout-flex\">\n<div class=\"wp-block-column ticss-4ce656f1 is-layout-flow wp-block-column-is-layout-flow\"><div class=\"wp-block-image is-style-rounded animated backInRight\">\n<figure class=\"aligncenter size-full is-resized\"><a href=\"https:\/\/hub.imt-atlantique.fr\/icaret\/cathy-sable\/\"><img loading=\"lazy\" decoding=\"async\" width=\"600\" height=\"600\" src=\"https:\/\/hub.imt-atlantique.fr\/icaret\/wp-content\/uploads\/2024\/10\/cathy-sable.jpg\" alt=\"\" class=\"wp-image-90\" style=\"object-fit:cover;width:188px;height:auto\"\/><\/a><\/figure>\n<\/div>\n\n\n<p class=\"has-text-align-center has-nv-text-dark-bg-color has-text-color has-small-font-size\" style=\"text-transform:uppercase\"><strong><strong>Cathy sabl\u00c9<\/strong><\/strong><\/p>\n<\/div>\n\n\n\n<div class=\"wp-block-column ticss-f6fc7494 is-layout-flow wp-block-column-is-layout-flow\"><div class=\"wp-block-image is-style-rounded animated backInRight\">\n<figure class=\"aligncenter size-full is-resized\"><a href=\"https:\/\/hub.imt-atlantique.fr\/icaret\/alison-gourves-hayward\/\"><img loading=\"lazy\" decoding=\"async\" width=\"600\" height=\"600\" src=\"https:\/\/hub.imt-atlantique.fr\/icaret\/wp-content\/uploads\/2024\/10\/alison-gourves-hayward.jpg\" alt=\"\" class=\"wp-image-89\" style=\"object-fit:cover;width:188px;height:auto\"\/><\/a><\/figure>\n<\/div>\n\n\n<p class=\"has-text-align-center has-nv-text-dark-bg-color has-text-color has-small-font-size\" style=\"text-transform:uppercase\"><strong><strong>alison gourves-hayward<\/strong><\/strong><\/p>\n<\/div>\n\n\n\n<div class=\"wp-block-column ticss-a5b4df29 is-layout-flow wp-block-column-is-layout-flow\"><div class=\"wp-block-image is-style-rounded animated backInRight\">\n<figure class=\"aligncenter size-full is-resized\"><a href=\"https:\/\/hub.imt-atlantique.fr\/icaret\/melanie-blanchard\/\"><img loading=\"lazy\" decoding=\"async\" width=\"600\" height=\"600\" src=\"https:\/\/hub.imt-atlantique.fr\/icaret\/wp-content\/uploads\/2024\/10\/melb.jpg\" alt=\"\" class=\"wp-image-103\" style=\"object-fit:cover;width:188px;height:auto\"\/><\/a><\/figure>\n<\/div>\n\n\n<p class=\"has-text-align-center has-nv-text-dark-bg-color has-text-color has-small-font-size\" style=\"text-transform:uppercase\"><strong><strong>MELanie Blanchard<\/strong><\/strong><\/p>\n<\/div>\n\n\n\n<div class=\"wp-block-column ticss-a5b4df29 is-layout-flow wp-block-column-is-layout-flow\"><div class=\"wp-block-image is-style-rounded animated backInRight\">\n<figure class=\"aligncenter size-full is-resized\"><a href=\"https:\/\/hub.imt-atlantique.fr\/icaret\/michele-de-gioia\/\"><img loading=\"lazy\" decoding=\"async\" width=\"600\" height=\"600\" src=\"https:\/\/hub.imt-atlantique.fr\/icaret\/wp-content\/uploads\/2024\/10\/michele-de-gioia.jpg\" alt=\"\" class=\"wp-image-96\" style=\"object-fit:cover;width:186px;height:auto\"\/><\/a><\/figure>\n<\/div>\n\n\n<p class=\"has-text-align-center has-nv-text-dark-bg-color has-text-color has-small-font-size\" style=\"text-transform:uppercase\"><strong><strong>michele de gioia<\/strong><\/strong><\/p>\n<\/div>\n<\/div>\n\n\n\n<div class=\"wp-block-columns is-layout-flex wp-container-core-columns-is-layout-9d6595d7 wp-block-columns-is-layout-flex\">\n<div class=\"wp-block-column ticss-a5b4df29 is-layout-flow wp-block-column-is-layout-flow\"><div class=\"wp-block-image is-style-rounded animated backInRight\">\n<figure class=\"aligncenter size-full is-resized\"><a href=\"https:\/\/hub.imt-atlantique.fr\/icaret\/klaus-feldmann\/\"><img loading=\"lazy\" decoding=\"async\" width=\"600\" height=\"600\" src=\"https:\/\/hub.imt-atlantique.fr\/icaret\/wp-content\/uploads\/2024\/10\/klaus-feldmann.jpg\" alt=\"\" class=\"wp-image-95\" style=\"object-fit:cover;width:169px;height:auto\"\/><\/a><\/figure>\n<\/div>\n\n\n<p class=\"has-text-align-center has-nv-text-dark-bg-color has-text-color has-small-font-size\" style=\"text-transform:uppercase\"><strong>KLAUS FELDMANN<\/strong><\/p>\n<\/div>\n\n\n\n<div class=\"wp-block-column ticss-a5b4df29 is-layout-flow wp-block-column-is-layout-flow\"><div class=\"wp-block-image is-style-rounded animated backInRight\">\n<figure class=\"aligncenter size-full is-resized\"><a href=\"https:\/\/hub.imt-atlantique.fr\/icaret\/gerald-hartung\/\"><img loading=\"lazy\" decoding=\"async\" width=\"600\" height=\"600\" src=\"https:\/\/hub.imt-atlantique.fr\/icaret\/wp-content\/uploads\/2024\/10\/gerald-hartung.jpg\" alt=\"\" class=\"wp-image-92\" style=\"object-fit:cover;width:176px;height:auto\"\/><\/a><\/figure>\n<\/div>\n\n\n<p class=\"has-text-align-center has-nv-text-dark-bg-color has-text-color has-small-font-size\" style=\"text-transform:uppercase\"><strong>GERALD HARTUNG<\/strong><\/p>\n<\/div>\n\n\n\n<div class=\"wp-block-column ticss-a5b4df29 is-layout-flow wp-block-column-is-layout-flow\"><div class=\"wp-block-image is-style-rounded animated backInRight\">\n<figure class=\"aligncenter size-full is-resized\"><a href=\"https:\/\/hub.imt-atlantique.fr\/icaret\/mohammed-raj\/\"><img loading=\"lazy\" decoding=\"async\" width=\"600\" height=\"600\" src=\"https:\/\/hub.imt-atlantique.fr\/icaret\/wp-content\/uploads\/2024\/10\/mohammed-raj.jpg\" alt=\"\" class=\"wp-image-116\" style=\"object-fit:cover;width:176px;height:auto\"\/><\/a><\/figure>\n<\/div>\n\n\n<p class=\"has-text-align-center has-nv-text-dark-bg-color has-text-color has-small-font-size\" style=\"text-transform:uppercase\"><strong>MOHAMMED RAJ<\/strong><\/p>\n<\/div>\n\n\n\n<div class=\"wp-block-column ticss-a5b4df29 is-layout-flow wp-block-column-is-layout-flow\"><div class=\"wp-block-image is-style-rounded animated backInRight\">\n<figure class=\"aligncenter size-full is-resized\"><a href=\"https:\/\/hub.imt-atlantique.fr\/icaret\/khalil-moussafir\/\"><img loading=\"lazy\" decoding=\"async\" width=\"600\" height=\"600\" src=\"https:\/\/hub.imt-atlantique.fr\/icaret\/wp-content\/uploads\/2024\/10\/khalil-moussafir.jpg\" alt=\"\" class=\"wp-image-94\" style=\"object-fit:cover;width:180px;height:auto\"\/><\/a><\/figure>\n<\/div>\n\n\n<p class=\"has-text-align-center has-nv-text-dark-bg-color has-text-color has-small-font-size\" style=\"text-transform:uppercase\"><strong>KHALIL MOUSSAFIR<\/strong><\/p>\n<\/div>\n<\/div>\n\n\n\n<div style=\"height:0px\" aria-hidden=\"true\" class=\"wp-block-spacer\"><\/div>\n\n\n\n<div class=\"wp-block-columns is-layout-flex wp-container-core-columns-is-layout-9d6595d7 wp-block-columns-is-layout-flex\">\n<div class=\"wp-block-column is-layout-flow wp-block-column-is-layout-flow\">\n<div class=\"wp-block-columns is-layout-flex wp-container-core-columns-is-layout-9d6595d7 wp-block-columns-is-layout-flex\">\n<div class=\"wp-block-column ticss-a5b4df29 is-layout-flow wp-block-column-is-layout-flow\"><div class=\"wp-block-image is-style-rounded animated backInRight\">\n<figure class=\"aligncenter size-full is-resized\"><a href=\"https:\/\/hub.imt-atlantique.fr\/icaret\/felipe-penaranda-foix\/\"><img loading=\"lazy\" decoding=\"async\" width=\"600\" height=\"600\" src=\"https:\/\/hub.imt-atlantique.fr\/icaret\/wp-content\/uploads\/2024\/10\/felipe-penaranda-foix.jpg\" alt=\"\" class=\"wp-image-91\" style=\"object-fit:cover;width:200px;height:auto\"\/><\/a><\/figure>\n<\/div>\n\n\n<p class=\"has-text-align-center has-nv-text-dark-bg-color has-text-color has-small-font-size\" style=\"text-transform:uppercase\"><strong>FELIPE PENARANDA FOIX<\/strong><\/p>\n<\/div>\n\n\n\n<div class=\"wp-block-column ticss-a5b4df29 is-layout-flow wp-block-column-is-layout-flow\"><div class=\"wp-block-image is-style-rounded animated backInRight\">\n<figure class=\"aligncenter size-full is-resized\"><a href=\"https:\/\/hub.imt-atlantique.fr\/icaret\/ana-radovic\/\"><img loading=\"lazy\" decoding=\"async\" width=\"600\" height=\"600\" src=\"https:\/\/hub.imt-atlantique.fr\/icaret\/wp-content\/uploads\/2024\/10\/slika-ana.jpg\" alt=\"\" class=\"wp-image-97\" style=\"object-fit:cover;width:200px;height:auto\"\/><\/a><\/figure>\n<\/div>\n\n\n<p class=\"has-text-align-center has-nv-text-dark-bg-color has-text-color has-small-font-size\" style=\"text-transform:uppercase\"><strong>Ana<\/strong> <strong>Radovic<\/strong><\/p>\n<\/div>\n<\/div>\n<\/div>\n\n\n\n<div class=\"wp-block-column is-layout-flow wp-block-column-is-layout-flow\">\n<div class=\"wp-block-columns is-layout-flex wp-container-core-columns-is-layout-9d6595d7 wp-block-columns-is-layout-flex\">\n<div class=\"wp-block-column ticss-a5b4df29 is-layout-flow wp-block-column-is-layout-flow\"><div class=\"wp-block-image is-style-rounded animated backInRight\">\n<figure class=\"aligncenter size-large is-resized\"><a href=\"https:\/\/hub.imt-atlantique.fr\/icaret\/jurica-babic\/\"><img loading=\"lazy\" decoding=\"async\" width=\"600\" height=\"600\" src=\"https:\/\/hub.imt-atlantique.fr\/icaret\/wp-content\/uploads\/2024\/10\/jurica-babic.jpg\" alt=\"\" class=\"wp-image-93\" style=\"object-fit:cover;width:188px;height:auto\"\/><\/a><\/figure>\n<\/div>\n\n\n<p class=\"has-text-align-center has-nv-text-dark-bg-color has-text-color has-small-font-size\" style=\"text-transform:uppercase\"><strong>jurica babic<\/strong><\/p>\n<\/div>\n\n\n\n<div class=\"wp-block-column ticss-a5b4df29 is-layout-flow wp-block-column-is-layout-flow\"><div class=\"wp-block-image is-style-rounded animated backInRight\">\n<figure class=\"aligncenter size-full is-resized\"><a href=\"https:\/\/hub.imt-atlantique.fr\/icaret\/lea-togbe\/\"><img loading=\"lazy\" decoding=\"async\" width=\"665\" height=\"665\" src=\"https:\/\/hub.imt-atlantique.fr\/icaret\/wp-content\/uploads\/2025\/05\/lea-picture.jpeg\" alt=\"\" class=\"wp-image-685\" style=\"object-fit:cover;width:188px;height:auto\"\/><\/a><\/figure>\n<\/div>\n\n\n<p class=\"has-text-align-center has-nv-text-dark-bg-color has-text-color has-small-font-size\" style=\"text-transform:uppercase\"><strong>LEA TOGBE<\/strong><\/p>\n<\/div>\n<\/div>\n<\/div>\n<\/div>\n<\/div><\/div>\n\n\n\n<div class=\"wp-block-cover alignfull is-light has-text-color has-link-color wp-elements-f8ef77f6aec956932bbed0b8d4405f4e\" style=\"color:#464646;min-height:360px;aspect-ratio:unset;\"><span aria-hidden=\"true\" class=\"wp-block-cover__background has-nv-site-bg-background-color has-background-dim-0 has-background-dim\"><\/span><div class=\"wp-block-cover__inner-container is-layout-flow wp-block-cover-is-layout-flow\">\n<div class=\"wp-block-columns is-layout-flex wp-container-core-columns-is-layout-9d6595d7 wp-block-columns-is-layout-flex\">\n<div class=\"wp-block-column is-layout-flow wp-block-column-is-layout-flow\" style=\"flex-basis:100%\">\n<div class=\"wp-block-columns is-layout-flex wp-container-core-columns-is-layout-9d6595d7 wp-block-columns-is-layout-flex\">\n<div class=\"wp-block-column ticss-1f882c40 has-large-font-size is-layout-flow wp-block-column-is-layout-flow\" style=\"padding-top:var(--wp--preset--spacing--20);padding-right:0;padding-bottom:var(--wp--preset--spacing--20);padding-left:0;flex-basis:100%\">\n<p class=\"has-text-align-center animated jackInTheBox has-nv-site-bg-background-color has-text-color has-background has-link-color has-large-font-size wp-elements-4e9d1de28f69b09a1f4d77d6dd241199 wp-container-content-9cfa9a5a\" style=\"border-style:none;border-width:0px;border-radius:0px;color:#464646\">&#8211; <strong><em>400 000\u20ac Budget<\/em><\/strong> &#8211;<\/p>\n\n\n\n<div id=\"wp-block-themeisle-blocks-countdown-f4ac3bc8\" data-date=\"2027-08-31T09:00:00\" class=\"wp-block-themeisle-blocks-countdown animated bounceIn delay-100ms o-anim-hover\"><div class=\"otter-countdown__container\"><div class=\"otter-countdown__display\"><div name=\"day\" class=\"otter-countdown__display-area is-main-component\"><div class=\"otter-countdown__value\">0<\/div><div class=\"otter-countdown__label\">Day<\/div><\/div><div name=\"hour\" class=\"otter-countdown__display-area is-main-component\"><div class=\"otter-countdown__value\">0<\/div><div class=\"otter-countdown__label\">Hour<\/div><\/div><div name=\"minute\" class=\"otter-countdown__display-area is-main-component\"><div class=\"otter-countdown__value\">0<\/div><div class=\"otter-countdown__label\">Minute<\/div><\/div><div name=\"second\" class=\"otter-countdown__display-area is-main-component\"><div class=\"otter-countdown__value\">0<\/div><div class=\"otter-countdown__label\">Second<\/div><\/div><\/div><\/div><\/div>\n<\/div>\n<\/div>\n<\/div>\n<\/div>\n<\/div><\/div>\n\n\n<div class=\"wp-block-image\">\n<figure class=\"alignleft size-full is-resized\"><img loading=\"lazy\" decoding=\"async\" width=\"1964\" height=\"561\" src=\"https:\/\/hub.imt-atlantique.fr\/icaret\/wp-content\/uploads\/2024\/10\/eu_flag_co_funded_pos_right.jpg\" alt=\"\" class=\"wp-image-80\" style=\"width:335px;height:auto\"\/><\/figure>\n<\/div>\n\n\n<p class=\"has-large-font-size\">Icaret est cofinanc\u00e9 par le programme Erasmus+ de l&#8217;Union europ\u00e9enne<\/p>\n","protected":false},"excerpt":{"rendered":"<p>Icaret est cofinanc\u00e9 par le programme Erasmus+ de l&#8217;Union europ\u00e9enne<\/p>\n","protected":false},"author":3,"featured_media":0,"parent":0,"menu_order":0,"comment_status":"closed","ping_status":"closed","template":"","meta":{"neve_meta_sidebar":"full-width","neve_meta_container":"contained","neve_meta_enable_content_width":"on","neve_meta_content_width":100,"neve_meta_title_alignment":"left","neve_meta_author_avatar":"","neve_post_elements_order":"neve_post_elements_order","neve_meta_disable_header":"","neve_meta_disable_footer":"","neve_meta_disable_title":"on","_themeisle_gutenberg_block_has_review":false,"footnotes":""},"class_list":["post-9","page","type-page","status-publish","hentry"],"_links":{"self":[{"href":"https:\/\/hub.imt-atlantique.fr\/icaret\/wp-json\/wp\/v2\/pages\/9","targetHints":{"allow":["GET"]}}],"collection":[{"href":"https:\/\/hub.imt-atlantique.fr\/icaret\/wp-json\/wp\/v2\/pages"}],"about":[{"href":"https:\/\/hub.imt-atlantique.fr\/icaret\/wp-json\/wp\/v2\/types\/page"}],"author":[{"embeddable":true,"href":"https:\/\/hub.imt-atlantique.fr\/icaret\/wp-json\/wp\/v2\/users\/3"}],"replies":[{"embeddable":true,"href":"https:\/\/hub.imt-atlantique.fr\/icaret\/wp-json\/wp\/v2\/comments?post=9"}],"version-history":[{"count":127,"href":"https:\/\/hub.imt-atlantique.fr\/icaret\/wp-json\/wp\/v2\/pages\/9\/revisions"}],"predecessor-version":[{"id":829,"href":"https:\/\/hub.imt-atlantique.fr\/icaret\/wp-json\/wp\/v2\/pages\/9\/revisions\/829"}],"wp:attachment":[{"href":"https:\/\/hub.imt-atlantique.fr\/icaret\/wp-json\/wp\/v2\/media?parent=9"}],"curies":[{"name":"wp","href":"https:\/\/api.w.org\/{rel}","templated":true}]}}