{"id":914,"date":"2026-01-20T14:09:33","date_gmt":"2026-01-20T13:09:33","guid":{"rendered":"https:\/\/hub.imt-atlantique.fr\/icaret\/?page_id=914"},"modified":"2026-04-08T14:33:07","modified_gmt":"2026-04-08T12:33:07","slug":"international-conference-theory-and-practice-of-interculturality","status":"publish","type":"page","link":"https:\/\/hub.imt-atlantique.fr\/icaret\/international-conference-theory-and-practice-of-interculturality\/","title":{"rendered":"International conference\u00a0&#8220;Theory and practice of interculturality&#8221;"},"content":{"rendered":"\n<div class=\"wp-block-group animated fadeIn\"><div class=\"wp-block-group__inner-container is-layout-constrained wp-block-group-is-layout-constrained\">\n<div class=\"wp-block-group\"><div class=\"wp-block-group__inner-container is-layout-constrained wp-block-group-is-layout-constrained\">\n<p class=\"has-text-align-center\"><strong>International conference&nbsp;<em>Theory and practice of interculturality<\/em><\/strong><\/p>\n\n\n<div class=\"wp-block-image\">\n<figure class=\"aligncenter size-full\"><img loading=\"lazy\" decoding=\"async\" width=\"563\" height=\"108\" src=\"https:\/\/hub.imt-atlantique.fr\/icaret\/wp-content\/uploads\/2026\/01\/Screenshot-2026-01-20-at-14.35.16.png\" alt=\"\" class=\"wp-image-945\" srcset=\"https:\/\/hub.imt-atlantique.fr\/icaret\/wp-content\/uploads\/2026\/01\/Screenshot-2026-01-20-at-14.35.16.png 563w, https:\/\/hub.imt-atlantique.fr\/icaret\/wp-content\/uploads\/2026\/01\/Screenshot-2026-01-20-at-14.35.16-300x58.png 300w\" sizes=\"auto, (max-width: 563px) 100vw, 563px\" \/><\/figure>\n<\/div>\n\n\n<p class=\"has-text-align-center\">Wednesday, 15<sup>th<\/sup>&nbsp;April &#8211; Friday, 17<sup>th<\/sup>&nbsp;April 2026 at the University of Wuppertal&nbsp;<\/p>\n\n\n\n<p class=\"has-text-align-center\">as part of the Erasmus+&nbsp;ICARET (<em>Concepts of Interculturality and Alterity: Renewing Elements for Training<\/em>)&nbsp;<\/p>\n<\/div><\/div>\n<\/div><\/div>\n\n\n\n<figure class=\"wp-block-table is-style-regular\"><table class=\"has-background has-fixed-layout\" style=\"background-color:#a2e6ea;border-width:1px\"><tbody><tr><td><strong>Time&nbsp;<\/strong><\/td><td><strong>Section I&nbsp;<\/strong><strong>Room K.11.07&nbsp;<\/strong><\/td><td><strong>Section II&nbsp;<\/strong><strong>Room K.11.10&nbsp;<\/strong><\/td><\/tr><tr><td colspan=\"3\"><strong>&nbsp;&nbsp;&nbsp;&nbsp;&nbsp;&nbsp;&nbsp;&nbsp;&nbsp;&nbsp;&nbsp;&nbsp;Wednesday,15<sup>th<\/sup>&nbsp;April 2026&nbsp;<\/strong><\/td><\/tr><tr><td><strong>9.00 &#8211; 9.30&nbsp;<\/strong><\/td><td colspan=\"2\"><strong>Arrival&nbsp;<\/strong><\/td><\/tr><tr><td><strong>9.30 &#8211; 9.45&nbsp;<\/strong><\/td><td colspan=\"2\"><strong>Welcome&nbsp;<\/strong><\/td><\/tr><tr><td><strong>9.45 &#8211; 11.15&nbsp;<\/strong><\/td><td colspan=\"2\">Opening Keynote&nbsp;&nbsp;<br><strong>Martine Pretceille&nbsp;&nbsp;<\/strong><br>L\u2019interculturel entre pertinence et impertinence<\/td><\/tr><tr><td><strong>11.15 &#8211; 11.30&nbsp;<\/strong><\/td><td colspan=\"2\"><strong>Coffee break&nbsp;<\/strong><\/td><\/tr><tr><td><strong>11.30 &#8211; 12.15&nbsp;<\/strong><\/td><td><strong>Coretta Ehrenfeld&nbsp;<\/strong><br>Interkultur ohne \u201einter\u201c am Beispiel von Hybridit\u00e4t und Mimikry&nbsp;&nbsp;<\/td><td><strong>Michele De Gioia<\/strong>&nbsp;<br>Vers une terminologie de l&#8217;interculturel&nbsp;<\/td><\/tr><tr><td><strong>12.20 &#8211; 13.05&nbsp;<\/strong><\/td><td><strong>Ben Moll&nbsp;&nbsp;<\/strong><br>Transculturality \u2013 Postmodern Reality or Normative Ideal?<\/td><td><strong>Younes Bel-Mkaddem<\/strong><br>Vers une pens\u00e9e de l\u2019interculturel : Nietzsche et Heidegger \u00e0 l\u2019\u00e9preuve du d\u00e9passement de soi et de l\u2019ouverture \u00e0 l\u2019Autre&nbsp;&nbsp;&nbsp;<\/td><\/tr><tr><td><strong>13.05 &#8211; 14.30&nbsp;<\/strong><\/td><td colspan=\"2\"><strong>Lunch&nbsp;<\/strong><\/td><\/tr><tr><td><strong>14.30 &#8211; 15.15&nbsp;<\/strong><\/td><td><strong>Gabriele M\u00fcnnix&nbsp;<\/strong><br>Vorurteile und Essentialismus:&nbsp;Was tun?&nbsp;&nbsp;<\/td><td><strong>Redouane Balagh&nbsp;<\/strong><br>Penser l\u2019Alt\u00e9rit\u00e9 et l\u2019Identit\u00e9 \u00e0 Travers la Didactique de la Grammaire&nbsp;<\/td><\/tr><tr><td><strong>15.20 &#8211; 16.05&nbsp;<\/strong><\/td><td><strong>Oliver Victor&nbsp;<\/strong><br><em>Le r\u00eave m\u00e9diterran\u00e9en&nbsp;<\/em>\u2013 Relikt vergangener Zeit oder Zukunftsvision? Aspekte des Interkulturellen im Umfeld der&nbsp;Schule von Algier<\/td><td><strong>Lazhari Rihani&nbsp;<\/strong><br>\u00c9tudes interculturelles entre cl\u00f4ture disciplinaire et interdisciplinarit\u00e9&nbsp;&nbsp;<\/td><\/tr><tr><td><strong>16.05 &#8211; 16.30&nbsp;<\/strong><\/td><td colspan=\"2\"><strong>Coffee break&nbsp;<\/strong><\/td><\/tr><tr><td><strong>16.30 &#8211; 17.15&nbsp;<\/strong><\/td><td><strong>Eva-Maria Frank&nbsp;<\/strong><br>Interkulturalit\u00e4t in der Ethik.&nbsp;Das Pluriversum als Herausforderung eines universellen&nbsp;Ethikverst\u00e4ndnises&nbsp;<\/td><td>\u00a0<\/td><\/tr><tr><td><strong>17.15 &#8211; 18.00&nbsp;<\/strong><\/td><td colspan=\"2\"><strong>Coffee break&nbsp;<\/strong><\/td><\/tr><tr><td><strong>18.00 &#8211; 19.30&nbsp;<\/strong><\/td><td colspan=\"2\">Evening Keynote<br><strong>Rolf Elberfeld&nbsp;<\/strong><br>Interculturality &#8211; Concepts and Perspectives&nbsp;<\/td><\/tr><tr><td><strong>starting at 19.30&nbsp;<\/strong><\/td><td colspan=\"2\"><strong>Finger food at the foyer&nbsp;<\/strong><\/td><\/tr><tr><td colspan=\"3\">&nbsp;&nbsp;&nbsp;&nbsp;&nbsp;&nbsp;&nbsp;&nbsp;&nbsp;&nbsp;&nbsp;&nbsp;<strong>&nbsp;&nbsp;&nbsp;&nbsp;&nbsp;&nbsp;&nbsp;&nbsp;&nbsp;&nbsp;&nbsp;&nbsp;Thursday, 16<sup>th<\/sup>&nbsp;April 2026&nbsp;<\/strong><\/td><\/tr><tr><td><strong>9.30 &#8211; 10.15&nbsp;<\/strong><\/td><td><strong>Natacha Roudeix&nbsp;<\/strong><br>Habiter l\u2019interculturel autrement: une vision autochtone et relationnelle du plurilinguisme au Nunavik (grand nord&nbsp;qu\u00e9b\u00e9cois)&nbsp;&nbsp;<\/td><td><strong>Ilhme Belarbi&nbsp;<\/strong><br>Entre les langues, les corps et les r\u00e9cits: une p\u00e9dagogie de la transformation subjective en contexte migratoire&nbsp;&nbsp;<\/td><\/tr><tr><td><strong>10.20 &#8211; 11.05&nbsp;<\/strong><\/td><td><strong>Yahia El Karfa&nbsp;<\/strong><br>Intelligence artificielle et interculturalit\u00e9: vers une nouvelle approche en psychoth\u00e9rapie&nbsp;<\/td><td><\/td><\/tr><tr><td><strong>11.05 &#8211; 11.30&nbsp;<\/strong><\/td><td colspan=\"2\"><strong>Coffee break&nbsp;<\/strong><\/td><\/tr><tr><td><strong>11.30 &#8211; 12.15\u00a0<\/strong><\/td><td><strong>Silvana Alberti&nbsp;<\/strong><br>Die produktive Irritation. Interkulturelle Bildung an Schulen<\/td><td><strong>Mohammed Raj&nbsp;<\/strong><br>La formation \u00e0 l&#8217;interculturel dans les \u00e9tablissements de l&#8217;enseignement sup\u00e9rieur. Cas de Dar Al Hadith Al hassania au Maroc&nbsp;<\/td><\/tr><tr><td><strong>12.20 &#8211; 13.05&nbsp;<\/strong><\/td><td><strong>Najoua Hanachi-Gr\u00e9goire<\/strong><br>Po\u00e9tique de l\u2019interculturel dans la litt\u00e9rature am\u00e9rindienne :entre subversion et survivance<\/td><td><strong>Khalil Moussafir&nbsp;<\/strong><br>Analysis of institutional discourse on &#8216;interculturality&#8217;:&nbsp;strategies for implementing intercultural policies&nbsp;<\/td><\/tr><tr><td><strong>13.05 &#8211; 14.30&nbsp;<\/strong><\/td><td colspan=\"2\"><strong>Lunch&nbsp;<\/strong><\/td><\/tr><tr><td><strong>14.30 &#8211; 15.15&nbsp;<\/strong><\/td><td><strong>Melanie Blanchard \/&nbsp;Cathy Sabl\u00e9<\/strong><br>Interculturality: lost between representations and multiple conceptual definitions?&nbsp;<\/td><td><strong>Kateryna Lobodenko<\/strong><br>Projet \u00ab Exil.s, guertre.s et cr\u00e9ation.s: images de r\u00e9sistance au service de l\u2019histoire \u00bb:&nbsp;pour mieux comprendre la cat\u00e9gorie artiste en exil&nbsp;&nbsp;<\/td><\/tr><tr><td colspan=\"3\"><strong>&nbsp;&nbsp;&nbsp;&nbsp;&nbsp;&nbsp;&nbsp;&nbsp;&nbsp;&nbsp;&nbsp;&nbsp;Friday, 17<sup>th<\/sup>&nbsp;April 2026&nbsp;<\/strong><\/td><\/tr><tr><td><strong>9.30 &#8211; 10.15&nbsp;<\/strong><\/td><td><strong>Fatiha Hader&nbsp;<\/strong>and <strong>Tourya Lembaad<\/strong><br>Managing Religious Belief among Moroccans Living in Italy: Between Identity Preservation and Cultural Integration<\/td><td><strong>Khalil Moussafir, Abdennacer Mahzoom, Nadia Bakhouch<\/strong> and <strong>Mohamed Bajou<\/strong> <br>Intercultural management in multinational companies operating in Morocco: challenges and practices (Lessons from an empirical study)&nbsp;<\/td><\/tr><tr><td><strong>10.20 &#8211; 11.05&nbsp;<\/strong><\/td><td><strong>Othmane Zakaria&nbsp;<\/strong><br>Enhancing intercultural competence and communication confidence&nbsp;<\/td><td><strong>Hicham Yougsassen&nbsp;<\/strong><br>Inclusion socioculturelle des \u00e9tudiants d\u2019Afrique subsaharienne au Maroc : Etat des lieux et repr\u00e9sentations&nbsp;<\/td><\/tr><tr><td><strong>11.05 &#8211; 11.30&nbsp;<\/strong><\/td><td colspan=\"2\"><strong>Coffee break&nbsp;<\/strong><\/td><\/tr><tr><td><strong>11.30 &#8211; 12.15&nbsp;<\/strong><\/td><td><strong>Hamid El Ghezioui, Abdelfttah Zahidi <\/strong>and <strong>Rachid Essabiry<\/strong><br>Entre F\u00e8s-Mekn\u00e8s et l\u2019Allemagne: r\u00e9cits d\u2019exp\u00e9rience et dynamiques interculturelles des familles migrantes marocaines\u00a0\u00a0<\/td><td><\/td><\/tr><tr><td><strong>12.20 &#8211; 13.05&nbsp;<\/strong><\/td><td colspan=\"2\"><strong>Final discussion&nbsp;<\/strong><\/td><\/tr><tr><td><strong>13.05 &#8211; 14.30&nbsp;&nbsp;<\/strong><\/td><td colspan=\"2\"><strong>Lunch&nbsp;<\/strong><\/td><\/tr><\/tbody><\/table><\/figure>\n\n\n\n<p><\/p>\n","protected":false},"excerpt":{"rendered":"<p>International conference&nbsp;Theory and practice of interculturality Wednesday, 15th&nbsp;April &#8211; Friday, 17th&nbsp;April 2026 at the University of Wuppertal&nbsp; as part of the Erasmus+&nbsp;ICARET (Concepts of Interculturality and Alterity: Renewing Elements for Training)&nbsp; Time&nbsp; Section I&nbsp;Room K.11.07&nbsp; Section II&nbsp;Room K.11.10&nbsp; &nbsp;&nbsp;&nbsp;&nbsp;&nbsp;&nbsp;&nbsp;&nbsp;&nbsp;&nbsp;&nbsp;&nbsp;Wednesday,15th&nbsp;April 2026&nbsp; 9.00 &#8211; 9.30&nbsp; Arrival&nbsp; 9.30 &#8211; 9.45&nbsp; Welcome&nbsp; 9.45 &#8211; 11.15&nbsp; Opening Keynote&nbsp;&nbsp;Martine Pretceille&nbsp;&nbsp;L\u2019interculturel entre&hellip;&nbsp;<a href=\"https:\/\/hub.imt-atlantique.fr\/icaret\/international-conference-theory-and-practice-of-interculturality\/\" rel=\"bookmark\">Lire la suite &raquo;<span class=\"screen-reader-text\">International conference\u00a0&#8220;Theory and practice of interculturality&#8221;<\/span><\/a><\/p>\n","protected":false},"author":6,"featured_media":0,"parent":0,"menu_order":0,"comment_status":"closed","ping_status":"closed","template":"","meta":{"neve_meta_sidebar":"","neve_meta_container":"default","neve_meta_enable_content_width":"off","neve_meta_content_width":100,"neve_meta_title_alignment":"center","neve_meta_author_avatar":"","neve_post_elements_order":"","neve_meta_disable_header":"","neve_meta_disable_footer":"","neve_meta_disable_title":"off","_themeisle_gutenberg_block_has_review":false,"footnotes":""},"class_list":["post-914","page","type-page","status-publish","hentry"],"_links":{"self":[{"href":"https:\/\/hub.imt-atlantique.fr\/icaret\/wp-json\/wp\/v2\/pages\/914","targetHints":{"allow":["GET"]}}],"collection":[{"href":"https:\/\/hub.imt-atlantique.fr\/icaret\/wp-json\/wp\/v2\/pages"}],"about":[{"href":"https:\/\/hub.imt-atlantique.fr\/icaret\/wp-json\/wp\/v2\/types\/page"}],"author":[{"embeddable":true,"href":"https:\/\/hub.imt-atlantique.fr\/icaret\/wp-json\/wp\/v2\/users\/6"}],"replies":[{"embeddable":true,"href":"https:\/\/hub.imt-atlantique.fr\/icaret\/wp-json\/wp\/v2\/comments?post=914"}],"version-history":[{"count":8,"href":"https:\/\/hub.imt-atlantique.fr\/icaret\/wp-json\/wp\/v2\/pages\/914\/revisions"}],"predecessor-version":[{"id":963,"href":"https:\/\/hub.imt-atlantique.fr\/icaret\/wp-json\/wp\/v2\/pages\/914\/revisions\/963"}],"wp:attachment":[{"href":"https:\/\/hub.imt-atlantique.fr\/icaret\/wp-json\/wp\/v2\/media?parent=914"}],"curies":[{"name":"wp","href":"https:\/\/api.w.org\/{rel}","templated":true}]}}