{"id":108,"date":"2025-08-20T11:52:53","date_gmt":"2025-08-20T09:52:53","guid":{"rendered":"https:\/\/hub.imt-atlantique.fr\/rak\/?page_id=108"},"modified":"2026-04-09T13:51:22","modified_gmt":"2026-04-09T11:51:22","slug":"informations","status":"publish","type":"page","link":"https:\/\/hub.imt-atlantique.fr\/rak\/?page_id=108","title":{"rendered":"Informations g\u00e9n\u00e9rales"},"content":{"rendered":"\n<div class=\"wp-block-media-text is-stacked-on-mobile\"><figure class=\"wp-block-media-text__media\"><img loading=\"lazy\" decoding=\"async\" width=\"512\" height=\"512\" src=\"https:\/\/hub.imt-atlantique.fr\/rak\/wp-content\/uploads\/2022\/05\/cropped-icone_rak.jpg\" alt=\"\" class=\"wp-image-10 size-full\" srcset=\"https:\/\/hub.imt-atlantique.fr\/rak\/wp-content\/uploads\/2022\/05\/cropped-icone_rak.jpg 512w, https:\/\/hub.imt-atlantique.fr\/rak\/wp-content\/uploads\/2022\/05\/cropped-icone_rak-300x300.jpg 300w, https:\/\/hub.imt-atlantique.fr\/rak\/wp-content\/uploads\/2022\/05\/cropped-icone_rak-150x150.jpg 150w, https:\/\/hub.imt-atlantique.fr\/rak\/wp-content\/uploads\/2022\/05\/cropped-icone_rak-270x270.jpg 270w, https:\/\/hub.imt-atlantique.fr\/rak\/wp-content\/uploads\/2022\/05\/cropped-icone_rak-192x192.jpg 192w, https:\/\/hub.imt-atlantique.fr\/rak\/wp-content\/uploads\/2022\/05\/cropped-icone_rak-180x180.jpg 180w, https:\/\/hub.imt-atlantique.fr\/rak\/wp-content\/uploads\/2022\/05\/cropped-icone_rak-32x32.jpg 32w\" sizes=\"auto, (max-width: 512px) 100vw, 512px\" \/><\/figure><div class=\"wp-block-media-text__content\">\n<p>Le Restaurant Associatif de Kernevent, est une association r\u00e9gie par la loi du 1er juillet 1901 et du d\u00e9cret du 16 ao\u00fbt 1901. Cr\u00e9\u00e9e le 27 f\u00e9vrier sur le campus de Brest d\u2019IMT Atlantique,<\/p>\n<\/div><\/div>\n\n\n\n<div class=\"wp-block-group alignfull is-style-section-1 has-global-padding is-layout-constrained wp-container-core-group-is-layout-54af5b55 wp-block-group-is-layout-constrained is-style-section-1--1\" style=\"margin-top:0;margin-bottom:0;padding-top:var(--wp--preset--spacing--60);padding-bottom:var(--wp--preset--spacing--60)\">\n<p class=\"has-text-align-center has-x-large-font-size\">La vocation du Rak et de permettre \u00e0 tous les \u00e9tudiants l\u2019acc\u00e8s \u00e0 une alimentation \u00e9quilibr\u00e9e et financi\u00e8rement accessible, mais aussi de b\u00e9n\u00e9ficier d\u2019un lieu de rassemblement \u00e0 valeur sociale.<\/p>\n\n\n\n<div class=\"wp-block-buttons alignwide has-custom-font-size has-medium-font-size is-content-justification-center is-layout-flex wp-container-core-buttons-is-layout-c124d1c4 wp-block-buttons-is-layout-flex\">\n<div class=\"wp-block-button\"><a class=\"wp-block-button__link wp-element-button\" href=\"https:\/\/hub.imt-atlantique.fr\/rak\/?page_id=128\">STATUTS<\/a><\/div>\n\n\n\n<div class=\"wp-block-button\"><a class=\"wp-block-button__link wp-element-button\" href=\"https:\/\/hub.imt-atlantique.fr\/rak\/?page_id=130\">STRUCTURE<\/a><\/div>\n<\/div>\n<\/div>\n\n\n\n<h2 class=\"wp-block-heading is-style-text-display has-background has-x-large-font-size is-style-text-display--2\" style=\"background-color:#dcfddc\"><strong>R\u00e9sultats enqu\u00eates des usagers <\/strong><\/h2>\n\n\n\n<p style=\"border-radius:0px\"><a href=\"https:\/\/hub.imt-atlantique.fr\/rak\/wp-content\/uploads\/2026\/03\/Bilan-sondage-Nov-2025-TP.pdf\">R\u00e9sultat enqu\u00eate usagers 2025<\/a><\/p>\n\n\n\n<div style=\"height:54px\" aria-hidden=\"true\" class=\"wp-block-spacer\"><\/div>\n\n\n\n<div class=\"wp-block-group alignfull is-style-default has-global-padding is-layout-constrained wp-block-group-is-layout-constrained\" style=\"margin-top:0;margin-bottom:0;padding-top:var(--wp--preset--spacing--60);padding-bottom:var(--wp--preset--spacing--60)\">\n<div class=\"wp-block-columns alignwide is-layout-flex wp-container-core-columns-is-layout-6ef9061c wp-block-columns-is-layout-flex\">\n<div class=\"wp-block-column is-layout-flow wp-block-column-is-layout-flow\" style=\"flex-basis:60%\">\n<h2 class=\"wp-block-heading\"><strong>Dates des Conseils d&rsquo;administration<\/strong><\/h2>\n\n\n\n<p>CA le 21 mai 2026 13h30<\/p>\n\n\n\n<p><\/p>\n<\/div>\n\n\n\n<div class=\"wp-block-column is-layout-flow wp-block-column-is-layout-flow\" style=\"flex-basis:40%\">\n<div class=\"wp-block-columns is-layout-flex wp-container-core-columns-is-layout-28f84493 wp-block-columns-is-layout-flex\">\n<div class=\"wp-block-column is-layout-flow wp-container-core-column-is-layout-5dafc681 wp-block-column-is-layout-flow\">\n<div class=\"wp-block-group has-global-padding is-content-justification-left is-layout-constrained wp-container-core-group-is-layout-3540e7cd wp-block-group-is-layout-constrained\">\n<h3 class=\"wp-block-heading has-large-font-size\" style=\"font-style:normal;font-weight:500\">Assembl\u00e9e g\u00e9n\u00e9rale :<\/h3>\n<\/div>\n\n\n\n<div class=\"wp-block-group has-global-padding is-content-justification-left is-layout-constrained wp-container-core-group-is-layout-0b710646 wp-block-group-is-layout-constrained\">\n<h3 class=\"wp-block-heading has-large-font-size\" style=\"font-style:normal;font-weight:500\"><\/h3>\n\n\n\n<p class=\"has-medium-font-size\"><\/p>\n<\/div>\n<\/div>\n\n\n\n<div class=\"wp-block-column is-layout-flow wp-container-core-column-is-layout-5dafc681 wp-block-column-is-layout-flow\">\n<div class=\"wp-block-group has-global-padding is-content-justification-left is-layout-constrained wp-container-core-group-is-layout-3540e7cd wp-block-group-is-layout-constrained\">\n<p>05\/03\/2026<\/p>\n\n\n\n<p>\u00e0 13h30<\/p>\n<\/div>\n\n\n\n<h3 class=\"wp-block-heading\"><\/h3>\n<\/div>\n<\/div>\n<\/div>\n<\/div>\n<\/div>\n\n\n\n<div class=\"wp-block-group alignfull has-global-padding is-layout-constrained wp-block-group-is-layout-constrained\" style=\"margin-top:0;margin-bottom:0\">\n<div class=\"wp-block-group alignwide is-layout-flow wp-container-core-group-is-layout-d58a0413 wp-block-group-is-layout-flow\" style=\"padding-top:var(--wp--preset--spacing--50);padding-bottom:var(--wp--preset--spacing--50)\">\n<h2 class=\"wp-block-heading has-x-large-font-size\"><strong>Foire aux questions<\/strong><\/h2>\n\n\n\n<div class=\"wp-block-columns is-layout-flex wp-container-core-columns-is-layout-cbe57604 wp-block-columns-is-layout-flex\">\n<div class=\"wp-block-column is-layout-flow wp-block-column-is-layout-flow\">\n<div class=\"wp-block-group is-layout-flow wp-block-group-is-layout-flow\" style=\"border-top-color:var(--wp--preset--color--accent-6);border-top-width:1px;padding-top:var(--wp--preset--spacing--30);padding-bottom:var(--wp--preset--spacing--30)\">\n<h3 class=\"wp-block-heading\">\u00e0 combien s&rsquo;\u00e9l\u00e8ve l&rsquo;adh\u00e9sion au RAK ?<\/h3>\n\n\n\n<p><em>A ce jour tous les agents en activit\u00e9 ou \u00e0 la retraite, \u00e9l\u00e8ves d&rsquo;IMT Atlantique ainsi que les salari\u00e9s en activit\u00e9s des entreprises adh\u00e9rents \u00e0 l&rsquo;association sont inscrits comme membre de l&rsquo;association. Les frais d&rsquo;adh\u00e9sion s&rsquo;\u00e9l\u00e8ve \u00e0 0\u20ac<\/em><\/p>\n<\/div>\n<\/div>\n\n\n\n<div class=\"wp-block-column is-layout-flow wp-block-column-is-layout-flow\">\n<div class=\"wp-block-group is-layout-flow wp-block-group-is-layout-flow\" style=\"border-top-color:var(--wp--preset--color--accent-6);border-top-width:1px;padding-top:var(--wp--preset--spacing--30);padding-bottom:var(--wp--preset--spacing--30)\">\n<p>Comment contacter le RAK ?<\/p>\n\n\n\n<p><em>Onglet \u00ab\u00a0contact\u00a0\u00bb de ce site web ou :<\/em><\/p>\n\n\n\n<p><a href=\"mailto:rak-communication@imt-atlantique.fr\"><em>rak-communication@imt-atlantique.fr<\/em><\/a><\/p>\n\n\n\n<p><a href=\"mailto:rak-gerant@imt-atlantique.fr\"><em>rak-gerant@imt-atlantique.fr<\/em><\/a><\/p>\n<\/div>\n<\/div>\n<\/div>\n\n\n\n<div class=\"wp-block-columns is-layout-flex wp-container-core-columns-is-layout-cbe57604 wp-block-columns-is-layout-flex\">\n<div class=\"wp-block-column is-layout-flow wp-block-column-is-layout-flow\">\n<div class=\"wp-block-group is-layout-flow wp-block-group-is-layout-flow\" style=\"border-top-color:var(--wp--preset--color--accent-6);border-top-width:1px;padding-top:var(--wp--preset--spacing--30);padding-bottom:var(--wp--preset--spacing--30)\">\n<h3 class=\"wp-block-heading\">Je suis externe puis-je venir manger au RAK ? <\/h3>\n\n\n\n<p><em>Les personnes ext\u00e9rieures pr\u00e9sents sur le campus on la possiblit\u00e9 de venir d\u00e9jeuner au RAK, n\u00e9anmoins <a href=\"https:\/\/hub.imt-atlantique.fr\/rak\/?page_id=124\">le tarif appliqu\u00e9<\/a> est nettement sup\u00e9rieur aux usagers habituels car le tarif comprends la part solidaire pour les \u00e9tudiants ainsi que la TVA<\/em><\/p>\n<\/div>\n<\/div>\n\n\n\n<div class=\"wp-block-column is-layout-flow wp-block-column-is-layout-flow\">\n<div class=\"wp-block-group is-layout-flow wp-block-group-is-layout-flow\" style=\"border-top-color:var(--wp--preset--color--accent-6);border-top-width:1px;padding-top:var(--wp--preset--spacing--30);padding-bottom:var(--wp--preset--spacing--30)\">\n<p>Puis-je participer aux d\u00e9cisions prisent par le RAK ?<\/p>\n\n\n\n<p><em>Tout adh\u00e9rent peut demander \u00e0 participer aux commissions, ou lors des \u00e9lections \u00e0 se pr\u00e9senter pour devenir <a href=\"https:\/\/hub.imt-atlantique.fr\/rak\/?page_id=130\">membre du bureau<\/a><\/em>  <\/p>\n<\/div>\n<\/div>\n<\/div>\n<\/div>\n<\/div>\n\n\n\n<hr class=\"wp-block-separator has-alpha-channel-opacity\"\/>\n\n\n<div class=\"wp-block-post-date__modified-date wp-block-post-date\"><time datetime=\"2026-04-09T13:51:22+02:00\">9 avril 2026<\/time><\/div>\n\n\n<p><\/p>\n","protected":false},"excerpt":{"rendered":"<p>Le Restaurant Associatif de Kernevent, est une association r\u00e9gie par la loi du 1er juillet 1901 et du d\u00e9cret du 16 ao\u00fbt 1901. Cr\u00e9\u00e9e le 27 f\u00e9vrier sur le campus de Brest d\u2019IMT Atlantique, La vocation du Rak et de permettre \u00e0 tous les \u00e9tudiants l\u2019acc\u00e8s \u00e0 une alimentation \u00e9quilibr\u00e9e et financi\u00e8rement accessible, mais aussi [&hellip;]<\/p>\n","protected":false},"author":1,"featured_media":0,"parent":0,"menu_order":0,"comment_status":"closed","ping_status":"closed","template":"","meta":{"_acf_changed":false,"iawp_total_views":32,"footnotes":""},"class_list":["post-108","page","type-page","status-publish","hentry"],"acf":[],"_links":{"self":[{"href":"https:\/\/hub.imt-atlantique.fr\/rak\/index.php?rest_route=\/wp\/v2\/pages\/108","targetHints":{"allow":["GET"]}}],"collection":[{"href":"https:\/\/hub.imt-atlantique.fr\/rak\/index.php?rest_route=\/wp\/v2\/pages"}],"about":[{"href":"https:\/\/hub.imt-atlantique.fr\/rak\/index.php?rest_route=\/wp\/v2\/types\/page"}],"author":[{"embeddable":true,"href":"https:\/\/hub.imt-atlantique.fr\/rak\/index.php?rest_route=\/wp\/v2\/users\/1"}],"replies":[{"embeddable":true,"href":"https:\/\/hub.imt-atlantique.fr\/rak\/index.php?rest_route=%2Fwp%2Fv2%2Fcomments&post=108"}],"version-history":[{"count":11,"href":"https:\/\/hub.imt-atlantique.fr\/rak\/index.php?rest_route=\/wp\/v2\/pages\/108\/revisions"}],"predecessor-version":[{"id":790,"href":"https:\/\/hub.imt-atlantique.fr\/rak\/index.php?rest_route=\/wp\/v2\/pages\/108\/revisions\/790"}],"wp:attachment":[{"href":"https:\/\/hub.imt-atlantique.fr\/rak\/index.php?rest_route=%2Fwp%2Fv2%2Fmedia&parent=108"}],"curies":[{"name":"wp","href":"https:\/\/api.w.org\/{rel}","templated":true}]}}