{"id":114,"date":"2022-07-13T08:45:20","date_gmt":"2022-07-13T06:45:20","guid":{"rendered":"https:\/\/hub.imt-atlantique.fr\/rak\/?page_id=114"},"modified":"2026-01-07T16:20:58","modified_gmt":"2026-01-07T15:20:58","slug":"menus","status":"publish","type":"page","link":"https:\/\/hub.imt-atlantique.fr\/rak\/?page_id=114","title":{"rendered":"Menus"},"content":{"rendered":"\n<hr class=\"wp-block-separator has-alpha-channel-opacity\"\/>\n\n\n\n<div class=\"wp-block-group has-global-padding is-layout-constrained wp-block-group-is-layout-constrained\">\n<h2 class=\"wp-block-heading\"><strong>Menu du lundi : <\/strong><\/h2>\n\n\n\n<figure class=\"wp-block-table\"><table class=\"has-fixed-layout\"><thead><tr><th><strong>D\u00e9jeuner<\/strong><\/th><th><\/th><\/tr><\/thead><tbody><tr><td>Entr\u00e9e chaude<\/td><td><\/td><\/tr><tr><td>Plat 1<\/td><td><\/td><\/tr><tr><td>Plat 2<\/td><td><\/td><\/tr><tr><td>Plat 3<\/td><td><\/td><\/tr><tr><td>Accompagnements<\/td><td><\/td><\/tr><\/tbody><\/table><\/figure>\n\n\n\n<figure class=\"wp-block-table\"><table class=\"has-fixed-layout\"><thead><tr><th><strong>D\u00eener<\/strong><\/th><th><\/th><\/tr><\/thead><tbody><tr><td>Plat 1<\/td><td><\/td><\/tr><tr><td>Plat 2 <\/td><td><\/td><\/tr><tr><td>Entr\u00e9e chaude<\/td><td><\/td><\/tr><\/tbody><\/table><\/figure>\n<\/div>\n\n\n\n<div style=\"height:56px\" aria-hidden=\"true\" class=\"wp-block-spacer\"><\/div>\n\n\n\n<hr class=\"wp-block-separator has-alpha-channel-opacity\"\/>\n\n\n\n<div class=\"wp-block-group has-global-padding is-layout-constrained wp-block-group-is-layout-constrained\">\n<h2 class=\"wp-block-heading\"><strong>Menu du mardi : <\/strong><\/h2>\n\n\n\n<figure class=\"wp-block-table\"><table class=\"has-fixed-layout\"><thead><tr><th><strong>D\u00e9jeuner<\/strong><\/th><th><\/th><\/tr><\/thead><tbody><tr><td>Entr\u00e9e chaude<\/td><td><\/td><\/tr><tr><td>Plat 1<\/td><td><\/td><\/tr><tr><td>Plat 2<\/td><td><\/td><\/tr><tr><td>Plat 3<\/td><td><\/td><\/tr><tr><td>Accompagnements<\/td><td><\/td><\/tr><\/tbody><\/table><\/figure>\n\n\n\n<figure class=\"wp-block-table\"><table class=\"has-fixed-layout\"><thead><tr><th><strong>D\u00eener<\/strong><\/th><th><\/th><\/tr><\/thead><tbody><tr><td>Entr\u00e9 chaude<\/td><td><\/td><\/tr><tr><td>Plat 1<\/td><td><\/td><\/tr><tr><td>Plat 2 <\/td><td><\/td><\/tr><tr><td>Accompagnements<\/td><td><br><\/td><\/tr><\/tbody><\/table><\/figure>\n<\/div>\n\n\n\n<div style=\"height:46px\" aria-hidden=\"true\" class=\"wp-block-spacer\"><\/div>\n\n\n\n<hr class=\"wp-block-separator has-alpha-channel-opacity\"\/>\n\n\n\n<div class=\"wp-block-group has-global-padding is-layout-constrained wp-block-group-is-layout-constrained\">\n<h2 class=\"wp-block-heading\"><strong>Menu du mercredi: <\/strong><\/h2>\n\n\n\n<figure class=\"wp-block-table\"><table class=\"has-fixed-layout\"><thead><tr><th><strong>D\u00e9jeuner<\/strong><\/th><th><\/th><\/tr><\/thead><tbody><tr><td>Entr\u00e9e chaude<\/td><td><\/td><\/tr><tr><td>Plat 1<\/td><td><\/td><\/tr><tr><td>Plat 2<\/td><td><\/td><\/tr><tr><td>Plat 3<\/td><td><\/td><\/tr><tr><td>Accompagnements<\/td><td><\/td><\/tr><\/tbody><\/table><\/figure>\n\n\n\n<figure class=\"wp-block-table\"><table class=\"has-fixed-layout\"><thead><tr><th><strong>D\u00eener<\/strong><\/th><th><\/th><\/tr><\/thead><tbody><tr><td>Entr\u00e9e chaude<\/td><td><\/td><\/tr><tr><td>Plat 1<\/td><td><\/td><\/tr><tr><td>Plat 2<\/td><td><\/td><\/tr><tr><td>Accompagnements<\/td><td><\/td><\/tr><\/tbody><\/table><\/figure>\n<\/div>\n\n\n\n<div style=\"height:44px\" aria-hidden=\"true\" class=\"wp-block-spacer\"><\/div>\n\n\n\n<hr class=\"wp-block-separator has-alpha-channel-opacity\"\/>\n\n\n\n<div class=\"wp-block-group has-global-padding is-layout-constrained wp-block-group-is-layout-constrained\">\n<h2 class=\"wp-block-heading\"><strong>Menu du jeudi : <\/strong><\/h2>\n\n\n\n<figure class=\"wp-block-table\"><table class=\"has-fixed-layout\"><thead><tr><th><strong>D\u00e9jeuner<\/strong><\/th><th><\/th><\/tr><\/thead><tbody><tr><td>Entr\u00e9e chaude<\/td><td><\/td><\/tr><tr><td>Plat 1<\/td><td><\/td><\/tr><tr><td>Plat 2<\/td><td><\/td><\/tr><tr><td>Plat 3<\/td><td><\/td><\/tr><tr><td>Accompagnements<\/td><td><\/td><\/tr><\/tbody><\/table><\/figure>\n\n\n\n<figure class=\"wp-block-table\"><table class=\"has-fixed-layout\"><thead><tr><th><strong>D\u00eener<\/strong><\/th><th><\/th><\/tr><\/thead><tbody><tr><td>Entr\u00e9e chaude<\/td><td><\/td><\/tr><tr><td>Plat 1<\/td><td><\/td><\/tr><tr><td>Plat 2<\/td><td><\/td><\/tr><tr><td>Accompagnements<\/td><td><\/td><\/tr><\/tbody><\/table><\/figure>\n<\/div>\n\n\n\n<hr class=\"wp-block-separator has-alpha-channel-opacity\"\/>\n\n\n\n<div class=\"wp-block-group has-global-padding is-layout-constrained wp-block-group-is-layout-constrained\">\n<div style=\"height:37px\" aria-hidden=\"true\" class=\"wp-block-spacer\"><\/div>\n\n\n\n<h2 class=\"wp-block-heading\"><strong>Menu du vendredi : <\/strong><\/h2>\n\n\n\n<figure class=\"wp-block-table\"><table class=\"has-fixed-layout\"><thead><tr><th><strong>D\u00e9jeuner<\/strong><\/th><th><\/th><\/tr><\/thead><tbody><tr><td>Entr\u00e9e chaude<\/td><td><\/td><\/tr><tr><td>Plat 1<\/td><td><\/td><\/tr><tr><td>Plat 2<\/td><td><\/td><\/tr><tr><td>Plat 3<\/td><td><\/td><\/tr><tr><td>Accompagnements<\/td><td><\/td><\/tr><\/tbody><\/table><\/figure>\n\n\n\n<figure class=\"wp-block-table\"><table class=\"has-fixed-layout\"><thead><tr><th><strong>D\u00eener<\/strong><\/th><th><\/th><\/tr><\/thead><tbody><tr><td>Entr\u00e9e chaude<\/td><td><\/td><\/tr><tr><td>Plat 1<\/td><td><\/td><\/tr><tr><td>Plat 2<\/td><td><\/td><\/tr><tr><td>Accompagnements<\/td><td><\/td><\/tr><\/tbody><\/table><\/figure>\n<\/div>\n","protected":false},"excerpt":{"rendered":"<p>Menu du lundi : D\u00e9jeuner Entr\u00e9e chaude Plat 1 Plat 2 Plat 3 Accompagnements D\u00eener Plat 1 Plat 2 Entr\u00e9e chaude Menu du mardi : D\u00e9jeuner Entr\u00e9e chaude Plat 1 Plat 2 Plat 3 Accompagnements D\u00eener Entr\u00e9 chaude Plat 1 Plat 2 Accompagnements Menu du mercredi: D\u00e9jeuner Entr\u00e9e chaude Plat 1 Plat 2 Plat 3 [&hellip;]<\/p>\n","protected":false},"author":1,"featured_media":0,"parent":0,"menu_order":0,"comment_status":"closed","ping_status":"closed","template":"","meta":{"_acf_changed":false,"iawp_total_views":256,"footnotes":""},"class_list":["post-114","page","type-page","status-publish","hentry"],"acf":[],"_links":{"self":[{"href":"https:\/\/hub.imt-atlantique.fr\/rak\/index.php?rest_route=\/wp\/v2\/pages\/114","targetHints":{"allow":["GET"]}}],"collection":[{"href":"https:\/\/hub.imt-atlantique.fr\/rak\/index.php?rest_route=\/wp\/v2\/pages"}],"about":[{"href":"https:\/\/hub.imt-atlantique.fr\/rak\/index.php?rest_route=\/wp\/v2\/types\/page"}],"author":[{"embeddable":true,"href":"https:\/\/hub.imt-atlantique.fr\/rak\/index.php?rest_route=\/wp\/v2\/users\/1"}],"replies":[{"embeddable":true,"href":"https:\/\/hub.imt-atlantique.fr\/rak\/index.php?rest_route=%2Fwp%2Fv2%2Fcomments&post=114"}],"version-history":[{"count":17,"href":"https:\/\/hub.imt-atlantique.fr\/rak\/index.php?rest_route=\/wp\/v2\/pages\/114\/revisions"}],"predecessor-version":[{"id":757,"href":"https:\/\/hub.imt-atlantique.fr\/rak\/index.php?rest_route=\/wp\/v2\/pages\/114\/revisions\/757"}],"wp:attachment":[{"href":"https:\/\/hub.imt-atlantique.fr\/rak\/index.php?rest_route=%2Fwp%2Fv2%2Fmedia&parent=114"}],"curies":[{"name":"wp","href":"https:\/\/api.w.org\/{rel}","templated":true}]}}