{"id":124,"date":"2022-07-13T08:37:31","date_gmt":"2022-07-13T06:37:31","guid":{"rendered":"https:\/\/hub.imt-atlantique.fr\/rak\/?page_id=124"},"modified":"2025-10-16T14:29:50","modified_gmt":"2025-10-16T12:29:50","slug":"tarifs","status":"publish","type":"page","link":"https:\/\/hub.imt-atlantique.fr\/rak\/?page_id=124","title":{"rendered":"Tarifs"},"content":{"rendered":"\n<p>Pour les personnes identifi\u00e9es* comme usager du RAK, la pr\u00e9sentation du badge approvisionn\u00e9 est obligatoire pour se restaurer.<\/p>\n\n\n\n<p>Il existe trois possibilit\u00e9s pour l&rsquo;approvisionner :<\/p>\n\n\n\n<ul class=\"wp-block-list\">\n<li><strong>en ligne<\/strong> via le lien en haut \u00e0 droite de ce site \u00ab\u00a0rechargement en ligne\u00a0\u00bb,&nbsp; \n<ul class=\"wp-block-list\">\n<li>vos identifiants vous sont envoy\u00e9s par mail quand vos inscriptions sont faites (adresse exp\u00e9diteur <a href=\"mailto:rak-gerant@imt-atlantique.fr\" target=\"_blank\" rel=\"noreferrer noopener\">\u00ab\u00a0rak-gerant@<\/a>\u00ab\u00a0) <\/li>\n<\/ul>\n<\/li>\n\n\n\n<li><strong>en diff\u00e9r\u00e9<\/strong>, en d\u00e9posant un ch\u00e8que aux caisses du Restaurant &#8211; le cr\u00e9dit est effectif sur le badge dans les 24h\n<ul class=\"wp-block-list\">\n<li>Pensez \u00e0 indiquer le n\u00b0 du badge au dos du ch\u00e8que.<\/li>\n<\/ul>\n<\/li>\n\n\n\n<li>via une borne de rechargement \u00e0 cot\u00e9 de l&rsquo;entr\u00e9e du b\u00e2timent<\/li>\n\n\n\n<li>Pour les \u00e9tudiants et employ\u00e9s d&rsquo;IMT Atlantique : en direct, \u00e0 la caisse du Bar du Centre-Vie, uniquement en esp\u00e8ce<\/li>\n<\/ul>\n\n\n\n<div style=\"height:47px\" aria-hidden=\"true\" class=\"wp-block-spacer\"><\/div>\n\n\n\n<hr class=\"wp-block-separator has-alpha-channel-opacity\"\/>\n\n\n\n<h2 class=\"wp-block-heading\"><strong>Les diff\u00e9rents tarifs de repas sont les suivants :<\/strong> <\/h2>\n\n\n\n<p class=\"has-text-align-left is-style-default\"><sup>(juillet 2025)<\/sup><\/p>\n\n\n\n<p><sub>P=Plat, +1 ou +2 = +1 accompagnement ou + 2 accompagnements<\/sub><\/p>\n\n\n\n<figure class=\"wp-block-table\"><table><tbody><tr><td>&nbsp;<\/td><td>P+1 <\/td><td>Suppl\u00e9ment<\/td><td>P+2 <\/td><\/tr><tr><td>Personnel AR<\/td><td>3,72 \u20ac<\/td><td>0.55 \u20ac<\/td><td>4,27 \u20ac<\/td><\/tr><tr><td>Personnel SR<\/td><td>5,19 \u20ac<\/td><td>0,55 \u20ac<\/td><td>5,74 \u20ac<\/td><\/tr><tr><td>Personnel SUP<\/td><td>6,78 \u20ac<\/td><td>0,55 \u20ac<\/td><td>7,33 \u20ac<\/td><\/tr><\/tbody><\/table><\/figure>\n\n\n\n<p><sup><sub>Pour les repas comprenant de la viande, un suppl\u00e9ment de 10 centimes est appliqu\u00e9** <\/sub><\/sup> <\/p>\n\n\n\n<div style=\"height:36px\" aria-hidden=\"true\" class=\"wp-block-spacer\"><\/div>\n\n\n\n<h3 class=\"wp-block-heading\"><strong>Pour les \u00e9tudiants <\/strong>: <\/h3>\n\n\n\n<p>Qui comprend  1 entr\u00e9e, 1 plat et 1 dessert<\/p>\n\n\n\n<p>Etudiant : 3.30\u20ac<\/p>\n\n\n\n<p>Etudiant boursier (Crous) : 1\u20ac<\/p>\n\n\n\n<pre class=\"wp-block-code\"><code>Pour les \u00e9tudiants et uniquement le samedi, le tarif appliqu\u00e9 \u00e0 tous est de 4,50\u20ac<\/code><\/pre>\n\n\n\n<h3 class=\"wp-block-heading\"><strong>Personnes externes<\/strong><\/h3>\n\n\n\n<figure class=\"wp-block-table\"><table><tbody><tr><td>&nbsp;<\/td><td>P+1 <\/td><td>Suppl\u00e9ment<\/td><td>P+2 <\/td><\/tr><tr><td>EXT\u00c9RIEURS HT<\/td><td>9.02 \u20ac<\/td><td>2.00 \u20ac<\/td><td>11.02 \u20ac<\/td><\/tr><tr><td>EXT\u00c9RIEURS TTC<\/td><td>9.93 \u20ac<\/td><td>2.20 \u20ac<\/td><td>12.12 \u20ac<\/td><\/tr><\/tbody><\/table><figcaption class=\"wp-element-caption\">juillet 2025<\/figcaption><\/figure>\n\n\n\n<div style=\"height:43px\" aria-hidden=\"true\" class=\"wp-block-spacer\"><\/div>\n\n\n\n<h2 class=\"wp-block-heading\">Caf\u00e9t\u00e9ria d&rsquo;IMT Atlantique<\/h2>\n\n\n\n<p>Les tarifs des boissons chaudes et froides, des snacks et viennoiseries sont affich\u00e9s au bar du centre vie.<\/p>\n\n\n\n<p>Les <strong>petits d\u00e9jeuners <\/strong>: <\/p>\n\n\n\n<ul class=\"wp-block-list\">\n<li>formule 1 : Boisson chaude + baguette + confiture et beurre : 1.91\u20ac<\/li>\n\n\n\n<li>Formule 2 : boisson chaude + baguette + confiture et beurre + jus d&rsquo;orange et viennoiserie : 3.20\u20ac<\/li>\n\n\n\n<li>Viennoiserie \u00e0 l&rsquo;unit\u00e9 1.07\u20ac<\/li>\n<\/ul>\n\n\n\n<p>Vous avez \u00e9galement une <strong>formule d\u00e9jeuner<\/strong> (tarif selon votre statut) qui comprend : <\/p>\n\n\n\n<p>un sandwich ou une salade ou un plat \u00e0 r\u00e9chauffer + un dessert au choix + un accompagnement (chips, fruit, yaourt, compote,&#8230;)<\/p>\n\n\n\n<div style=\"height:47px\" aria-hidden=\"true\" class=\"wp-block-spacer\"><\/div>\n\n\n\n<hr class=\"wp-block-separator has-alpha-channel-opacity\"\/>\n\n\n\n<p><sup>*L&rsquo;identification est faite par votre \u00e9tablissement qui nous transmet une liste des personnes \u00e0 ajouter et le niveau de subvention qu&rsquo;ils b\u00e9n\u00e9ficient. En cas de probl\u00e8me, merci de vous adressez directement \u00e0 votre scolarit\u00e9 (\u00e9tudiants) ou votre service RH (personnels)<\/sup><\/p>\n\n\n\n<p><sub>**le souhait du conseil d&rsquo;administration \u00e9tait d&rsquo;appliquer un tarif inf\u00e9rieur pour les plats v\u00e9g\u00e9tariens pour : refl\u00e9ter un co\u00fbts de production parfois inf\u00e9rieurs, mais \u00e9galement de promouvoir l&rsquo;alternance entre des repas dites \u00ab\u00a0carn\u00e9s\u00a0\u00bb et \u00ab\u00a0v\u00e9g\u00e9tarienne\u00a0\u00bb. D&rsquo;un point de vue logisitique nous n&rsquo;avions pas la possiblit\u00e9 de faire une r\u00e9duction de tarif sur le ticket de caisse, mais de faire appara\u00eetre la diff\u00e9rence de tarif en \u00ab\u00a0suppl\u00e9ment\u00a0\u00bb.  <\/sub><\/p>\n\n\n<div class=\"wp-block-post-date__modified-date wp-block-post-date\"><time datetime=\"2025-10-16T14:29:50+02:00\">16 octobre 2025<\/time><\/div>","protected":false},"excerpt":{"rendered":"<p>Pour les personnes identifi\u00e9es* comme usager du RAK, la pr\u00e9sentation du badge approvisionn\u00e9 est obligatoire pour se restaurer. Il existe trois possibilit\u00e9s pour l&rsquo;approvisionner : Les diff\u00e9rents tarifs de repas sont les suivants : (juillet 2025) P=Plat, +1 ou +2 = +1 accompagnement ou + 2 accompagnements &nbsp; P+1 Suppl\u00e9ment P+2 Personnel AR 3,72 \u20ac [&hellip;]<\/p>\n","protected":false},"author":1,"featured_media":0,"parent":56,"menu_order":0,"comment_status":"closed","ping_status":"closed","template":"","meta":{"_acf_changed":false,"iawp_total_views":150,"footnotes":""},"class_list":["post-124","page","type-page","status-publish","hentry"],"acf":[],"_links":{"self":[{"href":"https:\/\/hub.imt-atlantique.fr\/rak\/index.php?rest_route=\/wp\/v2\/pages\/124","targetHints":{"allow":["GET"]}}],"collection":[{"href":"https:\/\/hub.imt-atlantique.fr\/rak\/index.php?rest_route=\/wp\/v2\/pages"}],"about":[{"href":"https:\/\/hub.imt-atlantique.fr\/rak\/index.php?rest_route=\/wp\/v2\/types\/page"}],"author":[{"embeddable":true,"href":"https:\/\/hub.imt-atlantique.fr\/rak\/index.php?rest_route=\/wp\/v2\/users\/1"}],"replies":[{"embeddable":true,"href":"https:\/\/hub.imt-atlantique.fr\/rak\/index.php?rest_route=%2Fwp%2Fv2%2Fcomments&post=124"}],"version-history":[{"count":22,"href":"https:\/\/hub.imt-atlantique.fr\/rak\/index.php?rest_route=\/wp\/v2\/pages\/124\/revisions"}],"predecessor-version":[{"id":728,"href":"https:\/\/hub.imt-atlantique.fr\/rak\/index.php?rest_route=\/wp\/v2\/pages\/124\/revisions\/728"}],"up":[{"embeddable":true,"href":"https:\/\/hub.imt-atlantique.fr\/rak\/index.php?rest_route=\/wp\/v2\/pages\/56"}],"wp:attachment":[{"href":"https:\/\/hub.imt-atlantique.fr\/rak\/index.php?rest_route=%2Fwp%2Fv2%2Fmedia&parent=124"}],"curies":[{"name":"wp","href":"https:\/\/api.w.org\/{rel}","templated":true}]}}