{"id":130,"date":"2022-07-13T08:38:30","date_gmt":"2022-07-13T06:38:30","guid":{"rendered":"https:\/\/hub.imt-atlantique.fr\/rak\/?page_id=130"},"modified":"2025-08-22T22:13:52","modified_gmt":"2025-08-22T20:13:52","slug":"ca-cs","status":"publish","type":"page","link":"https:\/\/hub.imt-atlantique.fr\/rak\/?page_id=130","title":{"rendered":"Structure du RAK"},"content":{"rendered":"\n<p>L&rsquo;association est compos\u00e9e de 3 coll\u00e8ges :<\/p>\n\n\n\n<ul class=\"wp-block-list\">\n<li>1er coll\u00e8ge : agents IMT Atlantique<\/li>\n\n\n\n<li>2\u00e8me coll\u00e8ge : \u00e9l\u00e8ves + doctorants<\/li>\n\n\n\n<li>3\u00e8me coll\u00e8ge : salari\u00e9s des entreprises adh\u00e9rentes <\/li>\n<\/ul>\n\n\n\n<div style=\"height:51px\" aria-hidden=\"true\" class=\"wp-block-spacer\"><\/div>\n\n\n\n<p>Des conventions sont mises en place avec :<\/p>\n\n\n\n<ul class=\"wp-block-list\">\n<li>IMT Atlantique pour les locaux et le fonctionnement<\/li>\n\n\n\n<li>Les soci\u00e9t\u00e9s environnantes pour l&rsquo;accueil des employ\u00e9s<\/li>\n\n\n\n<li>Le CROUS, pour l&rsquo;accueil des \u00e9tudiants des autres \u00e9tablissements du technop\u00f4le<\/li>\n<\/ul>\n\n\n\n<div style=\"height:40px\" aria-hidden=\"true\" class=\"wp-block-spacer\"><\/div>\n\n\n\n<figure class=\"wp-block-pullquote\"><blockquote><p>Composition du conseil d&rsquo;administration<\/p><\/blockquote><\/figure>\n\n\n\n<div class=\"wp-block-group has-small-font-size is-layout-flow wp-block-group-is-layout-flow\">\n<figure class=\"wp-block-table\"><table style=\"border-style:none;border-width:0px\"><tbody><tr><td>Pr\u00e9sident<\/td><td class=\"has-text-align-right\" data-align=\"right\">Dominique FRERE<\/td><\/tr><tr><td>Vice-Pr\u00e9sident<\/td><td class=\"has-text-align-right\" data-align=\"right\">Nathalie MARSCHAL<\/td><\/tr><tr><td>Tr\u00e9sori\u00e8re<\/td><td class=\"has-text-align-right\" data-align=\"right\">Virginie LETHIAIS<\/td><\/tr><tr><td>Tr\u00e9sorier Adjoint<\/td><td class=\"has-text-align-right\" data-align=\"right\">Fran\u00e7ois GALLEE<\/td><\/tr><tr><td>Secr\u00e9taire<\/td><td class=\"has-text-align-right\" data-align=\"right\">C\u00e9line FLOCH<\/td><\/tr><tr><td>Secr\u00e9taire adjointe<\/td><td class=\"has-text-align-right\" data-align=\"right\">Marlyse PRACHT<\/td><\/tr><tr><td>Membre Nomm\u00e9<\/td><td class=\"has-text-align-right\" data-align=\"right\">Jean-Louis de Bougrenet de la Tocnaye<\/td><\/tr><tr><td>Membre Nomm\u00e9e<\/td><td class=\"has-text-align-right\" data-align=\"right\">Eliane FONSECA<\/td><\/tr><tr><td>Membre Nomm\u00e9<\/td><td class=\"has-text-align-right\" data-align=\"right\">Laurence MALPOT<\/td><\/tr><tr><td>Membre Nomm\u00e9e<\/td><td class=\"has-text-align-right\" data-align=\"right\">Marie CAOUISSIN<\/td><\/tr><tr><td>Repr\u00e9sentante El\u00e8ves<\/td><td class=\"has-text-align-right\" data-align=\"right\">Roxanne ROY<\/td><\/tr><\/tbody><\/table><figcaption class=\"wp-element-caption\">2020-2024<\/figcaption><\/figure>\n<\/div>\n\n\n\n<div style=\"height:59px\" aria-hidden=\"true\" class=\"wp-block-spacer\"><\/div>\n\n\n\n<hr class=\"wp-block-separator has-alpha-channel-opacity\"\/>\n\n\n\n<figure class=\"wp-block-pullquote\"><blockquote><p>Composition de la comission de surveillance<\/p><\/blockquote><\/figure>\n\n\n\n<figure class=\"wp-block-table\"><table style=\"border-style:none;border-width:0px\"><tbody><tr><td>Pr\u00e9sidente<\/td><td class=\"has-text-align-right\" data-align=\"right\">Catherine HELLIO<\/td><\/tr><tr><td>Membre Elue<\/td><td class=\"has-text-align-right\" data-align=\"right\">Rebecca CLAYTON-BERNARD<\/td><\/tr><tr><td>Membre Nomm\u00e9e<\/td><td class=\"has-text-align-right\" data-align=\"right\">Christelle LAGADEC<\/td><\/tr><tr><td>Membre Elu<\/td><td class=\"has-text-align-right\" data-align=\"right\">Michel MORVAN<\/td><\/tr><\/tbody><\/table><figcaption class=\"wp-element-caption\">2020-2024<\/figcaption><\/figure>\n\n\n\n<div style=\"height:73px\" aria-hidden=\"true\" class=\"wp-block-spacer\"><\/div>\n\n\n\n<p>Pour les activit\u00e9s quotidiennes du RAK des commissions ont \u00e9t\u00e9 mises en places par th\u00e9matique :<\/p>\n\n\n\n<div class=\"wp-block-group is-nowrap is-layout-flex wp-container-core-group-is-layout-6c531013 wp-block-group-is-layout-flex\">\n<div class=\"wp-block-cover wp-container-content-69bc4bdf\" style=\"min-height:172px;aspect-ratio:unset;\"><img loading=\"lazy\" decoding=\"async\" width=\"640\" height=\"427\" class=\"wp-block-cover__image-background wp-image-474\" alt=\"\" src=\"https:\/\/hub.imt-atlantique.fr\/rak\/wp-content\/uploads\/2025\/08\/whole-grains-2234649_640.jpg\" data-object-fit=\"cover\" srcset=\"https:\/\/hub.imt-atlantique.fr\/rak\/wp-content\/uploads\/2025\/08\/whole-grains-2234649_640.jpg 640w, https:\/\/hub.imt-atlantique.fr\/rak\/wp-content\/uploads\/2025\/08\/whole-grains-2234649_640-300x200.jpg 300w\" sizes=\"auto, (max-width: 640px) 100vw, 640px\" \/><span aria-hidden=\"true\" class=\"wp-block-cover__background has-background-dim\"><\/span><div class=\"wp-block-cover__inner-container is-layout-flow wp-block-cover-is-layout-flow\">\n<p class=\"has-text-align-center has-large-font-size\">Restauration<\/p>\n<\/div><\/div>\n\n\n\n<div class=\"wp-block-cover\" style=\"min-height:175px;aspect-ratio:unset;\"><img loading=\"lazy\" decoding=\"async\" width=\"640\" height=\"580\" class=\"wp-block-cover__image-background wp-image-475\" alt=\"\" src=\"https:\/\/hub.imt-atlantique.fr\/rak\/wp-content\/uploads\/2025\/08\/speech-bubbles.jpg\" data-object-fit=\"cover\" srcset=\"https:\/\/hub.imt-atlantique.fr\/rak\/wp-content\/uploads\/2025\/08\/speech-bubbles.jpg 640w, https:\/\/hub.imt-atlantique.fr\/rak\/wp-content\/uploads\/2025\/08\/speech-bubbles-300x272.jpg 300w\" sizes=\"auto, (max-width: 640px) 100vw, 640px\" \/><span aria-hidden=\"true\" class=\"wp-block-cover__background has-background-dim\"><\/span><div class=\"wp-block-cover__inner-container is-layout-flow wp-block-cover-is-layout-flow\">\n<p class=\"has-text-align-center has-large-font-size\">Communication<\/p>\n<\/div><\/div>\n<\/div>\n\n\n\n<hr class=\"wp-block-separator has-alpha-channel-opacity\"\/>\n\n\n\n<p>Pour plus d&rsquo;information : rak-communication@imt-atlantique.fr<\/p>\n\n\n\n<p><\/p>\n","protected":false},"excerpt":{"rendered":"<p>L&rsquo;association est compos\u00e9e de 3 coll\u00e8ges : Des conventions sont mises en place avec : Composition du conseil d&rsquo;administration Pr\u00e9sident Dominique FRERE Vice-Pr\u00e9sident Nathalie MARSCHAL Tr\u00e9sori\u00e8re Virginie LETHIAIS Tr\u00e9sorier Adjoint Fran\u00e7ois GALLEE Secr\u00e9taire C\u00e9line FLOCH Secr\u00e9taire adjointe Marlyse PRACHT Membre Nomm\u00e9 Jean-Louis de Bougrenet de la Tocnaye Membre Nomm\u00e9e Eliane FONSECA Membre Nomm\u00e9 Laurence MALPOT [&hellip;]<\/p>\n","protected":false},"author":1,"featured_media":0,"parent":108,"menu_order":0,"comment_status":"closed","ping_status":"closed","template":"","meta":{"_acf_changed":false,"iawp_total_views":33,"footnotes":""},"class_list":["post-130","page","type-page","status-publish","hentry"],"acf":[],"_links":{"self":[{"href":"https:\/\/hub.imt-atlantique.fr\/rak\/index.php?rest_route=\/wp\/v2\/pages\/130","targetHints":{"allow":["GET"]}}],"collection":[{"href":"https:\/\/hub.imt-atlantique.fr\/rak\/index.php?rest_route=\/wp\/v2\/pages"}],"about":[{"href":"https:\/\/hub.imt-atlantique.fr\/rak\/index.php?rest_route=\/wp\/v2\/types\/page"}],"author":[{"embeddable":true,"href":"https:\/\/hub.imt-atlantique.fr\/rak\/index.php?rest_route=\/wp\/v2\/users\/1"}],"replies":[{"embeddable":true,"href":"https:\/\/hub.imt-atlantique.fr\/rak\/index.php?rest_route=%2Fwp%2Fv2%2Fcomments&post=130"}],"version-history":[{"count":12,"href":"https:\/\/hub.imt-atlantique.fr\/rak\/index.php?rest_route=\/wp\/v2\/pages\/130\/revisions"}],"predecessor-version":[{"id":603,"href":"https:\/\/hub.imt-atlantique.fr\/rak\/index.php?rest_route=\/wp\/v2\/pages\/130\/revisions\/603"}],"up":[{"embeddable":true,"href":"https:\/\/hub.imt-atlantique.fr\/rak\/index.php?rest_route=\/wp\/v2\/pages\/108"}],"wp:attachment":[{"href":"https:\/\/hub.imt-atlantique.fr\/rak\/index.php?rest_route=%2Fwp%2Fv2%2Fmedia&parent=130"}],"curies":[{"name":"wp","href":"https:\/\/api.w.org\/{rel}","templated":true}]}}