{"id":185,"date":"2022-07-13T08:52:52","date_gmt":"2022-07-13T06:52:52","guid":{"rendered":"https:\/\/hub.imt-atlantique.fr\/rak\/?page_id=185"},"modified":"2025-08-26T15:05:30","modified_gmt":"2025-08-26T13:05:30","slug":"contacts","status":"publish","type":"page","link":"https:\/\/hub.imt-atlantique.fr\/rak\/?page_id=185","title":{"rendered":"Contacts"},"content":{"rendered":"\n<h2 class=\"wp-block-heading\">Adresses mails :<\/h2>\n\n\n\n<p>rak-gerant@imt-atlantique.fr<\/p>\n\n\n\n<p>rak-communnication@imt-atlantique.fr<\/p>\n\n\n\n<p><\/p>\n\n\n\n<p class=\"is-style-default\"><strong>Pour tout renseignement, vous pouvez \u00e9galement appeler aux num\u00e9ros suivant :<\/strong><\/p>\n\n\n\n<figure class=\"wp-block-table\"><table><thead><tr><th>Num\u00e9ro<\/th><th>Noms<\/th><th>Fonctions<\/th><\/tr><\/thead><tbody><tr><td>02 29 00 10 96<\/td><td>M. Jean-Yves DENIEL<\/td><td>G\u00e9rant principal<\/td><\/tr><tr><td>02 29 00 13 03<\/td><td>M. S\u00e9bastien BLOT<\/td><td>G\u00e9rant adjoint<\/td><\/tr><tr><td>02 29 00 11 21<\/td><td>Mme Fabienne MIGNOT<\/td><td>Comptable<\/td><\/tr><\/tbody><\/table><\/figure>\n\n\n\n<div style=\"height:37px\" aria-hidden=\"true\" class=\"wp-block-spacer\"><\/div>\n\n\n\n<hr class=\"wp-block-separator has-alpha-channel-opacity\"\/>\n\n\n<div class=\"wp-block-post-date__modified-date wp-block-post-date\"><time datetime=\"2025-08-26T15:05:30+02:00\">26 ao\u00fbt 2025<\/time><\/div>","protected":false},"excerpt":{"rendered":"<p>Adresses mails : rak-gerant@imt-atlantique.fr rak-communnication@imt-atlantique.fr Pour tout renseignement, vous pouvez \u00e9galement appeler aux num\u00e9ros suivant : Num\u00e9ro Noms Fonctions 02 29 00 10 96 M. Jean-Yves DENIEL G\u00e9rant principal 02 29 00 13 03 M. S\u00e9bastien BLOT G\u00e9rant adjoint 02 29 00 11 21 Mme Fabienne MIGNOT Comptable<\/p>\n","protected":false},"author":4,"featured_media":0,"parent":0,"menu_order":0,"comment_status":"closed","ping_status":"closed","template":"","meta":{"_acf_changed":false,"iawp_total_views":31,"footnotes":""},"class_list":["post-185","page","type-page","status-publish","hentry"],"acf":[],"_links":{"self":[{"href":"https:\/\/hub.imt-atlantique.fr\/rak\/index.php?rest_route=\/wp\/v2\/pages\/185","targetHints":{"allow":["GET"]}}],"collection":[{"href":"https:\/\/hub.imt-atlantique.fr\/rak\/index.php?rest_route=\/wp\/v2\/pages"}],"about":[{"href":"https:\/\/hub.imt-atlantique.fr\/rak\/index.php?rest_route=\/wp\/v2\/types\/page"}],"author":[{"embeddable":true,"href":"https:\/\/hub.imt-atlantique.fr\/rak\/index.php?rest_route=\/wp\/v2\/users\/4"}],"replies":[{"embeddable":true,"href":"https:\/\/hub.imt-atlantique.fr\/rak\/index.php?rest_route=%2Fwp%2Fv2%2Fcomments&post=185"}],"version-history":[{"count":7,"href":"https:\/\/hub.imt-atlantique.fr\/rak\/index.php?rest_route=\/wp\/v2\/pages\/185\/revisions"}],"predecessor-version":[{"id":613,"href":"https:\/\/hub.imt-atlantique.fr\/rak\/index.php?rest_route=\/wp\/v2\/pages\/185\/revisions\/613"}],"wp:attachment":[{"href":"https:\/\/hub.imt-atlantique.fr\/rak\/index.php?rest_route=%2Fwp%2Fv2%2Fmedia&parent=185"}],"curies":[{"name":"wp","href":"https:\/\/api.w.org\/{rel}","templated":true}]}}