{"id":56,"date":"2025-08-20T11:34:58","date_gmt":"2025-08-20T09:34:58","guid":{"rendered":"https:\/\/hub.imt-atlantique.fr\/rak\/?page_id=56"},"modified":"2025-10-16T14:35:19","modified_gmt":"2025-10-16T12:35:19","slug":"prestations","status":"publish","type":"page","link":"https:\/\/hub.imt-atlantique.fr\/rak\/?page_id=56","title":{"rendered":"Prestations"},"content":{"rendered":"\n<h2 class=\"wp-block-heading\"><strong>RESTAURANT DU RAK<\/strong><\/h2>\n\n\n\n<div class=\"wp-block-group has-global-padding is-layout-constrained wp-block-group-is-layout-constrained\">\n<blockquote class=\"wp-block-quote is-layout-flow wp-block-quote-is-layout-flow\">\n<p>Afin d&rsquo;y avoir acc\u00e8s, il est n\u00e9cessaire que les comptes des usagers soient <strong>activ\u00e9s<\/strong> et <strong>approvisionn\u00e9s<\/strong>*.<\/p>\n<\/blockquote>\n<\/div>\n\n\n\n<hr class=\"wp-block-separator has-alpha-channel-opacity\"\/>\n\n\n\n<p class=\"has-text-align-center\"><mark style=\"background-color:#fff4fe\" class=\"has-inline-color\">Pour pouvoir accueillir tous nos convives, merci de na pas venir avec vos propres repas dans l&rsquo;espace restauration du Rak <\/mark><\/p>\n\n\n\n<p>Quelques exceptions des acc\u00e8s : <\/p>\n\n\n\n<ul class=\"wp-block-list\">\n<li>IMT Atlantique ainsi que les \u00e9tablissements sous convention peuvent permettre \u00e0 leurs invit\u00e9s d&rsquo;avoir des tickets repas comprenant un plat et 2 accompagnements. (paiement par bon de commande) <\/li>\n<\/ul>\n\n\n\n<p class=\"is-style-text-annotation is-style-text-annotation--1\">*Plus d&rsquo;information sur la <a href=\"https:\/\/hub.imt-atlantique.fr\/rak\/?page_id=124\">page tarif<\/a><\/p>\n\n\n\n<div class=\"wp-block-media-text is-stacked-on-mobile\" style=\"grid-template-columns:49% auto\"><figure class=\"wp-block-media-text__media\"><img loading=\"lazy\" decoding=\"async\" width=\"474\" height=\"355\" src=\"https:\/\/hub.imt-atlantique.fr\/rak\/wp-content\/uploads\/2025\/08\/Self.jpg\" alt=\"\" class=\"wp-image-456 size-full\" srcset=\"https:\/\/hub.imt-atlantique.fr\/rak\/wp-content\/uploads\/2025\/08\/Self.jpg 474w, https:\/\/hub.imt-atlantique.fr\/rak\/wp-content\/uploads\/2025\/08\/Self-300x225.jpg 300w\" sizes=\"auto, (max-width: 474px) 100vw, 474px\" \/><\/figure><div class=\"wp-block-media-text__content\">\n<p>Le Rak propose sous la forme de Self-service, midi et soir, du lundi au samedi, 3&nbsp; plats diff\u00e9rents (viande et\/ou poisson ou v\u00e9g\u00e9tarien) ainsi que de multiples accompagnements (entr\u00e9es chaudes et froides, fromages, desserts)<\/p>\n<\/div><\/div>\n\n\n\n<p>Les personnels ont une formule : P(Plat)+1 (accompagnement au choix) ou P+2<\/p>\n\n\n\n<p>Les \u00e9tudiants ont une formule : entr\u00e9e &#8211; plat &#8211; dessert<\/p>\n\n\n\n<p>Il est possible d\u2019opter pour un repas plus copieux P+3, voir p+4 (voir les tarifs)<\/p>\n\n\n\n<div class=\"wp-block-buttons is-content-justification-center is-layout-flex wp-container-core-buttons-is-layout-a89b3969 wp-block-buttons-is-layout-flex\">\n<div class=\"wp-block-button\"><a class=\"wp-block-button__link wp-element-button\" href=\"https:\/\/hub.imt-atlantique.fr\/rak\/wp-content\/uploads\/2025\/08\/Plan-interieur.jpg\">Plan du restaurant<\/a><\/div>\n<\/div>\n\n\n\n<hr class=\"wp-block-separator has-alpha-channel-opacity\"\/>\n\n\n\n<h2 class=\"wp-block-heading\"><strong>CAFETERIA<\/strong><\/h2>\n\n\n\n<p><\/p>\n\n\n\n<p>Une caf\u00e9t\u00e9ria est pr\u00e9sente au sein d&rsquo;IMT Atlantique, celle-ci pour des raisons de s\u00e9curit\u00e9 est accessible uniquement aux \u00e9tudiants, personnels et invit\u00e9s de l&rsquo;\u00e9tablissement.<\/p>\n\n\n\n<div class=\"wp-block-media-text is-stacked-on-mobile\"><figure class=\"wp-block-media-text__media\"><img loading=\"lazy\" decoding=\"async\" width=\"640\" height=\"366\" src=\"https:\/\/hub.imt-atlantique.fr\/rak\/wp-content\/uploads\/2025\/08\/cafeteria.jpg\" alt=\"\" class=\"wp-image-515 size-full\" srcset=\"https:\/\/hub.imt-atlantique.fr\/rak\/wp-content\/uploads\/2025\/08\/cafeteria.jpg 640w, https:\/\/hub.imt-atlantique.fr\/rak\/wp-content\/uploads\/2025\/08\/cafeteria-300x172.jpg 300w\" sizes=\"auto, (max-width: 640px) 100vw, 640px\" \/><\/figure><div class=\"wp-block-media-text__content\">\n<p>Il y est propos\u00e9 des snacks, boissons chaudes et froides, mais \u00e9galement des formules petit-d\u00e9jeuner ou d\u00e9jeuner<\/p>\n<\/div><\/div>\n\n\n\n<p><\/p>\n\n\n\n<hr class=\"wp-block-separator has-alpha-channel-opacity\"\/>\n\n\n\n<h2 class=\"wp-block-heading\"><strong>PRESTATIONS<\/strong><\/h2>\n\n\n\n<pre class=\"wp-block-code\"><code>En raison d'une restructuration interne suite \u00e0 l'ouverture des acc\u00e8s \u00e0 l'ensemble des \u00e9tudiants du technop\u00f4le au Rak, les prestations exceptionnelles sont momentan\u00e9ment indisponibles<\/code><\/pre>\n\n\n\n<p>Le rak peut \u00e9galement vous proposer des prestations pour vos \u00e9v\u00e9nements internes : buffets chauds ou froids, coktails, service en salle d&rsquo;h\u00f4te, ou encore pauses caf\u00e9.<\/p>\n\n\n\n<p>Nous r\u00e9pondons \u00e9galement aux demandes particuli\u00e8res en lien avec des \u00e9v\u00e9nements ou des projets ayant lieu durant l&rsquo;ann\u00e9e : f\u00eates de fin d&rsquo;ann\u00e9e, les semaines th\u00e9matiques comme pour le d\u00e9veloppement durable, \u00e9v\u00e9nements sportifs ou festifs et qui peuvent avoir lieu au restaurant. <\/p>\n\n\n\n<p>Exemples<\/p>\n\n\n\n<ul class=\"wp-block-list\">\n<li>Poulpy cup<\/li>\n\n\n\n<li>barbecue de fin d&rsquo;ann\u00e9e<\/li>\n\n\n\n<li>Journ\u00e9es anti-gaspi<\/li>\n<\/ul>\n\n\n\n<figure class=\"wp-block-gallery has-nested-images columns-default is-cropped wp-block-gallery-2 is-layout-flex wp-block-gallery-is-layout-flex\">\n<figure class=\"wp-block-image size-large\"><img loading=\"lazy\" decoding=\"async\" width=\"480\" height=\"360\" data-id=\"519\" src=\"https:\/\/hub.imt-atlantique.fr\/rak\/wp-content\/uploads\/2025\/08\/9A046974-1.jpg\" alt=\"\" class=\"wp-image-519\" srcset=\"https:\/\/hub.imt-atlantique.fr\/rak\/wp-content\/uploads\/2025\/08\/9A046974-1.jpg 480w, https:\/\/hub.imt-atlantique.fr\/rak\/wp-content\/uploads\/2025\/08\/9A046974-1-300x225.jpg 300w\" sizes=\"auto, (max-width: 480px) 100vw, 480px\" \/><\/figure>\n\n\n\n<figure class=\"wp-block-image size-large\"><img loading=\"lazy\" decoding=\"async\" width=\"480\" height=\"360\" data-id=\"520\" src=\"https:\/\/hub.imt-atlantique.fr\/rak\/wp-content\/uploads\/2025\/08\/BAAC4CE9-1.jpg\" alt=\"\" class=\"wp-image-520\" srcset=\"https:\/\/hub.imt-atlantique.fr\/rak\/wp-content\/uploads\/2025\/08\/BAAC4CE9-1.jpg 480w, https:\/\/hub.imt-atlantique.fr\/rak\/wp-content\/uploads\/2025\/08\/BAAC4CE9-1-300x225.jpg 300w\" sizes=\"auto, (max-width: 480px) 100vw, 480px\" \/><\/figure>\n\n\n\n<figure class=\"wp-block-image size-large\"><img loading=\"lazy\" decoding=\"async\" width=\"480\" height=\"360\" data-id=\"522\" src=\"https:\/\/hub.imt-atlantique.fr\/rak\/wp-content\/uploads\/2025\/08\/2E741CF4-1.jpg\" alt=\"\" class=\"wp-image-522\" srcset=\"https:\/\/hub.imt-atlantique.fr\/rak\/wp-content\/uploads\/2025\/08\/2E741CF4-1.jpg 480w, https:\/\/hub.imt-atlantique.fr\/rak\/wp-content\/uploads\/2025\/08\/2E741CF4-1-300x225.jpg 300w\" sizes=\"auto, (max-width: 480px) 100vw, 480px\" \/><\/figure>\n<\/figure>\n\n\n\n<div style=\"height:38px\" aria-hidden=\"true\" class=\"wp-block-spacer\"><\/div>\n\n\n\n<p><strong>Pour les demandes de prestation<\/strong> : rak-gerant@imt-atlantique.fr<\/p>\n\n\n\n<hr class=\"wp-block-separator has-alpha-channel-opacity\"\/>\n\n\n<div class=\"wp-block-post-date__modified-date wp-block-post-date\"><time datetime=\"2025-10-16T14:35:19+02:00\">16 octobre 2025<\/time><\/div>\n\n\n<p><\/p>\n","protected":false},"excerpt":{"rendered":"<p>RESTAURANT DU RAK Afin d&rsquo;y avoir acc\u00e8s, il est n\u00e9cessaire que les comptes des usagers soient activ\u00e9s et approvisionn\u00e9s*. Pour pouvoir accueillir tous nos convives, merci de na pas venir avec vos propres repas dans l&rsquo;espace restauration du Rak Quelques exceptions des acc\u00e8s : *Plus d&rsquo;information sur la page tarif Le Rak propose sous la [&hellip;]<\/p>\n","protected":false},"author":1,"featured_media":0,"parent":0,"menu_order":0,"comment_status":"closed","ping_status":"closed","template":"","meta":{"_acf_changed":false,"iawp_total_views":30,"footnotes":""},"class_list":["post-56","page","type-page","status-publish","hentry"],"acf":[],"_links":{"self":[{"href":"https:\/\/hub.imt-atlantique.fr\/rak\/index.php?rest_route=\/wp\/v2\/pages\/56","targetHints":{"allow":["GET"]}}],"collection":[{"href":"https:\/\/hub.imt-atlantique.fr\/rak\/index.php?rest_route=\/wp\/v2\/pages"}],"about":[{"href":"https:\/\/hub.imt-atlantique.fr\/rak\/index.php?rest_route=\/wp\/v2\/types\/page"}],"author":[{"embeddable":true,"href":"https:\/\/hub.imt-atlantique.fr\/rak\/index.php?rest_route=\/wp\/v2\/users\/1"}],"replies":[{"embeddable":true,"href":"https:\/\/hub.imt-atlantique.fr\/rak\/index.php?rest_route=%2Fwp%2Fv2%2Fcomments&post=56"}],"version-history":[{"count":18,"href":"https:\/\/hub.imt-atlantique.fr\/rak\/index.php?rest_route=\/wp\/v2\/pages\/56\/revisions"}],"predecessor-version":[{"id":730,"href":"https:\/\/hub.imt-atlantique.fr\/rak\/index.php?rest_route=\/wp\/v2\/pages\/56\/revisions\/730"}],"wp:attachment":[{"href":"https:\/\/hub.imt-atlantique.fr\/rak\/index.php?rest_route=%2Fwp%2Fv2%2Fmedia&parent=56"}],"curies":[{"name":"wp","href":"https:\/\/api.w.org\/{rel}","templated":true}]}}