{"id":662,"date":"2025-09-15T15:15:51","date_gmt":"2025-09-15T13:15:51","guid":{"rendered":"https:\/\/hub.imt-atlantique.fr\/rak\/?page_id=662"},"modified":"2025-09-15T15:18:36","modified_gmt":"2025-09-15T13:18:36","slug":"actualites","status":"publish","type":"page","link":"https:\/\/hub.imt-atlantique.fr\/rak\/?page_id=662","title":{"rendered":"Actualit\u00e9s"},"content":{"rendered":"\n<div class=\"wp-block-query alignfull is-layout-flow wp-block-query-is-layout-flow\">\n<div class=\"wp-block-group alignfull is-layout-flow wp-block-group-is-layout-flow\" style=\"padding-top:0;padding-right:0;padding-bottom:0;padding-left:0\"><ul style=\"text-transform:none;\" class=\"wp-block-post-template is-layout-flow wp-block-post-template-is-layout-flow\"><li class=\"wp-block-post post-766 post type-post status-publish format-standard hentry category-non-classe-fr\">\n\n<div class=\"wp-block-group is-layout-flow wp-block-group-is-layout-flow\" style=\"border-bottom-color:var(--wp--preset--color--contrast);border-bottom-width:1px\">\n<div class=\"wp-block-group is-content-justification-space-between is-nowrap is-layout-flex wp-container-core-group-is-layout-dd9de04e wp-block-group-is-layout-flex\" style=\"padding-top:16px;padding-right:16px;padding-bottom:16px;padding-left:16px\">\n<div class=\"wp-block-group is-nowrap is-layout-flex wp-container-core-group-is-layout-89a94f6a wp-block-group-is-layout-flex\">\n<p>\u2734\ufe0e<\/p>\n\n\n<div style=\"text-transform:uppercase; margin-top:0;margin-right:0;margin-bottom:0;margin-left:0;\" class=\"has-text-align-left has-link-color wp-elements-4003f76eccbf507a9e3d7e84a42ea154 wp-block-post-date has-text-color has-contrast-color has-small-font-size\"><time datetime=\"2026-02-12T15:04:39+01:00\">F\u00e9v 12, 2026<\/time><\/div><\/div>\n\n\n<div style=\"text-transform:uppercase\" class=\"taxonomy-category has-link-color wp-elements-d846021732facad792835971f80af878 wp-block-post-terms has-text-color has-contrast-color\"><span class=\"wp-block-post-terms__prefix\">\u2734\ufe0e <\/span><a href=\"https:\/\/hub.imt-atlantique.fr\/rak\/?cat=24\" rel=\"tag\">Non class\u00e9<\/a><\/div><\/div>\n<\/div>\n\n\n\n<div class=\"wp-block-group is-vertical is-layout-flex wp-container-core-group-is-layout-4bcb09c9 wp-block-group-is-layout-flex\" style=\"padding-top:16px;padding-right:16px;padding-bottom:var(--wp--preset--spacing--70);padding-left:16px\"><h2 style=\"font-size:clamp(2.712rem, 2.712rem + ((1vw - 0.2rem) * 3.903), 5.2rem);font-style:normal;font-weight:500;line-height:1.1;text-transform:uppercase; margin-top:0;margin-right:0;margin-bottom:0;margin-left:0;\" class=\"has-link-color wp-elements-eba6f7f6e0a9160611aa886fe4e31449 wp-block-post-title has-text-color has-contrast-color\"><a href=\"https:\/\/hub.imt-atlantique.fr\/rak\/?p=766\" target=\"_self\" >Travaux au RAK de 15 au 17 avril 2026<\/a><\/h2><\/div>\n\n<\/li><li class=\"wp-block-post post-760 post type-post status-publish format-standard hentry category-non-classe-fr\">\n\n<div class=\"wp-block-group is-layout-flow wp-block-group-is-layout-flow\" style=\"border-bottom-color:var(--wp--preset--color--contrast);border-bottom-width:1px\">\n<div class=\"wp-block-group is-content-justification-space-between is-nowrap is-layout-flex wp-container-core-group-is-layout-dd9de04e wp-block-group-is-layout-flex\" style=\"padding-top:16px;padding-right:16px;padding-bottom:16px;padding-left:16px\">\n<div class=\"wp-block-group is-nowrap is-layout-flex wp-container-core-group-is-layout-89a94f6a wp-block-group-is-layout-flex\">\n<p>\u2734\ufe0e<\/p>\n\n\n<div style=\"text-transform:uppercase; margin-top:0;margin-right:0;margin-bottom:0;margin-left:0;\" class=\"has-text-align-left has-link-color wp-elements-4003f76eccbf507a9e3d7e84a42ea154 wp-block-post-date has-text-color has-contrast-color has-small-font-size\"><time datetime=\"2026-02-11T15:30:34+01:00\">F\u00e9v 11, 2026<\/time><\/div><\/div>\n\n\n<div style=\"text-transform:uppercase\" class=\"taxonomy-category has-link-color wp-elements-d846021732facad792835971f80af878 wp-block-post-terms has-text-color has-contrast-color\"><span class=\"wp-block-post-terms__prefix\">\u2734\ufe0e <\/span><a href=\"https:\/\/hub.imt-atlantique.fr\/rak\/?cat=24\" rel=\"tag\">Non class\u00e9<\/a><\/div><\/div>\n<\/div>\n\n\n\n<div class=\"wp-block-group is-vertical is-layout-flex wp-container-core-group-is-layout-4bcb09c9 wp-block-group-is-layout-flex\" style=\"padding-top:16px;padding-right:16px;padding-bottom:var(--wp--preset--spacing--70);padding-left:16px\"><h2 style=\"font-size:clamp(2.712rem, 2.712rem + ((1vw - 0.2rem) * 3.903), 5.2rem);font-style:normal;font-weight:500;line-height:1.1;text-transform:uppercase; margin-top:0;margin-right:0;margin-bottom:0;margin-left:0;\" class=\"has-link-color wp-elements-eba6f7f6e0a9160611aa886fe4e31449 wp-block-post-title has-text-color has-contrast-color\"><a href=\"https:\/\/hub.imt-atlantique.fr\/rak\/?p=760\" target=\"_self\" >IMT Atlantique Caf\u00e9t\u00e9ria ferm\u00e9e le 12 f\u00e9vrier 2026<\/a><\/h2><\/div>\n\n<\/li><li class=\"wp-block-post post-748 post type-post status-publish format-standard has-post-thumbnail hentry category-non-classe-fr\">\n\n<div class=\"wp-block-group is-layout-flow wp-block-group-is-layout-flow\" style=\"border-bottom-color:var(--wp--preset--color--contrast);border-bottom-width:1px\">\n<div class=\"wp-block-group is-content-justification-space-between is-nowrap is-layout-flex wp-container-core-group-is-layout-dd9de04e wp-block-group-is-layout-flex\" style=\"padding-top:16px;padding-right:16px;padding-bottom:16px;padding-left:16px\">\n<div class=\"wp-block-group is-nowrap is-layout-flex wp-container-core-group-is-layout-89a94f6a wp-block-group-is-layout-flex\">\n<p>\u2734\ufe0e<\/p>\n\n\n<div style=\"text-transform:uppercase; margin-top:0;margin-right:0;margin-bottom:0;margin-left:0;\" class=\"has-text-align-left has-link-color wp-elements-4003f76eccbf507a9e3d7e84a42ea154 wp-block-post-date has-text-color has-contrast-color has-small-font-size\"><time datetime=\"2025-12-19T12:11:51+01:00\">D\u00e9c 19, 2025<\/time><\/div><\/div>\n\n\n<div style=\"text-transform:uppercase\" class=\"taxonomy-category has-link-color wp-elements-d846021732facad792835971f80af878 wp-block-post-terms has-text-color has-contrast-color\"><span class=\"wp-block-post-terms__prefix\">\u2734\ufe0e <\/span><a href=\"https:\/\/hub.imt-atlantique.fr\/rak\/?cat=24\" rel=\"tag\">Non class\u00e9<\/a><\/div><\/div>\n<\/div>\n\n\n\n<div class=\"wp-block-group is-vertical is-layout-flex wp-container-core-group-is-layout-4bcb09c9 wp-block-group-is-layout-flex\" style=\"padding-top:16px;padding-right:16px;padding-bottom:var(--wp--preset--spacing--70);padding-left:16px\"><h2 style=\"font-size:clamp(2.712rem, 2.712rem + ((1vw - 0.2rem) * 3.903), 5.2rem);font-style:normal;font-weight:500;line-height:1.1;text-transform:uppercase; margin-top:0;margin-right:0;margin-bottom:0;margin-left:0;\" class=\"has-link-color wp-elements-eba6f7f6e0a9160611aa886fe4e31449 wp-block-post-title has-text-color has-contrast-color\"><a href=\"https:\/\/hub.imt-atlantique.fr\/rak\/?p=748\" target=\"_self\" >Fermeture du 23\/12\/2025 au 04\/01\/2026<\/a><\/h2><\/div>\n\n<\/li><\/ul><\/div>\n\n\n\n<div class=\"wp-block-group is-layout-flow wp-block-group-is-layout-flow\" style=\"margin-top:0;margin-bottom:0;padding-top:var(--wp--preset--spacing--30);padding-right:16px;padding-bottom:var(--wp--preset--spacing--30);padding-left:16px\"><nav class=\"wp-block-query-pagination is-content-justification-left is-nowrap is-layout-flex wp-container-core-query-pagination-is-layout-fc9f69e7 wp-block-query-pagination-is-layout-flex\" aria-label=\"Pagination\">\n\n\n<a href=\"\/rak\/index.php?rest_route=%2Fwp%2Fv2%2Fpages%2F662&#038;query-31-page=2\" style=\"text-transform:uppercase;\" class=\"wp-block-query-pagination-next has-small-font-size\">Next<\/a>\n<\/nav><\/div>\n<\/div>\n","protected":false},"excerpt":{"rendered":"","protected":false},"author":16,"featured_media":0,"parent":0,"menu_order":0,"comment_status":"closed","ping_status":"closed","template":"","meta":{"_acf_changed":false,"iawp_total_views":11,"footnotes":""},"class_list":["post-662","page","type-page","status-publish","hentry"],"acf":[],"_links":{"self":[{"href":"https:\/\/hub.imt-atlantique.fr\/rak\/index.php?rest_route=\/wp\/v2\/pages\/662","targetHints":{"allow":["GET"]}}],"collection":[{"href":"https:\/\/hub.imt-atlantique.fr\/rak\/index.php?rest_route=\/wp\/v2\/pages"}],"about":[{"href":"https:\/\/hub.imt-atlantique.fr\/rak\/index.php?rest_route=\/wp\/v2\/types\/page"}],"author":[{"embeddable":true,"href":"https:\/\/hub.imt-atlantique.fr\/rak\/index.php?rest_route=\/wp\/v2\/users\/16"}],"replies":[{"embeddable":true,"href":"https:\/\/hub.imt-atlantique.fr\/rak\/index.php?rest_route=%2Fwp%2Fv2%2Fcomments&post=662"}],"version-history":[{"count":2,"href":"https:\/\/hub.imt-atlantique.fr\/rak\/index.php?rest_route=\/wp\/v2\/pages\/662\/revisions"}],"predecessor-version":[{"id":665,"href":"https:\/\/hub.imt-atlantique.fr\/rak\/index.php?rest_route=\/wp\/v2\/pages\/662\/revisions\/665"}],"wp:attachment":[{"href":"https:\/\/hub.imt-atlantique.fr\/rak\/index.php?rest_route=%2Fwp%2Fv2%2Fmedia&parent=662"}],"curies":[{"name":"wp","href":"https:\/\/api.w.org\/{rel}","templated":true}]}}